{"id":163206,"date":"2025-09-08T09:09:39","date_gmt":"2025-09-08T09:09:39","guid":{"rendered":"https:\/\/moto-oprema.com\/?post_type=product&#038;p=163206"},"modified":"2025-09-08T09:09:40","modified_gmt":"2025-09-08T09:09:40","slug":"shad-terra-tr37-tr48-nasloni-za-kovceg","status":"publish","type":"product","link":"https:\/\/moto-oprema.com\/hr\/Artikel\/shad-terra-tr37-tr48-nasloni-za-kovceg\/","title":{"rendered":"SHAD TERRA TR37 TR48 NASLONI ZA KOV\u010cEG"},"content":{"rendered":"<p>Nosa\u010d za kofer Terra. Set od 2 komada. Novi najbolji prijatelj za svakog putnika. Izra\u0111en od visokokvalitetne dvoelasti\u010dne ko\u017ee i visokou\u010dinkovitog poliuretanskog jastuka, \u0161to osigurava dug vijek trajanja \u010dak i u ekstremnim uvjetima.<\/p>\n","protected":false},"excerpt":{"rendered":"<p>Naslon za gornji kofer SHAD TR37 TR48<\/p>\n","protected":false},"featured_media":163202,"comment_status":"open","ping_status":"closed","template":"","meta":{"_acf_changed":false},"brand":[2990],"gender":[],"product_brand":[],"product_cat":[2730],"product_tag":[],"class_list":{"0":"post-163206","1":"product","2":"type-product","3":"status-publish","4":"has-post-thumbnail","6":"brand-shad-hr","7":"product_cat-koferi-i-torbe","9":"first","10":"instock","11":"sale","12":"taxable","13":"shipping-taxable","14":"purchasable","15":"product-type-simple"},"acf":[],"_links":{"self":[{"href":"https:\/\/moto-oprema.com\/hr\/wp-json\/wp\/v2\/product\/163206","targetHints":{"allow":["GET"]}}],"collection":[{"href":"https:\/\/moto-oprema.com\/hr\/wp-json\/wp\/v2\/product"}],"about":[{"href":"https:\/\/moto-oprema.com\/hr\/wp-json\/wp\/v2\/types\/product"}],"replies":[{"embeddable":true,"href":"https:\/\/moto-oprema.com\/hr\/wp-json\/wp\/v2\/comments?post=163206"}],"wp:featuredmedia":[{"embeddable":true,"href":"https:\/\/moto-oprema.com\/hr\/wp-json\/wp\/v2\/media\/163202"}],"wp:attachment":[{"href":"https:\/\/moto-oprema.com\/hr\/wp-json\/wp\/v2\/media?parent=163206"}],"wp:term":[{"taxonomy":"brand","embeddable":true,"href":"https:\/\/moto-oprema.com\/hr\/wp-json\/wp\/v2\/brand?post=163206"},{"taxonomy":"gender","embeddable":true,"href":"https:\/\/moto-oprema.com\/hr\/wp-json\/wp\/v2\/gender?post=163206"},{"taxonomy":"product_brand","embeddable":true,"href":"https:\/\/moto-oprema.com\/hr\/wp-json\/wp\/v2\/product_brand?post=163206"},{"taxonomy":"product_cat","embeddable":true,"href":"https:\/\/moto-oprema.com\/hr\/wp-json\/wp\/v2\/product_cat?post=163206"},{"taxonomy":"product_tag","embeddable":true,"href":"https:\/\/moto-oprema.com\/hr\/wp-json\/wp\/v2\/product_tag?post=163206"}],"curies":[{"name":"wp","href":"https:\/\/api.w.org\/{rel}","templated":true}]}}