{"id":163110,"date":"2025-09-08T08:22:06","date_gmt":"2025-09-08T08:22:06","guid":{"rendered":"https:\/\/moto-oprema.com\/?post_type=product&#038;p=163110"},"modified":"2025-09-08T08:57:41","modified_gmt":"2025-09-08T08:57:41","slug":"shad-terra-tr46-lijeva-aluminijska-bocna-kutijica-srebrna-kopija","status":"publish","type":"product","link":"https:\/\/moto-oprema.com\/hr\/Artikel\/shad-terra-tr46-lijeva-aluminijska-bocna-kutijica-srebrna-kopija\/","title":{"rendered":"SHAD TERRA TR47 LIJEVA ALUMINIJSKA BO\u010cNA KUTIJA CRNA"},"content":{"rendered":"<p>Bo\u010dni kofer TR47LB u potpunosti je dizajniran, razvijen i proizveden u Barceloni. Ima mjesta za jednu kacigu (Trail) ili dvije kacige (Flip-up i jet). Izra\u0111en je od kaljene aluminijske legure, ja\u010de i lak\u0161e vrste aluminija koja omogu\u0107uje smanjenje presjeka na 1,2 mm, \u010dime se posti\u017ee minimalna te\u017eina i maksimalna otpornost. Uklju\u010duje patentirani &#8220;TERRA Lock System&#8221;.   <\/p>\n<p>Patentirani &#8220;TERRA Lock System&#8221;. Uklju\u010duje mehanizam zaklju\u010davanja i uvla\u010divu ru\u010dku za no\u0161enje. Dizajniran za brzu upotrebu jednom rukom, omogu\u0107uju\u0107i korisniku otvaranje, zatvaranje, postavljanje i uklanjanje kutije u samo nekoliko sekundi.  <\/p>\n<p>Ima aerodinami\u010dnu, integriranu strukturu izra\u0111enu od kaljene aluminijske legure.<\/p>\n<p>Bo\u010dno otvaranje: idealno za &#8220;pakiranje&#8221;, s puno kapaciteta i prostora te unutarnjom ladicom koja vam omogu\u0107uje pohranu stvari, odr\u017eavaju\u0107i ih organiziranima i sprje\u010davaju\u0107i njihovo ispadanje kada otvorite kofer.<\/p>\n<p>Gumena brtva ku\u0107i\u0161ta \u0161titi unutra\u0161njost od nepovoljnih vremenskih uvjeta (vodootpornost).<\/p>\n<p>Klju\u010devi i mehanizam cilindri\u010dne brave nova su premium verzija SHAD-a, sa sustavom koji smanjuje mogu\u0107nost kra\u0111e. I poklopcem koji sprje\u010dava ulazak pra\u0161ine. (Klju\u010devi i cilindar uklju\u010deni su samo u desnoj kutijici).  <\/p>\n<p>Kompatibilan sa SHAD 4P sustavom.<\/p>\n<p>Veli\u010dina: 49,5\/41,8\/34,5 cm.<\/p>\n<p>Maksimalno preporu\u010deno optere\u0107enje: 10 kg.<\/p>\n<p>100% dizajnirano i proizvedeno u Barceloni.<\/p>\n<p>Pribor (nije uklju\u010den): pro\u0161iriva unutarnja torba (X0IB47), unutarnja mre\u017eica (X0TR01).<\/p>\n<p>&nbsp;<\/p>\n","protected":false},"excerpt":{"rendered":"<p>SHAD TR47 aluminijski bo\u010dni kofer za motocikl<\/p>\n","protected":false},"featured_media":163134,"comment_status":"open","ping_status":"closed","template":"","meta":{"_acf_changed":false},"brand":[],"gender":[],"product_brand":[],"product_cat":[2730,2729],"product_tag":[],"class_list":{"0":"post-163110","1":"product","2":"type-product","3":"status-publish","4":"has-post-thumbnail","6":"product_cat-koferi-i-torbe","7":"product_cat-pribor","9":"first","10":"onbackorder","11":"sale","12":"taxable","13":"shipping-taxable","14":"purchasable","15":"product-type-simple"},"acf":[],"_links":{"self":[{"href":"https:\/\/moto-oprema.com\/hr\/wp-json\/wp\/v2\/product\/163110","targetHints":{"allow":["GET"]}}],"collection":[{"href":"https:\/\/moto-oprema.com\/hr\/wp-json\/wp\/v2\/product"}],"about":[{"href":"https:\/\/moto-oprema.com\/hr\/wp-json\/wp\/v2\/types\/product"}],"replies":[{"embeddable":true,"href":"https:\/\/moto-oprema.com\/hr\/wp-json\/wp\/v2\/comments?post=163110"}],"wp:featuredmedia":[{"embeddable":true,"href":"https:\/\/moto-oprema.com\/hr\/wp-json\/wp\/v2\/media\/163134"}],"wp:attachment":[{"href":"https:\/\/moto-oprema.com\/hr\/wp-json\/wp\/v2\/media?parent=163110"}],"wp:term":[{"taxonomy":"brand","embeddable":true,"href":"https:\/\/moto-oprema.com\/hr\/wp-json\/wp\/v2\/brand?post=163110"},{"taxonomy":"gender","embeddable":true,"href":"https:\/\/moto-oprema.com\/hr\/wp-json\/wp\/v2\/gender?post=163110"},{"taxonomy":"product_brand","embeddable":true,"href":"https:\/\/moto-oprema.com\/hr\/wp-json\/wp\/v2\/product_brand?post=163110"},{"taxonomy":"product_cat","embeddable":true,"href":"https:\/\/moto-oprema.com\/hr\/wp-json\/wp\/v2\/product_cat?post=163110"},{"taxonomy":"product_tag","embeddable":true,"href":"https:\/\/moto-oprema.com\/hr\/wp-json\/wp\/v2\/product_tag?post=163110"}],"curies":[{"name":"wp","href":"https:\/\/api.w.org\/{rel}","templated":true}]}}