{"id":162916,"date":"2025-09-04T09:34:07","date_gmt":"2025-09-04T09:34:07","guid":{"rendered":"https:\/\/moto-oprema.com\/?post_type=product&#038;p=162916"},"modified":"2025-09-04T09:41:22","modified_gmt":"2025-09-04T09:41:22","slug":"shad-aluminijsko-kuciste-tr38-sivo-kopija","status":"publish","type":"product","link":"https:\/\/moto-oprema.com\/hr\/Artikel\/shad-aluminijsko-kuciste-tr38-sivo-kopija\/","title":{"rendered":"SHAD ALUMINIJSKO KU\u0106I\u0160TE TR38B CRNA"},"content":{"rendered":"<p>Gornji kofer TR48 u potpunosti je dizajniran, razvijen i proizveden u Barceloni, s volumenom za jednu kacigu (Trail) ili 2 kacige (Flip-up i jet). Izra\u0111en je od kaljene aluminijske legure, ja\u010de i lak\u0161e vrste aluminija koja omogu\u0107uje smanjenje presjeka na 1,2 mm kako bi se postigla minimalna te\u017eina uz maksimalnu otpornost. Uklju\u010duje patentirani &#8220;TERRA Lock System&#8221;.  <\/p>\n<ul>\n<li>Kapacitet za 1 kacigu (Trail) ili 2 kacige (Flip-up i Jet).<\/li>\n<li>Patentirani &#8220;TERRA Lock System&#8221;. Uklju\u010duje mehanizam zaklju\u010davanja i uvla\u010divu ru\u010dku za no\u0161enje. Dizajniran za brzu upotrebu jednom rukom, omogu\u0107uju\u0107i korisniku otvaranje, zatvaranje, postavljanje i uklanjanje kutije u samo nekoliko sekundi.  <\/li>\n<li>Ima aerodinami\u010dnu, integriranu strukturu izra\u0111enu od kaljene aluminijske legure.<\/li>\n<li>Unutarnja pjenasta baza koja smanjuje pomicanje unutarnjeg tereta.<\/li>\n<li>Gumom zabrtvljeni okvir ku\u0107i\u0161ta \u0161titi unutra\u0161njost od nepovoljnih vremenskih uvjeta (vodootpornost).<\/li>\n<li>Mogu\u0107nost dodavanja dodatnog tereta zahvaljuju\u0107i vanjskim kukama izra\u0111enim od nehr\u0111aju\u0107eg \u010delika AISI 304.<\/li>\n<li><strong>Zahtijeva ugradnju SHAD Top Mastera i monta\u017ene plo\u010de (nije uklju\u010dena). Tri opcije monta\u017ene plo\u010de: standardna SHAD plo\u010da (D1B591PA), aluminijska monta\u017ena plo\u010da ili crna aluminijska monta\u017ena plo\u010da (D1BTRPA2). <\/strong><\/li>\n<li>Klju\u010devi i cilindri\u010dne brave su nove vrhunske SHAD verzije, sa sustavom koji smanjuje mogu\u0107nost kra\u0111e i s poklopcem koji sprje\u010dava ulazak pra\u0161ine. Brave se mogu lako zamijeniti: gornja i bo\u010dna ku\u0107i\u0161ta mogu se ujediniti za kori\u0161tenje s jednim klju\u010dem. <\/li>\n<li>\n<\/li>\n<\/ul>\n<p>Veli\u010dina: 49,5\/41,8\/32,2 cm.<br \/>\n Maksimalno preporu\u010deno optere\u0107enje: 10 kg.<\/p>\n<p>Pribor: Dodatni dvodijelni naslon (D0RI75) izra\u0111en od dva sloja poliuretanske pjene, prekriven sinteti\u010dkom ko\u017eom s dvije teksture, \u0161to osigurava potpunu udobnost za putnika. Unutarnja torba (X0IB47). Prona\u0111ite pribor za pojedina\u010dne proizvode na web stranici SHAD.es kako biste pobolj\u0161ali svoje iskustvo vo\u017enje.<\/p>\n","protected":false},"excerpt":{"rendered":"<p>SHAD TR48 aluminijsko ku\u0107i\u0161te za motocikl bez monta\u017ene plo\u010de<\/p>\n","protected":false},"featured_media":162928,"comment_status":"open","ping_status":"closed","template":"","meta":{"_acf_changed":false},"brand":[2990],"gender":[],"product_brand":[],"product_cat":[2730,2729],"product_tag":[],"class_list":{"0":"post-162916","1":"product","2":"type-product","3":"status-publish","4":"has-post-thumbnail","6":"brand-shad-hr","7":"product_cat-koferi-i-torbe","8":"product_cat-pribor","10":"first","11":"onbackorder","12":"sale","13":"taxable","14":"shipping-taxable","15":"purchasable","16":"product-type-simple"},"acf":[],"_links":{"self":[{"href":"https:\/\/moto-oprema.com\/hr\/wp-json\/wp\/v2\/product\/162916","targetHints":{"allow":["GET"]}}],"collection":[{"href":"https:\/\/moto-oprema.com\/hr\/wp-json\/wp\/v2\/product"}],"about":[{"href":"https:\/\/moto-oprema.com\/hr\/wp-json\/wp\/v2\/types\/product"}],"replies":[{"embeddable":true,"href":"https:\/\/moto-oprema.com\/hr\/wp-json\/wp\/v2\/comments?post=162916"}],"wp:featuredmedia":[{"embeddable":true,"href":"https:\/\/moto-oprema.com\/hr\/wp-json\/wp\/v2\/media\/162928"}],"wp:attachment":[{"href":"https:\/\/moto-oprema.com\/hr\/wp-json\/wp\/v2\/media?parent=162916"}],"wp:term":[{"taxonomy":"brand","embeddable":true,"href":"https:\/\/moto-oprema.com\/hr\/wp-json\/wp\/v2\/brand?post=162916"},{"taxonomy":"gender","embeddable":true,"href":"https:\/\/moto-oprema.com\/hr\/wp-json\/wp\/v2\/gender?post=162916"},{"taxonomy":"product_brand","embeddable":true,"href":"https:\/\/moto-oprema.com\/hr\/wp-json\/wp\/v2\/product_brand?post=162916"},{"taxonomy":"product_cat","embeddable":true,"href":"https:\/\/moto-oprema.com\/hr\/wp-json\/wp\/v2\/product_cat?post=162916"},{"taxonomy":"product_tag","embeddable":true,"href":"https:\/\/moto-oprema.com\/hr\/wp-json\/wp\/v2\/product_tag?post=162916"}],"curies":[{"name":"wp","href":"https:\/\/api.w.org\/{rel}","templated":true}]}}