{"id":162863,"date":"2025-09-04T08:09:02","date_gmt":"2025-09-04T08:09:02","guid":{"rendered":"https:\/\/moto-oprema.com\/?post_type=product&#038;p=162863"},"modified":"2025-09-04T08:34:15","modified_gmt":"2025-09-04T08:34:15","slug":"shad-torbica-sh48-crna-tamno-siva-s-naslonom-kopija","status":"publish","type":"product","link":"https:\/\/moto-oprema.com\/hr\/Artikel\/shad-torbica-sh48-crna-tamno-siva-s-naslonom-kopija\/","title":{"rendered":"SHAD ALUMINIJSKO KUTIJI\u0160TE TR37 SIVO"},"content":{"rendered":"<p>Gornji kov\u010deg TR37 u potpunosti je dizajniran, razvijen i proizveden u Barceloni. Izra\u0111en je od kaljene aluminijske legure, ja\u010de i lak\u0161e vrste aluminija koja omogu\u0107uje smanjenje presjeka na 1,2 mm, \u010dime se posti\u017ee minimalna te\u017eina i maksimalna otpornost. Uklju\u010duje patentirani &#8220;TERRA Lock System&#8221;.  <\/p>\n<p>Zna\u010dajke:<\/p>\n<ul>\n<li>Patentirani sustav &#8220;TERRA Lock&#8221;. Uklju\u010duje mehanizam zaklju\u010davanja i uvla\u010divu ru\u010dku za no\u0161enje. Dizajniran za brzu upotrebu jednom rukom, omogu\u0107uju\u0107i korisniku otvaranje, zatvaranje, postavljanje i uklanjanje kutije u samo nekoliko sekundi.  <\/li>\n<li>Ima aerodinami\u010dnu, integriranu strukturu izra\u0111enu od kaljene aluminijske legure.<\/li>\n<li>Unutarnja pjenasta baza koja smanjuje pomicanje unutarnjeg tereta.<\/li>\n<li>Gumom zabrtvljeni okvir ku\u0107i\u0161ta \u0161titi unutra\u0161njost od nepovoljnih vremenskih uvjeta (vodootpornost).<\/li>\n<li>Mogu\u0107nost dodavanja dodatnog tereta zahvaljuju\u0107i vanjskim kukama izra\u0111enim od nehr\u0111aju\u0107eg \u010delika AISI 304.<\/li>\n<li><strong>Zahtijeva ugradnju SHAD Top Mastera i monta\u017ene plo\u010de (nije uklju\u010dena). Tri opcije monta\u017ene plo\u010de: standardna SHAD plo\u010da (D1B591PA), aluminijska monta\u017ena plo\u010da ili crna aluminijska monta\u017ena plo\u010da (D1BTRPA2) <\/strong>.<\/li>\n<li>Klju\u010devi i cilindri\u010dne brave su nove vrhunske SHAD verzije, sa sustavom koji smanjuje mogu\u0107nost kra\u0111e i poklopcem koji sprje\u010dava ulazak pra\u0161ine. Brave se mogu lako zamijeniti: gornja i bo\u010dna ku\u0107i\u0161ta mogu se ujediniti za kori\u0161tenje s jednim klju\u010dem. <\/li>\n<li>\n<\/li>\n<\/ul>\n<p>Veli\u010dina: 49,5\/41,8\/25,9 cm.<br \/>\n Maksimalno preporu\u010deno optere\u0107enje: 10 kg.<\/p>\n<p>Dodatna oprema:<\/p>\n<p>Dodatni dvodijelni naslon (D0RI75) izra\u0111en od dva sloja poliuretanske pjene, prekriven sinteti\u010dkom ko\u017eom s dvije teksture, osigurava potpunu udobnost za putnika. Unutarnja torba (X0IB47).<\/p>\n","protected":false},"excerpt":{"rendered":"<p>SHAD TR37 aluminijsko ku\u0107i\u0161te za motocikl bez monta\u017ene plo\u010de<\/p>\n","protected":false},"featured_media":162867,"comment_status":"open","ping_status":"closed","template":"","meta":{"_acf_changed":false},"brand":[2990],"gender":[],"product_brand":[],"product_cat":[2730,2729],"product_tag":[],"class_list":{"0":"post-162863","1":"product","2":"type-product","3":"status-publish","4":"has-post-thumbnail","6":"brand-shad-hr","7":"product_cat-koferi-i-torbe","8":"product_cat-pribor","10":"first","11":"onbackorder","12":"sale","13":"taxable","14":"shipping-taxable","15":"purchasable","16":"product-type-simple"},"acf":[],"_links":{"self":[{"href":"https:\/\/moto-oprema.com\/hr\/wp-json\/wp\/v2\/product\/162863","targetHints":{"allow":["GET"]}}],"collection":[{"href":"https:\/\/moto-oprema.com\/hr\/wp-json\/wp\/v2\/product"}],"about":[{"href":"https:\/\/moto-oprema.com\/hr\/wp-json\/wp\/v2\/types\/product"}],"replies":[{"embeddable":true,"href":"https:\/\/moto-oprema.com\/hr\/wp-json\/wp\/v2\/comments?post=162863"}],"wp:featuredmedia":[{"embeddable":true,"href":"https:\/\/moto-oprema.com\/hr\/wp-json\/wp\/v2\/media\/162867"}],"wp:attachment":[{"href":"https:\/\/moto-oprema.com\/hr\/wp-json\/wp\/v2\/media?parent=162863"}],"wp:term":[{"taxonomy":"brand","embeddable":true,"href":"https:\/\/moto-oprema.com\/hr\/wp-json\/wp\/v2\/brand?post=162863"},{"taxonomy":"gender","embeddable":true,"href":"https:\/\/moto-oprema.com\/hr\/wp-json\/wp\/v2\/gender?post=162863"},{"taxonomy":"product_brand","embeddable":true,"href":"https:\/\/moto-oprema.com\/hr\/wp-json\/wp\/v2\/product_brand?post=162863"},{"taxonomy":"product_cat","embeddable":true,"href":"https:\/\/moto-oprema.com\/hr\/wp-json\/wp\/v2\/product_cat?post=162863"},{"taxonomy":"product_tag","embeddable":true,"href":"https:\/\/moto-oprema.com\/hr\/wp-json\/wp\/v2\/product_tag?post=162863"}],"curies":[{"name":"wp","href":"https:\/\/api.w.org\/{rel}","templated":true}]}}