{"id":162517,"date":"2025-09-02T10:17:05","date_gmt":"2025-09-02T10:17:05","guid":{"rendered":"https:\/\/moto-oprema.com\/?post_type=product&#038;p=162517"},"modified":"2025-09-02T10:23:29","modified_gmt":"2025-09-02T10:23:29","slug":"alpinestars-mx-hlace-techstar-nomur-crne-bijele-crvene-26-kopija","status":"publish","type":"product","link":"https:\/\/moto-oprema.com\/hr\/Artikel\/alpinestars-mx-hlace-techstar-nomur-crne-bijele-crvene-26-kopija\/","title":{"rendered":"ALPINESTARS MX HLA\u010cE TECHSTAR NOMUR NARAN\u010cASTE \u017dUTE ROZNE 26"},"content":{"rendered":"<p>Linija Techstar nudi optimalnu kombinaciju performansi i izdr\u017eljivosti. Dizajnirane za natjecanja visoke razine na svim terenima, hla\u010de imaju vi\u0161ematerijalnu konstrukciju koja pru\u017ea najvi\u0161u razinu ventilacije i rastezljivosti za izvrsnu slobodu kretanja. Lagane Techstar Nomur hla\u010de sportskog kroja za natjecanja uklju\u010duju inovativne zna\u010dajke poput magnetske kop\u010de SX2 i napredne 3D Babel konstrukcije koljena, koje zna\u010dajno pove\u0107avaju ventilaciju, fleksibilnost i slobodu kretanja.  <\/p>\n<p>Zna\u010dajke<\/p>\n<ul>\n<li>Izdr\u017eljiva elasti\u010dna konstrukcija: Hla\u010de Techstar Nomur imaju oja\u010danu konstrukciju izra\u0111enu od izdr\u017eljivog 600 D poliestera i elasti\u010dnog ripstop materijala.<\/li>\n<li>Ergonomski kroj dizajniran za performanse: Ergonomski dizajniran trka\u0107i kroj s optimiziranim vi\u0161epanelnim uzorkom osje\u0107a se kao druga ko\u017ea i pru\u017ea vrhunsku slobodu kretanja i izvrsnu mobilnost.<\/li>\n<\/ul>\n<p>Konstrukcija<\/p>\n<ul>\n<li>Hla\u010de Techstar Nomur izra\u0111ene su od izdr\u017eljivog 600D poliestera s premazom i napredne mje\u0161avine rastezljivog ripstop materijala iz linije Supertech, \u0161to pru\u017ea pobolj\u0161anu rastezljivost i izdr\u017eljivost, s izdr\u017eljivim materijalom koji se raste\u017ee u 4 smjera na sjedalu, bedrima i gornjem dijelu koljena.<\/li>\n<li>Jednoslojna konstrukcija, dizajnirana za performanse, i bez podstave pru\u017eaju pobolj\u0161anu nosivost, vrhunsku udobnost i manju te\u017einu, \u0161to olak\u0161ava stavljanje i skidanje, \u010dak i kada nosite ortoze za koljena ili \u0161titnike za koljena.<\/li>\n<li>Na sjedalu i koljenima koriste se oja\u010dani materijali za ve\u0107u izdr\u017eljivost.<\/li>\n<li>Inovativna, redizajnirana konstrukcija Babel umetka za koljena za optimalnu fleksibilnost, dodatnu ventilaciju i maksimalnu udobnost voza\u010da.<\/li>\n<li>Sigurna i brza samozatvaraju\u0107a magnetska SX2 kop\u010da za optimalno zatvaranje pojasa.<\/li>\n<li>Strate\u0161ki postavljene laserske perforacije za dodatni protok zraka i optimalnu ventilaciju.<\/li>\n<li>Unutarnja koljena od kozje ko\u017ee za vrhunski osje\u0107aj i izdr\u017eljivost.<\/li>\n<li>Elasti\u010dni pojas sa silikonskim unutarnjim pojasom dr\u017ei hla\u010de sigurno na mjestu.<\/li>\n<li>Prekriveni patentni zatvara\u010d za izdr\u017eljivost.<\/li>\n<li>Potpuna kompatibilnost s Alpinestars MX dresovima.<\/li>\n<\/ul>\n","protected":false},"excerpt":{"rendered":"<p>Alpinestars Techstar Nomur hla\u010de<\/p>\n","protected":false},"featured_media":162165,"comment_status":"open","ping_status":"closed","template":"","meta":{"_acf_changed":false},"brand":[2748],"gender":[1313],"product_brand":[],"product_cat":[2737,2733],"product_tag":[],"class_list":{"0":"post-162517","1":"product","2":"type-product","3":"status-publish","4":"has-post-thumbnail","6":"brand-alpinestars-hr","7":"gender-moski","8":"product_cat-mx-hlace-hr","9":"product_cat-oprema-za-motokros","10":"pa_size-28-hr","11":"pa_size-30-hr","12":"pa_size-32-hr","13":"pa_size-34-hr","14":"pa_size-36-hr","15":"pa_size-38-hr","16":"pa_size-40-hr","18":"first","19":"instock","20":"sale","21":"taxable","22":"shipping-taxable","23":"purchasable","24":"product-type-variable"},"acf":[],"_links":{"self":[{"href":"https:\/\/moto-oprema.com\/hr\/wp-json\/wp\/v2\/product\/162517","targetHints":{"allow":["GET"]}}],"collection":[{"href":"https:\/\/moto-oprema.com\/hr\/wp-json\/wp\/v2\/product"}],"about":[{"href":"https:\/\/moto-oprema.com\/hr\/wp-json\/wp\/v2\/types\/product"}],"replies":[{"embeddable":true,"href":"https:\/\/moto-oprema.com\/hr\/wp-json\/wp\/v2\/comments?post=162517"}],"wp:featuredmedia":[{"embeddable":true,"href":"https:\/\/moto-oprema.com\/hr\/wp-json\/wp\/v2\/media\/162165"}],"wp:attachment":[{"href":"https:\/\/moto-oprema.com\/hr\/wp-json\/wp\/v2\/media?parent=162517"}],"wp:term":[{"taxonomy":"brand","embeddable":true,"href":"https:\/\/moto-oprema.com\/hr\/wp-json\/wp\/v2\/brand?post=162517"},{"taxonomy":"gender","embeddable":true,"href":"https:\/\/moto-oprema.com\/hr\/wp-json\/wp\/v2\/gender?post=162517"},{"taxonomy":"product_brand","embeddable":true,"href":"https:\/\/moto-oprema.com\/hr\/wp-json\/wp\/v2\/product_brand?post=162517"},{"taxonomy":"product_cat","embeddable":true,"href":"https:\/\/moto-oprema.com\/hr\/wp-json\/wp\/v2\/product_cat?post=162517"},{"taxonomy":"product_tag","embeddable":true,"href":"https:\/\/moto-oprema.com\/hr\/wp-json\/wp\/v2\/product_tag?post=162517"}],"curies":[{"name":"wp","href":"https:\/\/api.w.org\/{rel}","templated":true}]}}