{"id":161748,"date":"2025-09-02T08:29:42","date_gmt":"2025-09-02T08:29:42","guid":{"rendered":"https:\/\/moto-oprema.com\/?post_type=product&#038;p=161748"},"modified":"2025-09-02T08:32:45","modified_gmt":"2025-09-02T08:32:45","slug":"alpinestars-mx-dres-techstar-nomur-tamnoplava-narancasta-ucla-plava-26-kopija","status":"publish","type":"product","link":"https:\/\/moto-oprema.com\/hr\/Artikel\/alpinestars-mx-dres-techstar-nomur-tamnoplava-narancasta-ucla-plava-26-kopija\/","title":{"rendered":"ALPINESTARS MX DRES TECHSTAR NOMUR NARAN\u010cASTA \u017dUTA ROZOVA 26"},"content":{"rendered":"<p>Linija Techstar nudi optimalnu kombinaciju performansi i izdr\u017eljivosti. Dizajnirana za natjecanja visoke razine na svim terenima, dres nudi kroj i pristajanje izvedene iz trka\u0107ih dresova. Vi\u0161ematerijalna konstrukcija dresa pru\u017ea najvi\u0161u razinu ventilacije i rastezljivosti za izvrsnu slobodu kretanja.  <\/p>\n<p>Klju\u010dne zna\u010dajke<\/p>\n<ul>\n<li>Atletski kroj za utrke i ergonomski dizajn: Lagana Techstar Nomur majica kratkih rukava s atletskim krojem za utrke ima a\u017euriranu vi\u0161ematerijalnu konstrukciju s precizno pode\u0161enim rastezanjem.<\/li>\n<li>Glavni okvir od poliestera s ergonomskim rastezljivim umetcima za vrhunsku pokretljivost i pove\u0107anu udobnost voza\u010da.<\/li>\n<li>Optimalna ventilacija: Strate\u0161ki postavljene laserske perforacije za dodatni protok zraka i optimalnu ventilaciju.<\/li>\n<\/ul>\n<p>Proizvodnja<\/p>\n<ul>\n<li>Techstar Nomur dres izra\u0111en je od laganog, vrlo izdr\u017eljivog, rastezljivog materijala koji odvodi vlagu i pru\u017ea vrhunsku udobnost i performanse.<\/li>\n<li>Ergonomski dizajniran kroj i optimiziran vi\u0161epanelni uzorak za utrke za ve\u0107u slobodu kretanja i vrhunsku mobilnost.<\/li>\n<li>Majica ima laserski izrezane perforacije na prsima i rukavima za dodatnu ventilaciju.<\/li>\n<li>Strate\u0161ki postavljeni rastezljivi umeci za maksimalnu slobodu kretanja.<\/li>\n<li>Rastezljiva konstrukcija na rukavima i ramenima za ve\u0107u slobodu kretanja i udobnost voza\u010da.<\/li>\n<li>Inovativna konstrukcija bez bo\u010dnih \u0161avova i \u0161avova ispod pazuha za maksimalnu udobnost voza\u010da.<\/li>\n<li>Be\u0161avni ovratnik za jednostavno kori\u0161tenje i pove\u0107anu udobnost voza\u010da, te be\u0161avne man\u017eete.<\/li>\n<li>Produ\u017eeni stra\u017enji dio za ve\u0107u pokrivenost tijekom vo\u017enje i kompatibilnost s Alpinestars MX hla\u010dama.<\/li>\n<\/ul>\n","protected":false},"excerpt":{"rendered":"<p>Alpinestars MX dres Techstar Nomur<\/p>\n","protected":false},"featured_media":161675,"comment_status":"open","ping_status":"closed","template":"","meta":{"_acf_changed":false},"brand":[2748],"gender":[2167],"product_brand":[],"product_cat":[2746,2733],"product_tag":[],"class_list":{"0":"post-161748","1":"product","2":"type-product","3":"status-publish","4":"has-post-thumbnail","6":"brand-alpinestars-hr","7":"gender-moski-en","8":"product_cat-mx-dresovi","9":"product_cat-oprema-za-motokros","10":"pa_size-2xl-hr","11":"pa_size-l-hr","12":"pa_size-m-hr","13":"pa_size-s-hr","14":"pa_size-xl-hr","16":"first","17":"instock","18":"sale","19":"taxable","20":"shipping-taxable","21":"purchasable","22":"product-type-variable"},"acf":[],"_links":{"self":[{"href":"https:\/\/moto-oprema.com\/hr\/wp-json\/wp\/v2\/product\/161748","targetHints":{"allow":["GET"]}}],"collection":[{"href":"https:\/\/moto-oprema.com\/hr\/wp-json\/wp\/v2\/product"}],"about":[{"href":"https:\/\/moto-oprema.com\/hr\/wp-json\/wp\/v2\/types\/product"}],"replies":[{"embeddable":true,"href":"https:\/\/moto-oprema.com\/hr\/wp-json\/wp\/v2\/comments?post=161748"}],"wp:featuredmedia":[{"embeddable":true,"href":"https:\/\/moto-oprema.com\/hr\/wp-json\/wp\/v2\/media\/161675"}],"wp:attachment":[{"href":"https:\/\/moto-oprema.com\/hr\/wp-json\/wp\/v2\/media?parent=161748"}],"wp:term":[{"taxonomy":"brand","embeddable":true,"href":"https:\/\/moto-oprema.com\/hr\/wp-json\/wp\/v2\/brand?post=161748"},{"taxonomy":"gender","embeddable":true,"href":"https:\/\/moto-oprema.com\/hr\/wp-json\/wp\/v2\/gender?post=161748"},{"taxonomy":"product_brand","embeddable":true,"href":"https:\/\/moto-oprema.com\/hr\/wp-json\/wp\/v2\/product_brand?post=161748"},{"taxonomy":"product_cat","embeddable":true,"href":"https:\/\/moto-oprema.com\/hr\/wp-json\/wp\/v2\/product_cat?post=161748"},{"taxonomy":"product_tag","embeddable":true,"href":"https:\/\/moto-oprema.com\/hr\/wp-json\/wp\/v2\/product_tag?post=161748"}],"curies":[{"name":"wp","href":"https:\/\/api.w.org\/{rel}","templated":true}]}}