{"id":161475,"date":"2025-09-02T07:41:24","date_gmt":"2025-09-02T07:41:24","guid":{"rendered":"https:\/\/moto-oprema.com\/?post_type=product&#038;p=161475"},"modified":"2025-09-02T07:48:47","modified_gmt":"2025-09-02T07:48:47","slug":"alpinestars-mx-stella-hlace-fluid-apex-tropical-crne-26-kopija","status":"publish","type":"product","link":"https:\/\/moto-oprema.com\/hr\/Artikel\/alpinestars-mx-stella-hlace-fluid-apex-tropical-crne-26-kopija\/","title":{"rendered":"ALPINESTARS MX STELLA HLA\u010cE FLUID APEX TROPICAL CRNE 26"},"content":{"rendered":"<p>Linija Fluid nudi rekreativnim voza\u010dima MX opremu s optimalnom MX tehnologijom, iskori\u0161tavaju\u0107i klju\u010dne dizajnerske zna\u010dajke linija Supertech, Techstar i Racer za potpuni izgled i osje\u0107aj optimiziran za udobnost i funkcionalnost vo\u017enje. Razvijena i testirana na nekim od najte\u017eih terena diljem svijeta, sportska oprema Fluid idealna je za \u0161irok raspon terenske vo\u017enje i pru\u017ea najopu\u0161tenije pristajanje od svih MX26 linija opreme. <\/p>\n<p>&nbsp;<\/p>\n<p>Zna\u010dajke<\/p>\n<ul>\n<li>Klju\u010dne zna\u010dajke<\/li>\n<li>Pobolj\u0161ane performanse i udobnost: Hla\u010de Stella Fluid Apex nude optimalne performanse, udobnost i slobodu kretanja tijekom vo\u017enje, zahvaljuju\u0107i laganoj poliesterskoj tkanini, elasti\u010dnim kord umetcima i prethodno oblikovanom kroju \u010darapa.<\/li>\n<li>Ergonomski kroj za ve\u0107u udobnost voza\u010da: Ergonomski kroj i 3D konstrukcija za vrhunsku udobnost i mobilnost voza\u010da.<\/li>\n<li>Oja\u010danja na klju\u010dnim podru\u010djima, uklju\u010duju\u0107i stra\u017enjicu, gornji dio koljena i stra\u017enji dio nogu.<\/li>\n<\/ul>\n<p>Opis:<\/p>\n<p>&nbsp;<\/p>\n<p>Ergonomski kroj i 3D uzorak za pobolj\u0161anu udobnost voza\u010da, neusporedivu slobodu kretanja i vrhunsku mobilnost.<\/p>\n<p>&nbsp;<\/p>\n<ul>\n<li>Pro\u0161ireni rastezljivi umeci od Cordure na me\u0111uno\u017eju, koljenima, stra\u017enjem dijelu i unutarnjoj strani nogavica za vrhunsku slobodu kretanja, optimalno pristajanje i pobolj\u0161anu udobnost jaha\u010da.<\/li>\n<li>Hla\u010de Fluid Apex izra\u0111ene su od 600D poliestera, s novom oja\u010danom 600D poliesterskom tkaninom na sjedalu i koljenima za jo\u0161 ve\u0107u izdr\u017eljivost.<\/li>\n<li>Sinteti\u010dka ko\u017ea na unutarnjoj strani koljena, ergonomski dizajnirana i prilago\u0111ena za ve\u0107u izdr\u017eljivost i meko prianjanje na motociklu.<\/li>\n<li>Mre\u017easta podstava za ve\u0107u udobnost voza\u010da.<\/li>\n<li>Kop\u010da za sigurno, prilago\u0111eno pristajanje.<\/li>\n<li>Zatvara\u010d za jednostavnu upotrebu.<\/li>\n<\/ul>\n","protected":false},"excerpt":{"rendered":"<p>Alpinestars Stella (\u017eenske) Fluid Apex MX hla\u010de<\/p>\n","protected":false},"featured_media":161413,"comment_status":"open","ping_status":"closed","template":"","meta":{"_acf_changed":false},"brand":[2748],"gender":[2169],"product_brand":[],"product_cat":[2737,2733],"product_tag":[],"class_list":{"0":"post-161475","1":"product","2":"type-product","3":"status-publish","4":"has-post-thumbnail","6":"brand-alpinestars-hr","7":"gender-zenska-en","8":"product_cat-mx-hlace-hr","9":"product_cat-oprema-za-motokros","10":"pa_size-26-hr","11":"pa_size-28-hr","12":"pa_size-30-hr","13":"pa_size-32-hr","14":"pa_size-34-hr","16":"first","17":"outofstock","18":"sale","19":"taxable","20":"shipping-taxable","21":"purchasable","22":"product-type-variable"},"acf":[],"_links":{"self":[{"href":"https:\/\/moto-oprema.com\/hr\/wp-json\/wp\/v2\/product\/161475","targetHints":{"allow":["GET"]}}],"collection":[{"href":"https:\/\/moto-oprema.com\/hr\/wp-json\/wp\/v2\/product"}],"about":[{"href":"https:\/\/moto-oprema.com\/hr\/wp-json\/wp\/v2\/types\/product"}],"replies":[{"embeddable":true,"href":"https:\/\/moto-oprema.com\/hr\/wp-json\/wp\/v2\/comments?post=161475"}],"wp:featuredmedia":[{"embeddable":true,"href":"https:\/\/moto-oprema.com\/hr\/wp-json\/wp\/v2\/media\/161413"}],"wp:attachment":[{"href":"https:\/\/moto-oprema.com\/hr\/wp-json\/wp\/v2\/media?parent=161475"}],"wp:term":[{"taxonomy":"brand","embeddable":true,"href":"https:\/\/moto-oprema.com\/hr\/wp-json\/wp\/v2\/brand?post=161475"},{"taxonomy":"gender","embeddable":true,"href":"https:\/\/moto-oprema.com\/hr\/wp-json\/wp\/v2\/gender?post=161475"},{"taxonomy":"product_brand","embeddable":true,"href":"https:\/\/moto-oprema.com\/hr\/wp-json\/wp\/v2\/product_brand?post=161475"},{"taxonomy":"product_cat","embeddable":true,"href":"https:\/\/moto-oprema.com\/hr\/wp-json\/wp\/v2\/product_cat?post=161475"},{"taxonomy":"product_tag","embeddable":true,"href":"https:\/\/moto-oprema.com\/hr\/wp-json\/wp\/v2\/product_tag?post=161475"}],"curies":[{"name":"wp","href":"https:\/\/api.w.org\/{rel}","templated":true}]}}