{"id":161277,"date":"2025-09-02T07:19:15","date_gmt":"2025-09-02T07:19:15","guid":{"rendered":"https:\/\/moto-oprema.com\/?post_type=product&#038;p=161277"},"modified":"2025-09-02T07:22:59","modified_gmt":"2025-09-02T07:22:59","slug":"alpinestars-mx-stella-dres-fluid-apex-tropical-crni-26-kopija","status":"publish","type":"product","link":"https:\/\/moto-oprema.com\/hr\/Artikel\/alpinestars-mx-stella-dres-fluid-apex-tropical-crni-26-kopija\/","title":{"rendered":"ALPINESTARS MX STELLA DRES FLUID APEX LJUBI\u010cASTA BIJELA 26"},"content":{"rendered":"<p>Linija Fluid nudi rekreativnim voza\u010dima MX opremu s optimalnom MX tehnologijom, iskori\u0161tavaju\u0107i klju\u010dne dizajnerske zna\u010dajke linija Supertech, Techstar i Racer za potpuni izgled i osje\u0107aj optimiziran za udobnost i funkcionalnost vo\u017enje. Razvijena i testirana na nekim od najte\u017eih terena diljem svijeta, sportska oprema Fluid idealna je za \u0161irok raspon terenske vo\u017enje i pru\u017ea najopu\u0161tenije pristajanje od svih MX26 linija opreme. <\/p>\n<p>ZNA\u010cAJKE:<\/p>\n<ul>\n<li>\u017denski kroj, posebno prilago\u0111en \u017eenskom tijelu za optimalnu udobnost vo\u017enje.<\/li>\n<li>Opu\u0161teni, atletski kroj s ergonomskim krojem i uzorkom za ve\u0107u slobodu kretanja i vrhunsku mobilnost.<\/li>\n<li>Dres Stella Fluid Apex dostupan je u raznim odva\u017enim i agresivnim kombinacijama boja te je dizajniran da se sla\u017ee s hla\u010dama Stella Fluid Apex za savr\u0161en izgled i osje\u0107aj tijekom performansi.<\/li>\n<\/ul>\n<p>&nbsp;<\/p>\n","protected":false},"excerpt":{"rendered":"<p>Alpinestars MX Stella (\u017eenski) dres Fluid APEX<\/p>\n","protected":false},"featured_media":161222,"comment_status":"open","ping_status":"closed","template":"","meta":{"_acf_changed":false},"brand":[2748],"gender":[2169],"product_brand":[],"product_cat":[2746,2733],"product_tag":[],"class_list":{"0":"post-161277","1":"product","2":"type-product","3":"status-publish","4":"has-post-thumbnail","6":"brand-alpinestars-hr","7":"gender-zenska-en","8":"product_cat-mx-dresovi","9":"product_cat-oprema-za-motokros","10":"pa_size-2xl-hr","11":"pa_size-l-hr","12":"pa_size-m-hr","13":"pa_size-s-hr","14":"pa_size-xl-hr","15":"pa_size-xs-hr","17":"first","18":"instock","19":"sale","20":"taxable","21":"shipping-taxable","22":"purchasable","23":"product-type-variable"},"acf":[],"_links":{"self":[{"href":"https:\/\/moto-oprema.com\/hr\/wp-json\/wp\/v2\/product\/161277","targetHints":{"allow":["GET"]}}],"collection":[{"href":"https:\/\/moto-oprema.com\/hr\/wp-json\/wp\/v2\/product"}],"about":[{"href":"https:\/\/moto-oprema.com\/hr\/wp-json\/wp\/v2\/types\/product"}],"replies":[{"embeddable":true,"href":"https:\/\/moto-oprema.com\/hr\/wp-json\/wp\/v2\/comments?post=161277"}],"wp:featuredmedia":[{"embeddable":true,"href":"https:\/\/moto-oprema.com\/hr\/wp-json\/wp\/v2\/media\/161222"}],"wp:attachment":[{"href":"https:\/\/moto-oprema.com\/hr\/wp-json\/wp\/v2\/media?parent=161277"}],"wp:term":[{"taxonomy":"brand","embeddable":true,"href":"https:\/\/moto-oprema.com\/hr\/wp-json\/wp\/v2\/brand?post=161277"},{"taxonomy":"gender","embeddable":true,"href":"https:\/\/moto-oprema.com\/hr\/wp-json\/wp\/v2\/gender?post=161277"},{"taxonomy":"product_brand","embeddable":true,"href":"https:\/\/moto-oprema.com\/hr\/wp-json\/wp\/v2\/product_brand?post=161277"},{"taxonomy":"product_cat","embeddable":true,"href":"https:\/\/moto-oprema.com\/hr\/wp-json\/wp\/v2\/product_cat?post=161277"},{"taxonomy":"product_tag","embeddable":true,"href":"https:\/\/moto-oprema.com\/hr\/wp-json\/wp\/v2\/product_tag?post=161277"}],"curies":[{"name":"wp","href":"https:\/\/api.w.org\/{rel}","templated":true}]}}