{"id":158536,"date":"2025-08-27T09:42:34","date_gmt":"2025-08-27T09:42:34","guid":{"rendered":"https:\/\/moto-oprema.com\/?post_type=product&#038;p=158536"},"modified":"2025-08-27T09:57:23","modified_gmt":"2025-08-27T09:57:23","slug":"alpinestars-mtb-a-motion-plasma-zastitna-jakna-kopija","status":"publish","type":"product","link":"https:\/\/moto-oprema.com\/hr\/Artikel\/alpinestars-mtb-a-motion-plasma-zastitna-jakna-kopija\/","title":{"rendered":"ALPINESTARS MTB A-MOTION PLASMA ZA\u0160TITNA JAKNA DUGIH RUKAVOVA"},"content":{"rendered":"<p>Za\u0161titna jakna A-Impact Plasma LS dizajnirana je i razvijena na temelju povratnih informacija vrhunskih sporta\u0161a kako bi pru\u017eila maksimalnu za\u0161titu od udaraca, a istovremeno omogu\u0107ila visok stupanj slobode kretanja.<\/p>\n<p>Klju\u010dne zna\u010dajke<\/p>\n<ul>\n<li>Napredna za\u0161tita od udara: Nucleon Plasma Protectors koriste USDA certificirani, biobazirani viskoelasti\u010dni materijal koji apsorbira i raspr\u0161uje sile udara dok<\/li>\n<li>ali odr\u017eava fleksibilnost.<\/li>\n<li>Optimizirana sloboda kretanja: dizajnirana za ravnote\u017eu izme\u0111u za\u0161tite i mobilnosti, omogu\u0107uju\u0107i neograni\u010deno kretanje tijekom vo\u017enje.<\/li>\n<li>Pobolj\u0161ana prozra\u010dnost: Mekana, rastezljiva mre\u017easta tkanina pru\u017ea maksimalnu prozra\u010dnost kako bi se voza\u010di osje\u0107ali svje\u017ee i udobno.<\/li>\n<li>Pove\u0107ana izdr\u017eljivost: Vanjski tekstil otporan na habanje preko za\u0161titnih d\u017eepova pove\u0107ava izdr\u017eljivost i performanse.<\/li>\n<li>Bo\u010dni sigurnosni patentni zatvara\u010d s bravom: YKK patentni zatvara\u010d s bravom sprje\u010dava ne\u017eeljeno pomicanje, osigurava sigurno prianjanje i pobolj\u0161anu ergonomiju tijekom vo\u017enje.<\/li>\n<\/ul>\n<p>Za\u0161tita<\/p>\n<ul>\n<li>Opremljena je uklonjivim Nucleon Plasma \u0161titnicima za ramena, laktove, le\u0111a i prsa, koji su certificirani prema CE razini 2, \u0161to omogu\u0107uje brzo i jednostavno pranje jakne.<\/li>\n<li>Opremljen je s dva bo\u010dna jastu\u010di\u0107a za dodatnu za\u0161titu gornjeg dijela bokova.<\/li>\n<li>Za\u0161titnik za le\u0111a cijelom du\u017einom pru\u017ea za\u0161titu donjeg dijela le\u0111a i podru\u010dja rebara.<br \/>\n POTVRDA:<br \/>\n \u0160titnici za ramena i laktove: EN 1621-1:2012 RAZINA 2<br \/>\n Za\u0161titnik za le\u0111a: EN 1621-2:2014 RAZINA 2<br \/>\n \u0160titnici za prsa: EN 1621-3:2018 RAZINA 2<\/li>\n<\/ul>\n","protected":false},"excerpt":{"rendered":"<p>Za\u0161titna jakna A-Impact Plasma LS dizajnirana je i razvijena na temelju povratnih informacija vrhunskih sporta\u0161a kako&#8230;<\/p>\n","protected":false},"featured_media":158627,"comment_status":"open","ping_status":"closed","template":"","meta":{"_acf_changed":false},"brand":[2748],"gender":[2167],"product_brand":[],"product_cat":[2740,2741,2747],"product_tag":[],"class_list":{"0":"post-158536","1":"product","2":"type-product","3":"status-publish","4":"has-post-thumbnail","6":"brand-alpinestars-hr","7":"gender-moski-en","8":"product_cat-mtb-biciklisticka-oprema","9":"product_cat-mtb-stitnici","10":"product_cat-mtb-stitnici-za-tijelo","11":"pa_size-l-hr","12":"pa_size-m-hr","13":"pa_size-s-hr","14":"pa_size-xl-hr","15":"pa_size-xxl-hr","17":"first","18":"instock","19":"sale","20":"taxable","21":"shipping-taxable","22":"purchasable","23":"product-type-variable"},"acf":[],"_links":{"self":[{"href":"https:\/\/moto-oprema.com\/hr\/wp-json\/wp\/v2\/product\/158536","targetHints":{"allow":["GET"]}}],"collection":[{"href":"https:\/\/moto-oprema.com\/hr\/wp-json\/wp\/v2\/product"}],"about":[{"href":"https:\/\/moto-oprema.com\/hr\/wp-json\/wp\/v2\/types\/product"}],"replies":[{"embeddable":true,"href":"https:\/\/moto-oprema.com\/hr\/wp-json\/wp\/v2\/comments?post=158536"}],"wp:featuredmedia":[{"embeddable":true,"href":"https:\/\/moto-oprema.com\/hr\/wp-json\/wp\/v2\/media\/158627"}],"wp:attachment":[{"href":"https:\/\/moto-oprema.com\/hr\/wp-json\/wp\/v2\/media?parent=158536"}],"wp:term":[{"taxonomy":"brand","embeddable":true,"href":"https:\/\/moto-oprema.com\/hr\/wp-json\/wp\/v2\/brand?post=158536"},{"taxonomy":"gender","embeddable":true,"href":"https:\/\/moto-oprema.com\/hr\/wp-json\/wp\/v2\/gender?post=158536"},{"taxonomy":"product_brand","embeddable":true,"href":"https:\/\/moto-oprema.com\/hr\/wp-json\/wp\/v2\/product_brand?post=158536"},{"taxonomy":"product_cat","embeddable":true,"href":"https:\/\/moto-oprema.com\/hr\/wp-json\/wp\/v2\/product_cat?post=158536"},{"taxonomy":"product_tag","embeddable":true,"href":"https:\/\/moto-oprema.com\/hr\/wp-json\/wp\/v2\/product_tag?post=158536"}],"curies":[{"name":"wp","href":"https:\/\/api.w.org\/{rel}","templated":true}]}}