{"id":158261,"date":"2025-08-26T10:09:05","date_gmt":"2025-08-26T10:09:05","guid":{"rendered":"https:\/\/moto-oprema.com\/?post_type=product&#038;p=158261"},"modified":"2025-08-26T10:16:04","modified_gmt":"2025-08-26T10:16:04","slug":"alpinestars-mx-bionic-plasma-lt-zastitna-jakna-crno-bijela-kopija","status":"publish","type":"product","link":"https:\/\/moto-oprema.com\/hr\/Artikel\/alpinestars-mx-bionic-plasma-lt-zastitna-jakna-crno-bijela-kopija\/","title":{"rendered":"ALPINESTARS MX BIONIC PLASMA LT ZA\u0160TITNA JAKNA KR CRNO-BIJELA"},"content":{"rendered":"<div class=\"rte\">\n<p>Nucleon PLASMA LT za\u0161titna jakna kratkih rukava dizajnirana je za sve oblike terenske vo\u017enje i optimizirana je za u\u010dinkovitu za\u0161titu od udara, a istovremeno omogu\u0107uje visok stupanj slobode kretanja.<\/p>\n<p>Klju\u010dne zna\u010dajke<\/p>\n<p>Iznimna udobnost: Nucleon PLASMA \u0161titnici u ovoj jakni izra\u0111eni su od USDA certificiranog bio-baziranog viskoelasti\u010dnog materijala. \u0160titnici su dizajnirani za vi\u0161esmjernu fleksibilnost i prilago\u0111avaju se tijelu, u\u010dinkovito raspr\u0161uju\u0107i energiju udara i pru\u017eaju\u0107i pouzdanu za\u0161titu.<br \/>\nVisoko prozra\u010dna, rastezljiva konstrukcija: Glavni dio odje\u0107e izra\u0111en je od mekane, visoko prozra\u010dne, rastezljive mre\u017easte tkanine za optimalno hla\u0111enje.<br \/>\nPro\u0161irena za\u0161tita: dodatno podstavljanje na gornjem dijelu rukava za bolju za\u0161titu od udara i dodatni bo\u010dni jastu\u010di\u0107i za dodatnu za\u0161titu na gornjem dijelu bokova.<br \/>\nPrakti\u010dni sustav remena s pode\u0161avanjem visine: Jakna uklju\u010duje uklonjivi sustav remena s pode\u0161avanjem visine pomo\u0107u kop\u010de na donjem dijelu le\u0111a, \u0161to omogu\u0107uje optimalno pozicioniranje i udobnost \u0161titnika za le\u0111a.<br \/>\nVrhunska za\u0161tita: Uklju\u010duje uklonjive \u0161titnike za ramena, laktove, le\u0111a i prsa Nucleon PLASMA s certifikatom CE razine 1, \u0161to omogu\u0107uje brzo i jednostavno pranje jakne.<\/p>\n<\/div>\n","protected":false},"excerpt":{"rendered":"<p>Nucleon PLASMA LT za\u0161titna jakna kratkih rukava dizajnirana je za sve oblike terenske vo\u017enje i optimizirana&#8230;<\/p>\n","protected":false},"featured_media":158277,"comment_status":"open","ping_status":"closed","template":"","meta":{"_acf_changed":false},"brand":[2748],"gender":[2172],"product_brand":[],"product_cat":[2740,2741,2747,2890,2739,2733],"product_tag":[],"class_list":{"0":"post-158261","1":"product","2":"type-product","3":"status-publish","4":"has-post-thumbnail","6":"brand-alpinestars-hr","7":"gender-unisex-hr","8":"product_cat-mtb-biciklisticka-oprema","9":"product_cat-mtb-stitnici","10":"product_cat-mtb-stitnici-za-tijelo","11":"product_cat-mx-stitnici-za-tijelo","12":"product_cat-mx-stitovi","13":"product_cat-oprema-za-motokros","14":"pa_size-l-hr","15":"pa_size-m-hr","16":"pa_size-s-hr","17":"pa_size-xl-hr","18":"pa_size-xxl-hr","20":"first","21":"instock","22":"sale","23":"taxable","24":"shipping-taxable","25":"purchasable","26":"product-type-variable"},"acf":[],"_links":{"self":[{"href":"https:\/\/moto-oprema.com\/hr\/wp-json\/wp\/v2\/product\/158261","targetHints":{"allow":["GET"]}}],"collection":[{"href":"https:\/\/moto-oprema.com\/hr\/wp-json\/wp\/v2\/product"}],"about":[{"href":"https:\/\/moto-oprema.com\/hr\/wp-json\/wp\/v2\/types\/product"}],"replies":[{"embeddable":true,"href":"https:\/\/moto-oprema.com\/hr\/wp-json\/wp\/v2\/comments?post=158261"}],"wp:featuredmedia":[{"embeddable":true,"href":"https:\/\/moto-oprema.com\/hr\/wp-json\/wp\/v2\/media\/158277"}],"wp:attachment":[{"href":"https:\/\/moto-oprema.com\/hr\/wp-json\/wp\/v2\/media?parent=158261"}],"wp:term":[{"taxonomy":"brand","embeddable":true,"href":"https:\/\/moto-oprema.com\/hr\/wp-json\/wp\/v2\/brand?post=158261"},{"taxonomy":"gender","embeddable":true,"href":"https:\/\/moto-oprema.com\/hr\/wp-json\/wp\/v2\/gender?post=158261"},{"taxonomy":"product_brand","embeddable":true,"href":"https:\/\/moto-oprema.com\/hr\/wp-json\/wp\/v2\/product_brand?post=158261"},{"taxonomy":"product_cat","embeddable":true,"href":"https:\/\/moto-oprema.com\/hr\/wp-json\/wp\/v2\/product_cat?post=158261"},{"taxonomy":"product_tag","embeddable":true,"href":"https:\/\/moto-oprema.com\/hr\/wp-json\/wp\/v2\/product_tag?post=158261"}],"curies":[{"name":"wp","href":"https:\/\/api.w.org\/{rel}","templated":true}]}}