{"id":158032,"date":"2025-08-26T09:28:21","date_gmt":"2025-08-26T09:28:21","guid":{"rendered":"https:\/\/moto-oprema.com\/?post_type=product&#038;p=158032"},"modified":"2025-08-26T09:28:21","modified_gmt":"2025-08-26T09:28:21","slug":"alpinestars-zenski-stitnik-za-prsa-stella-plasma-crno-bijeli","status":"publish","type":"product","link":"https:\/\/moto-oprema.com\/hr\/Artikel\/alpinestars-zenski-stitnik-za-prsa-stella-plasma-crno-bijeli\/","title":{"rendered":"ALPINESTARS \u017dENSKI \u0160TITNIK ZA PRSA STELLA PLASMA CRNO-BIJELI"},"content":{"rendered":"<p>Stella PLASMA \u0161titnik za prsa dizajniran je posebno za brdske biciklistkinje. Ima anatomski oblikovane Nucleon PLASMA \u0161titnike ugra\u0111ene u potpornu meku \u0161koljku koja pru\u017ea vrhunsku za\u0161titu, udobnost, lako\u0107u i prozra\u010dnost. <\/p>\n<p>Zna\u010dajke<\/p>\n<p>Iznimno udobni: Nucleon PLASMA \u0161titnici za prsa i le\u0111a izra\u0111eni su od USDA certificiranog bio-baziranog viskoelasti\u010dnog materijala. \u0160titnici su dizajnirani za vi\u0161esmjernu fleksibilnost i prilago\u0111avaju se tijelu za \u010dvrsto prianjanje, u\u010dinkovito raspr\u0161uju\u0107i energiju udara i pru\u017eaju\u0107i pouzdanu za\u0161titu.<br \/>\nErgonomski i prozra\u010dan dizajn: Glavni okvir dizajniran je u ergonomskom obliku sportskog grudnjaka i izra\u0111en je od mekane, visoko prozra\u010dne rastezljive mre\u017easte tkanine za optimalnu potporu i hla\u0111enje.<br \/>\nPrakti\u010dni ergonomski bo\u010dni patentni zatvara\u010d: Bo\u010dni patentni zatvara\u010d dizajniran je za prakti\u010dnost i udobnost.<br \/>\nPro\u0161irena pokrivenost: Opremljen PLAZMA oblogom za trbuh za dodatnu za\u0161titu.<br \/>\nPodesivo, prilago\u0111eno prileganje: Perforirani V-remenski sustav omogu\u0107uje fleksibilno i sigurno prileganje.<br \/>\nLagana za\u0161tita: Opremljena uklonjivim CE Level 1 certificiranim Nucleon PLASMA \u0161titnicima za le\u0111a i prsa za brzo i jednostavno pranje odje\u0107e.<\/p>\n<p>Gra\u0111evinarstvo<\/p>\n<p>Anatomski dizajniran za optimalno prilago\u0111avanje \u017eenskoj figuri.<br \/>\n USDA certificiran, biorazgradiv, ekolo\u0161ki prihvatljiv i odr\u017eiv materijal koji apsorbira udarce.<br \/>\n Izra\u0111ena od mekane, prozra\u010dne rastezljive mre\u017eice koja pru\u017ea optimalnu potporu i prozra\u010dnost tijekom intenzivne vo\u017enje, s vanjskim tekstilom otpornim na habanje preko za\u0161titnih d\u017eepova za vrhunsku izdr\u017eljivost.<br \/>\n Podesive bo\u010dne trake za pri\u010dvr\u0161\u0107ivanje \u0161titnika za prsa na mjestu i sprje\u010davanje ne\u017eeljenog pomicanja.<\/p>\n<p>Za\u0161tita<\/p>\n<p>Prema europskom zakonodavstvu, oznaka CE je zahtjev za sukladnost za stavljanje ovog proizvoda na tr\u017ei\u0161te. Primjenjuju se sljede\u0107i standardi:<br \/>\n Za\u0161titnik za le\u0111a: EN 1621-2:2014 RAZINA 1<br \/>\n \u0160titnik za prsa: EN 1621-3:2018 RAZINA 1<\/p>\n","protected":false},"excerpt":{"rendered":"<p>Stella PLASMA \u0161titnik za prsa dizajniran je posebno za brdske biciklistkinje. Ima anatomski oblikovane Nucleon PLASMA&#8230;<\/p>\n","protected":false},"featured_media":158029,"comment_status":"open","ping_status":"closed","template":"","meta":{"_acf_changed":false},"brand":[2748],"gender":[2170],"product_brand":[],"product_cat":[2740,2741,2747,2890,2739,2733],"product_tag":[],"class_list":{"0":"post-158032","1":"product","2":"type-product","3":"status-publish","4":"has-post-thumbnail","6":"brand-alpinestars-hr","7":"gender-zenska-de","8":"product_cat-mtb-biciklisticka-oprema","9":"product_cat-mtb-stitnici","10":"product_cat-mtb-stitnici-za-tijelo","11":"product_cat-mx-stitnici-za-tijelo","12":"product_cat-mx-stitovi","13":"product_cat-oprema-za-motokros","14":"pa_size-l-hr","15":"pa_size-m-hr","16":"pa_size-s-hr","18":"first","19":"instock","20":"taxable","21":"shipping-taxable","22":"purchasable","23":"product-type-variable"},"acf":[],"_links":{"self":[{"href":"https:\/\/moto-oprema.com\/hr\/wp-json\/wp\/v2\/product\/158032","targetHints":{"allow":["GET"]}}],"collection":[{"href":"https:\/\/moto-oprema.com\/hr\/wp-json\/wp\/v2\/product"}],"about":[{"href":"https:\/\/moto-oprema.com\/hr\/wp-json\/wp\/v2\/types\/product"}],"replies":[{"embeddable":true,"href":"https:\/\/moto-oprema.com\/hr\/wp-json\/wp\/v2\/comments?post=158032"}],"wp:featuredmedia":[{"embeddable":true,"href":"https:\/\/moto-oprema.com\/hr\/wp-json\/wp\/v2\/media\/158029"}],"wp:attachment":[{"href":"https:\/\/moto-oprema.com\/hr\/wp-json\/wp\/v2\/media?parent=158032"}],"wp:term":[{"taxonomy":"brand","embeddable":true,"href":"https:\/\/moto-oprema.com\/hr\/wp-json\/wp\/v2\/brand?post=158032"},{"taxonomy":"gender","embeddable":true,"href":"https:\/\/moto-oprema.com\/hr\/wp-json\/wp\/v2\/gender?post=158032"},{"taxonomy":"product_brand","embeddable":true,"href":"https:\/\/moto-oprema.com\/hr\/wp-json\/wp\/v2\/product_brand?post=158032"},{"taxonomy":"product_cat","embeddable":true,"href":"https:\/\/moto-oprema.com\/hr\/wp-json\/wp\/v2\/product_cat?post=158032"},{"taxonomy":"product_tag","embeddable":true,"href":"https:\/\/moto-oprema.com\/hr\/wp-json\/wp\/v2\/product_tag?post=158032"}],"curies":[{"name":"wp","href":"https:\/\/api.w.org\/{rel}","templated":true}]}}