{"id":157974,"date":"2025-08-26T09:07:26","date_gmt":"2025-08-26T09:07:26","guid":{"rendered":"https:\/\/moto-oprema.com\/?post_type=product&#038;p=157974"},"modified":"2025-08-26T09:17:08","modified_gmt":"2025-08-26T09:17:08","slug":"alpinestars-rk-1-plazma-ortoza-za-koljeno-crno-crvena-kopija","status":"publish","type":"product","link":"https:\/\/moto-oprema.com\/hr\/Artikel\/alpinestars-rk-1-plazma-ortoza-za-koljeno-crno-crvena-kopija\/","title":{"rendered":"ALPINESTARS SX-1 PLAZMA \u0160TITNIK ZA KOLJENA"},"content":{"rendered":"<p>\u0160titnik za koljena SX-1 PLASMA ima PLASMA \u0161titnik za koljena ugra\u0111en u visoko ventiliranu polukrutu konstrukciju okvira za vrhunsku za\u0161titu od udara, dok integrirani sustav dvostrukih zup\u010danika (DGS) poti\u010de prirodno kretanje koljena.<\/p>\n<p>Zna\u010dajke<\/p>\n<ul>\n<li>Iznimno udoban: Nucleon PLASMA \u0161titnik za koljena izra\u0111en je od USDA certificiranog bio-baziranog viskoelasti\u010dnog materijala. Dizajniran za vi\u0161esmjernu fleksibilnost, \u0161titnik se prilago\u0111ava koljenu i \u010dvrsto prianja, u\u010dinkovito raspr\u0161uju\u0107i energiju udara i pru\u017eaju\u0107i pouzdanu za\u0161titu. <\/li>\n<li>Okvir dvostruke gusto\u0107e za potporu i neusporedivu udobnost: Dizajniran s konveksnim donjim nastavkom izra\u0111enim od mekane mje\u0161avine polimera kako bi se izbjegao bilo kakav pritisak povezan s tvrdim rubom koji nastaje kada \u010dizma pritisne \u0161titnik. Isti konveksni dizajn koristi se i za gornji nastavak, sprje\u010davaju\u0107i da se \u0161titnik zarije u ko\u017eu i uzrokuje nelagodu tijekom vo\u017enje. <\/li>\n<li>Kontrolirano prirodno kretanje: Opremljeno sustavom dvostrukih zup\u010danika (DGS), gdje gornji i donji okviri imaju integrirane profile zup\u010danika koji osiguravaju glatki rad \u0161arki i poti\u010du prirodno kretanje koljena.<\/li>\n<li>Ergonomski okviri s raznim veli\u010dinama: Ergonomski dizajnirani okviri \u0161titnika za koljena SX-1 PLASMA imaju strate\u0161ki postavljene krute i fleksibilne oblo\u017eene \u0161koljke koje pru\u017eaju sigurno, ali i prilagodljivo pristajanje za razli\u010dite veli\u010dine nogu.<\/li>\n<\/ul>\n<p>Gra\u0111evinarstvo<\/p>\n<ul>\n<li>Lagana za\u0161tita za koljena s opse\u017enim za\u0161titnim pokrivanjem.<\/li>\n<li>Gornji i donji okviri izra\u0111eni su od visokou\u010dinkovitog polimera za optimalnu fleksibilnost i \u010dvrsto\u0107u, kao i izvrsna svojstva u\u0161tede te\u017eine.<\/li>\n<li>Integrirani sustav dvostrukih okretnih \u0161arki gornjeg i donjeg okvira prati prirodno kretanje koljena i dr\u017ei za\u0161titu u ispravnom polo\u017eaju tijekom vo\u017enje.<\/li>\n<li>Okviri imaju tanak ergonomski dizajn.<\/li>\n<li>Sustav zatvaranja s dvostrukom kop\u010dom ima \u010di\u010dak traku i kop\u010de za jednostavno obla\u010denje i skidanje te prilago\u0111eno i sigurno pristajanje.<\/li>\n<\/ul>\n<p>Za\u0161tita<\/p>\n<p>Prema europskom zakonodavstvu, oznaka CE je zahtjev za sukladnost za stavljanje ovog proizvoda na tr\u017ei\u0161te. Primjenjuju se sljede\u0107i standardi:<br \/>\n Za\u0161tita za koljena: EN 1621-1:2012 RAZINA 1 <\/p>\n<p>&nbsp;<\/p>\n<p>&nbsp;<\/p>\n","protected":false},"excerpt":{"rendered":"<p>\u0160titnik za koljena SX-1 PLASMA ima PLASMA \u0161titnik za koljena ugra\u0111en u visoko ventiliranu polukrutu konstrukciju&#8230;<\/p>\n","protected":false},"featured_media":158009,"comment_status":"open","ping_status":"closed","template":"","meta":{"_acf_changed":false},"brand":[2748],"gender":[2172],"product_brand":[],"product_cat":[2970,2739,2733],"product_tag":[],"class_list":{"0":"post-157974","1":"product","2":"type-product","3":"status-publish","4":"has-post-thumbnail","6":"brand-alpinestars-hr","7":"gender-unisex-hr","8":"product_cat-mx-stitnici-za-koljena","9":"product_cat-mx-stitovi","10":"product_cat-oprema-za-motokros","11":"pa_size-l-xl-hr","12":"pa_size-sm","13":"pa_size-xxl-hr","15":"first","16":"instock","17":"sale","18":"taxable","19":"shipping-taxable","20":"purchasable","21":"product-type-variable"},"acf":[],"_links":{"self":[{"href":"https:\/\/moto-oprema.com\/hr\/wp-json\/wp\/v2\/product\/157974","targetHints":{"allow":["GET"]}}],"collection":[{"href":"https:\/\/moto-oprema.com\/hr\/wp-json\/wp\/v2\/product"}],"about":[{"href":"https:\/\/moto-oprema.com\/hr\/wp-json\/wp\/v2\/types\/product"}],"replies":[{"embeddable":true,"href":"https:\/\/moto-oprema.com\/hr\/wp-json\/wp\/v2\/comments?post=157974"}],"wp:featuredmedia":[{"embeddable":true,"href":"https:\/\/moto-oprema.com\/hr\/wp-json\/wp\/v2\/media\/158009"}],"wp:attachment":[{"href":"https:\/\/moto-oprema.com\/hr\/wp-json\/wp\/v2\/media?parent=157974"}],"wp:term":[{"taxonomy":"brand","embeddable":true,"href":"https:\/\/moto-oprema.com\/hr\/wp-json\/wp\/v2\/brand?post=157974"},{"taxonomy":"gender","embeddable":true,"href":"https:\/\/moto-oprema.com\/hr\/wp-json\/wp\/v2\/gender?post=157974"},{"taxonomy":"product_brand","embeddable":true,"href":"https:\/\/moto-oprema.com\/hr\/wp-json\/wp\/v2\/product_brand?post=157974"},{"taxonomy":"product_cat","embeddable":true,"href":"https:\/\/moto-oprema.com\/hr\/wp-json\/wp\/v2\/product_cat?post=157974"},{"taxonomy":"product_tag","embeddable":true,"href":"https:\/\/moto-oprema.com\/hr\/wp-json\/wp\/v2\/product_tag?post=157974"}],"curies":[{"name":"wp","href":"https:\/\/api.w.org\/{rel}","templated":true}]}}