{"id":157636,"date":"2025-08-26T07:30:21","date_gmt":"2025-08-26T07:30:21","guid":{"rendered":"https:\/\/moto-oprema.com\/?post_type=product&#038;p=157636"},"modified":"2025-08-26T08:05:03","modified_gmt":"2025-08-26T08:05:03","slug":"alpinestars-mx-sm7-cvrsta-kaciga-crna-sjajna-kopija","status":"publish","type":"product","link":"https:\/\/moto-oprema.com\/hr\/Artikel\/alpinestars-mx-sm7-cvrsta-kaciga-crna-sjajna-kopija\/","title":{"rendered":"ALPINESTARS MX SM10 ERA KACIGA Roza Ljubi\u010dasta \u017duta Fluo Sjajna"},"content":{"rendered":"<p>Alpinestars S-M10 motokros kaciga<\/p>\n<p>Cilj obitelji kaciga Alpinestars Supertech bio je razviti najnaprednije, za\u0161titne i visokou\u010dinkovite kacige za voza\u010de diljem svijeta. S modelom S-M10, razvojni tim Alpinestars razvio je kacigu koja nudi savr\u0161enu kombinaciju izvrsne ventilacije i neusporedive udobnosti kako bi stvorio kacigu s najmanjom mogu\u0107om te\u017einom bez kompromisa u drugim podru\u010djima. Oblik kacige S-M10 nudi gladak, atraktivan, aerodinami\u010dan profil koji je aerodinami\u010dan i bez vanjskih profila i zna\u010dajki koje bi mogle djelovati kao to\u010dka naprezanja u sudaru ili utjecati na cjelokupni integritet strukture kacige. Konveksna povr\u0161ina omogu\u0107uje manje trenje u slu\u010daju sudara, omogu\u0107uju\u0107i otklon i naju\u010dinkovitiji prijenos energije kako bi se za\u0161titila glava voza\u010da od izravne sile na lubanju, vrat i kralje\u017enicu.   <\/p>\n<p>Zna\u010dajke:<\/p>\n<p>Rje\u0161enje veli\u010dine \u0161koljke S-M10 osigurava da svaka veli\u010dina kacige ima svoju odgovaraju\u0107u veli\u010dinu \u0161koljke kako bi se osiguralo anatomski najbolje rje\u0161enje za razli\u010dite potrebe pristajanja diljem svijeta. S 4 razli\u010dite veli\u010dine kacige S, M, L i XL te 6 veli\u010dina od XS do XXL, voza\u010du je zajam\u010deno da ima pravu veli\u010dinu, \u0161to ne samo da pobolj\u0161ava udobnost i smanjuje ukupnu te\u017einu, ve\u0107 prije svega pobolj\u0161ava performanse kacige u slu\u010daju sudara. <\/p>\n<p>Konstrukcija \u0161koljke kacige koristi najsuvremeniju tehnologiju oblikovanja s vi\u0161ekompozitnom kombinacijom: 3K-karbon, vanjski sloj od ugljika visoke gusto\u0107e koji pobolj\u0161ava \u010dvrsto\u0107u i u\u010dinkovitost rasipanja energije kroz \u0161koljku, jednosmjerni sloj uglji\u010dnog kompozita koji pru\u017ea znatno ve\u0107u radijalnu \u010dvrsto\u0107u oko \u0161koljke i sprje\u010dava kompresiju, ali omogu\u0107uje kontrolirano savijanje kako bi se smanjila energija prenesena pri sudaru, te sloj aramidnih vlakana koji pru\u017ea kriti\u010dnu za\u0161titu od prodiranja. Ova kombinacija slojeva jo\u0161 je u\u010dinkovitija epoksidnom smolom koja pru\u017ea najbolju mogu\u0107u \u010dvrsto\u0107u i upravljanje energijom. Ograni\u010deno savijanje vanjske \u0161koljke zna\u010di da se energija dalje \u0161iri i bolje apsorbira od strane 4x zgusnute EPS obloge.  <\/p>\n<p>Jedinstveni proces konstrukcije ljuske kori\u0161ten u konstrukciji S-M10 rezultira izuzetno u\u010dinkovitom za\u0161titom od udara. S-M10 nudi linearnu i kosu za\u0161titu od udara koja prema\u0161uje trenutna ograni\u010denja standarda za kacige. Kod izravnog linearnog udara, tj. udara pod kutom od 90 stupnjeva izme\u0111u kacige i predmeta, S-M10 prema\u0161uje novi standard ECE 22.06 za 2024. godinu u prosjeku za 46% pri normalnim brzinama udara. Novost u standardu ECE 22.06 su zahtjevi za linearne udare pri malim i velikim brzinama, gdje S-M10 prema\u0161uje nove standarde ECE 22.06 za linearna vr\u0161na ubrzanja za 23% odnosno 28%.    <\/p>\n<p>U rotacijskom ubrzanju i performansama pri kosom udaru, gdje energija udara dolazi iz drugog kuta nego kod linearnog udara od 90 stupnjeva ili okomitog udara, S-M10 prema\u0161uje novi standard ECE 22.06 za maksimalno rotacijsko ubrzanje za 76%.<\/p>\n<p>Novi profil redizajnirane za\u0161titne kacige, kod koje je donji dio posebno oblikovan kako bi se stvorila zona rastere\u0107enja koja klju\u010dnu kost ostavlja slobodnom, s novom, mek\u0161om EPS oblogom koja se prote\u017ee izvan same kacige i prekrivena je fleksibilnijom gumenom smjesom koja smanjuje rizik od ozljede klju\u010dne kosti.<\/p>\n<p>Uklonjive polumekane polimerne bo\u010dne plo\u010dice za dodatnu za\u0161titu nude ve\u0107u kontaktnu povr\u0161inu za raspodjelu energije udara.<\/p>\n<p>Patentirani A-Head Fitment sustav omogu\u0107uje vam jednostavno pode\u0161avanje kuta i visine pod kojom kaciga sjedi na va\u0161oj glavi.<\/p>\n<p>Ultra prozra\u010dna kaciga s 28 pojedina\u010dnih ulaza i izlaza za zrak, osim u vidnom polju, s 18 ulaza i 10 izlaza za zrak.<\/p>\n<p>&nbsp;<\/p>\n","protected":false},"excerpt":{"rendered":"<p>Boja: Ru\u017ei\u010dasta Ljubi\u010dasta \u017duta Fluo sjajna<\/p>\n","protected":false},"featured_media":157696,"comment_status":"open","ping_status":"closed","template":"","meta":{"_acf_changed":false},"brand":[2748],"gender":[2172],"product_brand":[],"product_cat":[2764,2733],"product_tag":[],"class_list":{"0":"post-157636","1":"product","2":"type-product","3":"status-publish","4":"has-post-thumbnail","6":"brand-alpinestars-hr","7":"gender-unisex-hr","8":"product_cat-mx-kacige","9":"product_cat-oprema-za-motokros","10":"pa_size-l-hr","11":"pa_size-m-hr","12":"pa_size-s-hr","13":"pa_size-xl-hr","14":"pa_size-xs-hr","15":"pa_size-xxl-hr","17":"first","18":"instock","19":"sale","20":"taxable","21":"shipping-taxable","22":"purchasable","23":"product-type-variable"},"acf":[],"_links":{"self":[{"href":"https:\/\/moto-oprema.com\/hr\/wp-json\/wp\/v2\/product\/157636","targetHints":{"allow":["GET"]}}],"collection":[{"href":"https:\/\/moto-oprema.com\/hr\/wp-json\/wp\/v2\/product"}],"about":[{"href":"https:\/\/moto-oprema.com\/hr\/wp-json\/wp\/v2\/types\/product"}],"replies":[{"embeddable":true,"href":"https:\/\/moto-oprema.com\/hr\/wp-json\/wp\/v2\/comments?post=157636"}],"wp:featuredmedia":[{"embeddable":true,"href":"https:\/\/moto-oprema.com\/hr\/wp-json\/wp\/v2\/media\/157696"}],"wp:attachment":[{"href":"https:\/\/moto-oprema.com\/hr\/wp-json\/wp\/v2\/media?parent=157636"}],"wp:term":[{"taxonomy":"brand","embeddable":true,"href":"https:\/\/moto-oprema.com\/hr\/wp-json\/wp\/v2\/brand?post=157636"},{"taxonomy":"gender","embeddable":true,"href":"https:\/\/moto-oprema.com\/hr\/wp-json\/wp\/v2\/gender?post=157636"},{"taxonomy":"product_brand","embeddable":true,"href":"https:\/\/moto-oprema.com\/hr\/wp-json\/wp\/v2\/product_brand?post=157636"},{"taxonomy":"product_cat","embeddable":true,"href":"https:\/\/moto-oprema.com\/hr\/wp-json\/wp\/v2\/product_cat?post=157636"},{"taxonomy":"product_tag","embeddable":true,"href":"https:\/\/moto-oprema.com\/hr\/wp-json\/wp\/v2\/product_tag?post=157636"}],"curies":[{"name":"wp","href":"https:\/\/api.w.org\/{rel}","templated":true}]}}