{"id":157196,"date":"2025-08-25T10:04:49","date_gmt":"2025-08-25T10:04:49","guid":{"rendered":"https:\/\/moto-oprema.com\/?post_type=product&#038;p=157196"},"modified":"2025-08-25T10:11:33","modified_gmt":"2025-08-25T10:11:33","slug":"alpinestars-mx-sm7-deed-kaciga-crvena-crna-bijela-sjajna-kopija-kopija","status":"publish","type":"product","link":"https:\/\/moto-oprema.com\/hr\/Artikel\/alpinestars-mx-sm7-deed-kaciga-crvena-crna-bijela-sjajna-kopija-kopija\/","title":{"rendered":"ALPINESTARS MX SM7 CORE KACIGA Naran\u010dasta Plava Matt"},"content":{"rendered":"<p>Alpinestars S-M7 motokros kaciga<\/p>\n<p>Razvijena za profesionalnu upotrebu u MX-u, SM7 nudi uravnote\u017eenu kombinaciju male te\u017eine, dobre ventilacije i maksimalne za\u0161tite od udara. S tehnologijama kao \u0161to su A-Head-Fit sustav, PLASMA za\u0161tita od udara i inovativni mehanizam vizira, kaciga je dizajnirana za performanse, udobnost i sigurnost. <\/p>\n<p>Zna\u010dajke:<\/p>\n<ul>\n<li>Aerodinami\u010dna kompozitna \u0161koljka s glatkom povr\u0161inom bez vanjskih kanala za smanjenje trenja i ciljano rasipanje energije pri udaru<\/li>\n<li>Optimizirana zakrivljenost \u0161koljke kacige za odbijanje udarnih sila i za\u0161titu vrata i kralje\u017enice<\/li>\n<li>Patentirani sustav za skidanje vizira koji automatski odvaja vizir kada energija udara prije\u0111e 15 d\u017eula, bez obzira na smjer sile.<\/li>\n<li>20 strate\u0161ki postavljenih otvora za ventilaciju (13 ulaza, 7 izlaza) za stalan protok zraka i pouzdano hla\u0111enje.<\/li>\n<li>PLASMA tehnologija u bo\u010dnim jastu\u010di\u0107ima za u\u010dinkovitu apsorpciju udara u podru\u010dju klju\u010dne kosti<\/li>\n<li>Uklonjiva, ru\u010dno periva unutarnja podstava s antimikrobnom za\u0161titom za bolju higijenu<\/li>\n<li>Elasti\u010dni jastu\u010di\u0107 za glavu spojen s jastu\u010di\u0107em za vrat za bolju raspodjelu udara prilikom kosih udara<\/li>\n<li>Gornji jastu\u010di\u0107 se mo\u017ee podesiti po visini putem A-Head sustava za individualno prilago\u0111avanje<\/li>\n<li>Jastu\u010di\u0107i za obraze u 3D obliku sa sustavom za otpu\u0161tanje u nu\u017edi (ERS), integriranim kanalom za cijev za pi\u0107e i dostupni u razli\u010ditim debljinama<\/li>\n<li>Najlonski remen za bradu \u0161irine 25 mm s DD prstenovima od nehr\u0111aju\u0107eg \u010delika i odvojivim navlakama za jednostavno \u010di\u0161\u0107enje<\/li>\n<li>Zamjenjivi jastu\u010di\u0107i razli\u010ditih debljina za individualno pode\u0161avanje<\/li>\n<li>Tri veli\u010dine \u0161koljke (M, L, XL) pokrivaju \u0161est veli\u010dina kacige (XS\u2013XXL) i osiguravaju optimalno pristajanje, malu te\u017einu i visoku za\u0161titu<\/li>\n<li>Integrirani bo\u010dni kanali za sustave za pi\u0107e<\/li>\n<li>Kompatibilno s komunikacijskim sustavima zahvaljuju\u0107i EPS izrezu na lijevoj strani i otvorima za zvu\u010dnike s obje strane<\/li>\n<\/ul>\n<p>Tehni\u010dki podaci:<\/p>\n<ul>\n<li>ECE 22-06<\/li>\n<li>Te\u017eina: otprilike 1350 g (ovisno o veli\u010dini)<\/li>\n<li>Dvostruko zatvaranje u obliku D-prstena<\/li>\n<li>Alpinestars PLASMA Impact System za pove\u0107anu sigurnost pri sudaru<\/li>\n<li>Razvijeno za maksimalnu za\u0161titu bez kompromisa u pogledu udobnosti i pristajanja<\/li>\n<\/ul>\n","protected":false},"excerpt":{"rendered":"<p>Boja: Naran\u010dasto plava mat<\/p>\n","protected":false},"featured_media":157234,"comment_status":"open","ping_status":"closed","template":"","meta":{"_acf_changed":false},"brand":[2748],"gender":[2172],"product_brand":[],"product_cat":[2764,2733],"product_tag":[],"class_list":{"0":"post-157196","1":"product","2":"type-product","3":"status-publish","4":"has-post-thumbnail","6":"brand-alpinestars-hr","7":"gender-unisex-hr","8":"product_cat-mx-kacige","9":"product_cat-oprema-za-motokros","10":"pa_size-l-hr","11":"pa_size-m-hr","12":"pa_size-s-hr","13":"pa_size-xl-hr","14":"pa_size-xs-hr","15":"pa_size-xxl-hr","17":"first","18":"instock","19":"sale","20":"taxable","21":"shipping-taxable","22":"purchasable","23":"product-type-variable"},"acf":[],"_links":{"self":[{"href":"https:\/\/moto-oprema.com\/hr\/wp-json\/wp\/v2\/product\/157196","targetHints":{"allow":["GET"]}}],"collection":[{"href":"https:\/\/moto-oprema.com\/hr\/wp-json\/wp\/v2\/product"}],"about":[{"href":"https:\/\/moto-oprema.com\/hr\/wp-json\/wp\/v2\/types\/product"}],"replies":[{"embeddable":true,"href":"https:\/\/moto-oprema.com\/hr\/wp-json\/wp\/v2\/comments?post=157196"}],"wp:featuredmedia":[{"embeddable":true,"href":"https:\/\/moto-oprema.com\/hr\/wp-json\/wp\/v2\/media\/157234"}],"wp:attachment":[{"href":"https:\/\/moto-oprema.com\/hr\/wp-json\/wp\/v2\/media?parent=157196"}],"wp:term":[{"taxonomy":"brand","embeddable":true,"href":"https:\/\/moto-oprema.com\/hr\/wp-json\/wp\/v2\/brand?post=157196"},{"taxonomy":"gender","embeddable":true,"href":"https:\/\/moto-oprema.com\/hr\/wp-json\/wp\/v2\/gender?post=157196"},{"taxonomy":"product_brand","embeddable":true,"href":"https:\/\/moto-oprema.com\/hr\/wp-json\/wp\/v2\/product_brand?post=157196"},{"taxonomy":"product_cat","embeddable":true,"href":"https:\/\/moto-oprema.com\/hr\/wp-json\/wp\/v2\/product_cat?post=157196"},{"taxonomy":"product_tag","embeddable":true,"href":"https:\/\/moto-oprema.com\/hr\/wp-json\/wp\/v2\/product_tag?post=157196"}],"curies":[{"name":"wp","href":"https:\/\/api.w.org\/{rel}","templated":true}]}}