{"id":155886,"date":"2025-08-21T08:59:02","date_gmt":"2025-08-21T08:59:02","guid":{"rendered":"https:\/\/moto-oprema.com\/?post_type=product&#038;p=155886"},"modified":"2025-08-21T09:02:53","modified_gmt":"2025-08-21T09:02:53","slug":"alpinestars-mx-sm5-corp-kaciga-plava-sjajna-kopija","status":"publish","type":"product","link":"https:\/\/moto-oprema.com\/hr\/Artikel\/alpinestars-mx-sm5-corp-kaciga-plava-sjajna-kopija\/","title":{"rendered":"ALPINESTARS MX SM5 CORP KACIGA Crna Diva Pink Sjajna"},"content":{"rendered":"<p>Potpuno nova kaciga SM5 ECE 22.06 razvijena je kako bi MX voza\u010dima ponudila kacigu koja je sigurna i posebno dizajnirana za optimalnu za\u0161titu i udobnost. Lagana kaciga SM5 ima termo oblikovanu \u0161koljku sa posebnom mje\u0161avinom polimera, oja\u010danu razli\u010ditim debljinama i dizajniranu da ponudi optimalnu kombinaciju za\u0161tite od udara i male te\u017eine. Unutarnja obloga sastoji se od 7-dijelne konstrukcije od ekspandiranog polistirena (EPS) s EPS-om u pet razli\u010ditih gusto\u0107a kako bi se osigurala prava gusto\u0107a u pravom rasponu za pobolj\u0161anu apsorpciju udara.  <\/p>\n<p>Zna\u010dajke:<\/p>\n<p>Lagana vanjska \u0161koljka izra\u0111ena je od tehnolo\u0161ki napredne, otporne termoplastike na udarce u tri anatomske veli\u010dine \u0161koljke i tri pojedina\u010dne veli\u010dine EPS podstave s kombinacijom podstave i jastu\u010di\u0107a za obraze kako bi se osiguralo 6 jedinstvenih veli\u010dina te najbolje pristajanje i za\u0161tita.<br \/>\n Projektirano, podignuto podru\u010dje s podstavom u\u010dinkovito smanjuje sile koje se prenose na klju\u010dnu kost, a patentirani sustav otklju\u010davanja vizira osigurava da se vizir otpu\u0161ta odgovaraju\u0107om, unaprijed odre\u0111enom silom, bez obzira na kut udara.<br \/>\n Donji volumen \u0161koljke modela Medium, Large, XL i 2XL dizajniran je da bude otprilike 3% \u0161iri kako bi se olak\u0161alo stavljanje i skidanje kacige. Pove\u0107ani volumen kacige tako\u0111er je pobolj\u0161ao kapacitet apsorpcije udara, koji je sada 44% ni\u017ei od normalnog praga brzine.<br \/>\n Za novu normu ECE 22.06, SM5 posti\u017ee 44% bolju ocjenu udara pri normalnoj brzini u usporedbi s trenutnih 33%, 32% bolju linearnu ocjenu udara pri maloj brzini i 31% bolju linearnu ocjenu udara pri velikoj brzini, \u0161to prevladava u standardu.<br \/>\n Unutarnje i vanjske povr\u0161ine dizajnirane su kako bi se smanjili u\u010dinci bo\u010dnih udara. Kako bi se suprotstavili i ubla\u017eili te rotacijske udarne sile, Alpinestars je razvio vlastitu tehnologiju za stvaranje povr\u0161ine s niskim trenjem na unutarnjoj povr\u0161ini EPS obloge. U skladu s ECE 22.06, koja sada uklju\u010duje ocjenu rotacijskog bo\u010dnog udara, SM5 posti\u017ee ocjenu od 70% prema novim propisima.<br \/>\nUnutarnja podstava vi\u0161e gusto\u0107e osigurava pravu gusto\u0107u na pravom podru\u010dju za pobolj\u0161anu apsorpciju udara.<br \/>\nNovodizajnirani profil bradavice, gdje je osnovni dio posebno oblikovan kako bi se stvorio reljefni dio koji osloba\u0111a klju\u010dnu kost, s novom, mek\u0161om EPS oblogom koja se prote\u017ee izvan same kacige i prekrivena je fleksibilnijom gumenom smjesom, smanjuju\u0107i rizik od ozljede klju\u010dne kosti<br \/>\nMaksimalna ventilacija i visoka izmjena topline zahvaljuju\u0107i vi\u0161estrukim ulazima i izlazima zraka<br \/>\nVizir kacige dizajniran je za usmjeravanje zraka u otvore, pobolj\u0161avaju\u0107i protok zraka<br \/>\nPrednja plo\u010da s ERS sustavom za brzo otpu\u0161tanje<br \/>\nVodilice za cijevi za pi\u0107e olak\u0161avaju ugradnju sustava za pi\u0107e<br \/>\nTehni\u010dki podaci:<\/p>\n<p>ECE verzija kacige SM5 te\u017ei 1350 grama za veli\u010dinu medium s vizirom kacige.<br \/>\n ECE 22-06<br \/>\n Dvostruko zatvaranje u obliku D-prstena<\/p>\n","protected":false},"excerpt":{"rendered":"<p>Boja: Crna Diva Roza Sjajna<\/p>\n","protected":false},"featured_media":155800,"comment_status":"open","ping_status":"closed","template":"","meta":{"_acf_changed":false},"brand":[2748],"gender":[2172],"product_brand":[],"product_cat":[2764,2733],"product_tag":[],"class_list":{"0":"post-155886","1":"product","2":"type-product","3":"status-publish","4":"has-post-thumbnail","6":"brand-alpinestars-hr","7":"gender-unisex-hr","8":"product_cat-mx-kacige","9":"product_cat-oprema-za-motokros","10":"pa_size-l-hr","11":"pa_size-m-hr","12":"pa_size-s-hr","13":"pa_size-xl-hr","14":"pa_size-xs-hr","15":"pa_size-xxl-hr","17":"first","18":"instock","19":"sale","20":"taxable","21":"shipping-taxable","22":"purchasable","23":"product-type-variable"},"acf":[],"_links":{"self":[{"href":"https:\/\/moto-oprema.com\/hr\/wp-json\/wp\/v2\/product\/155886","targetHints":{"allow":["GET"]}}],"collection":[{"href":"https:\/\/moto-oprema.com\/hr\/wp-json\/wp\/v2\/product"}],"about":[{"href":"https:\/\/moto-oprema.com\/hr\/wp-json\/wp\/v2\/types\/product"}],"replies":[{"embeddable":true,"href":"https:\/\/moto-oprema.com\/hr\/wp-json\/wp\/v2\/comments?post=155886"}],"wp:featuredmedia":[{"embeddable":true,"href":"https:\/\/moto-oprema.com\/hr\/wp-json\/wp\/v2\/media\/155800"}],"wp:attachment":[{"href":"https:\/\/moto-oprema.com\/hr\/wp-json\/wp\/v2\/media?parent=155886"}],"wp:term":[{"taxonomy":"brand","embeddable":true,"href":"https:\/\/moto-oprema.com\/hr\/wp-json\/wp\/v2\/brand?post=155886"},{"taxonomy":"gender","embeddable":true,"href":"https:\/\/moto-oprema.com\/hr\/wp-json\/wp\/v2\/gender?post=155886"},{"taxonomy":"product_brand","embeddable":true,"href":"https:\/\/moto-oprema.com\/hr\/wp-json\/wp\/v2\/product_brand?post=155886"},{"taxonomy":"product_cat","embeddable":true,"href":"https:\/\/moto-oprema.com\/hr\/wp-json\/wp\/v2\/product_cat?post=155886"},{"taxonomy":"product_tag","embeddable":true,"href":"https:\/\/moto-oprema.com\/hr\/wp-json\/wp\/v2\/product_tag?post=155886"}],"curies":[{"name":"wp","href":"https:\/\/api.w.org\/{rel}","templated":true}]}}