{"id":155291,"date":"2022-10-04T10:40:36","date_gmt":"2022-10-04T10:40:36","guid":{"rendered":"https:\/\/moto-oprema.com\/Artikel\/dainese-ladakh-3l-d-dry-jakna-siva-crna\/"},"modified":"2025-10-15T07:37:35","modified_gmt":"2025-10-15T07:37:35","slug":"dainese-ladakh-3l-d-dry-jakna-siva-crna","status":"publish","type":"product","link":"https:\/\/moto-oprema.com\/hr\/Artikel\/dainese-ladakh-3l-d-dry-jakna-siva-crna\/","title":{"rendered":"DAINESE LADAKH 3L D-DRY JAKNA SIVA\/CRNA"},"content":{"rendered":"<p>LADAKH 3L D-DRY\u00ae JAKNA je vodootporna touring jakna dizajnirana za duga putovanja na cesti i izvan nje. Ladakh 3L D-Dry\u00ae je izuzetno funkcionalna i svestrana, a troslojna konstrukcija \u010dini je izvrsnom za sva godi\u0161nja doba. Uklonjiva vodootporna podstava i toplinski sloj, koji se mogu nositi zasebno, \u0161tite od ni\u017eih temperatura, dok veliki otvori za ventilaciju na rukama i trupu \u010dine je prikladnom za vru\u0107e klime. 4 velika vanjska d\u017eepa &#8211; 2 prednja i 2 teretna, od kojih je jedan mre\u017easti i lako dostupan \u010dak i jednom rukom &#8211; nude puno prostora za no\u0161enje svega \u0161to vam je potrebno na putovanju, uvijek pri ruci. Ladakh 3L D-Dry\u00ae ima Dainese Magic Connection\u00ae tehnologiju s magnetskim sustavom koji omogu\u0107uje prakti\u010dno pri\u010dvr\u0161\u0107ivanje kompatibilnih Dainese rukavica na jaknu, tako da su uvijek pri ruci i ne gube se prilikom punjenja spremnika ili kratkog zaustavljanja. Maksimalnu sigurnost osiguravaju Pro-Armor Level 2 \u0161titnici na ramenima i laktovima. Dizajnirana je za smje\u0161taj \u0161titnika za le\u0111a i prsa tipa G.      <\/p>\n<p>ZNA\u010cAJKE<\/p>\n<p>  1 unutarnji vodootporni d\u017eep<br \/> 3 vanjska d\u017eepa<br \/> Elasti\u010dni mre\u017easti d\u017eep za teret<br \/> Umetci izra\u0111eni od otporne gumirane tkanine<br \/> Magi\u010dni sustav za povezivanje\u2122<br \/> D\u017eep za stra\u017enji za\u0161titnik G1 i G2<br \/> Pro-Armor d\u017eepovi na prsima 2 kom.<br \/> Reflektiraju\u0107i umetci<\/p>\n<p>ERGONOMIJA<\/p>\n<p>  Podesivi ovratnik, struk i man\u017eete<br \/> Sustav za pri\u010dvr\u0161\u0107ivanje jakne i hla\u010da<br \/> Pode\u0161avanje rukava<\/p>\n<p>GLAVNI MATERIJALI<\/p>\n<p>  600D poliester Oxford<\/p>\n<p>SIGURNOST<\/p>\n<p>  Pro-Armor \u0161titnici na laktovima certificirani prema EN 1621.1 razini 2<br \/> Pro-Armor \u0161titnici na ramenima certificirani prema EN 1621.1 razini 2<\/p>\n<p>TEMPERATURA<\/p>\n<p>  2 otvora za prsa<br \/> Otvori za zrak na stra\u017enjoj strani<br \/> Otvori za zrak na rukavima<br \/> Zra\u010dna mre\u017easta podstava<br \/> Uklonjiva D-Dry vodootporna membrana<br \/> Uklonjiva termalna podloga &#8211; mo\u017ee se koristiti zasebno<br \/> Odvojeno pri\u010dvr\u0161\u0107ivanje ovratnika<br \/> Sredina sezone<br \/> ljeto<br \/> zimski<\/p>\n<p>VENTILACIJA<\/p>\n<p>  Ventilacijski otvor na stra\u017enjim vratima<br \/> Stra\u017enja traka za lak\u0161e otvaranje ventilacijskih otvora<\/p>\n","protected":false},"excerpt":{"rendered":"<p>Troslojna vodootporna jakna za avanturisti\u010dke i touring aktivnosti. Optimizirana za cjelogodi\u0161nju upotrebu. Mekani Pro Armor \u0161titnici&#8230;<\/p>\n","protected":false},"featured_media":155296,"comment_status":"open","ping_status":"closed","template":"","meta":{"_acf_changed":false},"brand":[2800],"gender":[],"product_brand":[],"product_cat":[2759,1356,2761],"product_tag":[],"class_list":{"0":"post-155291","1":"product","2":"type-product","3":"status-publish","4":"has-post-thumbnail","6":"brand-dainese-hr","7":"product_cat-jakne-hr","8":"product_cat-motociklisticka-oprema","9":"product_cat-tekstilne-jakne-hr","10":"pa_size-48-hr","11":"pa_size-50-hr","12":"pa_size-52-hr","13":"pa_size-54-hr","14":"pa_size-56-hr","15":"pa_size-58-hr","16":"pa_size-60-hr","17":"pa_size-62-hr","19":"first","20":"onbackorder","21":"sale","22":"taxable","23":"shipping-taxable","24":"purchasable","25":"product-type-variable"},"acf":[],"_links":{"self":[{"href":"https:\/\/moto-oprema.com\/hr\/wp-json\/wp\/v2\/product\/155291","targetHints":{"allow":["GET"]}}],"collection":[{"href":"https:\/\/moto-oprema.com\/hr\/wp-json\/wp\/v2\/product"}],"about":[{"href":"https:\/\/moto-oprema.com\/hr\/wp-json\/wp\/v2\/types\/product"}],"replies":[{"embeddable":true,"href":"https:\/\/moto-oprema.com\/hr\/wp-json\/wp\/v2\/comments?post=155291"}],"wp:featuredmedia":[{"embeddable":true,"href":"https:\/\/moto-oprema.com\/hr\/wp-json\/wp\/v2\/media\/155296"}],"wp:attachment":[{"href":"https:\/\/moto-oprema.com\/hr\/wp-json\/wp\/v2\/media?parent=155291"}],"wp:term":[{"taxonomy":"brand","embeddable":true,"href":"https:\/\/moto-oprema.com\/hr\/wp-json\/wp\/v2\/brand?post=155291"},{"taxonomy":"gender","embeddable":true,"href":"https:\/\/moto-oprema.com\/hr\/wp-json\/wp\/v2\/gender?post=155291"},{"taxonomy":"product_brand","embeddable":true,"href":"https:\/\/moto-oprema.com\/hr\/wp-json\/wp\/v2\/product_brand?post=155291"},{"taxonomy":"product_cat","embeddable":true,"href":"https:\/\/moto-oprema.com\/hr\/wp-json\/wp\/v2\/product_cat?post=155291"},{"taxonomy":"product_tag","embeddable":true,"href":"https:\/\/moto-oprema.com\/hr\/wp-json\/wp\/v2\/product_tag?post=155291"}],"curies":[{"name":"wp","href":"https:\/\/api.w.org\/{rel}","templated":true}]}}