{"id":155256,"date":"2022-09-29T14:16:19","date_gmt":"2022-09-29T14:16:19","guid":{"rendered":"https:\/\/moto-oprema.com\/Artikel\/polisport-podloga-za-bicikl\/"},"modified":"2022-09-29T14:16:19","modified_gmt":"2022-09-29T14:16:19","slug":"polisport-podloga-za-bicikl","status":"publish","type":"product","link":"https:\/\/moto-oprema.com\/hr\/Artikel\/polisport-podloga-za-bicikl\/","title":{"rendered":"POLISPORT PODLOGA ZA BICIKL"},"content":{"rendered":"<p>Sklopivi dizajn za jednostavno skladi\u0161tenje (kamion; gara\u017ea; jama)<br \/> Ugra\u0111ena porozna podloga za sprje\u010davanje prolijevanja ulja i goriva (upija do 1 l\/0,8 galona ulja\/goriva)<br \/> Otporna konstrukcija izra\u0111ena od polipropilena<br \/> Unaprijed izrezani kalup omogu\u0107uje kori\u0161tenje stalka za bicikle<br \/> Kompatibilan s ve\u0107inom stalaka za bicikle na tr\u017ei\u0161tu<br \/> Ugra\u0111ena ru\u010dka za jednostavan transport<br \/> Funkcionalni d\u017eepovi mogu se koristiti za pohranu alata i drugih dijelova<br \/> Lako se \u010disti<br \/> Dostupno u svim OEM bojama<br \/> Nije potreban alat<br \/> Uklju\u010duje dvije upijaju\u0107e podloge kao rezervni dio<br \/> Te\u017eina: 9500 g \/ 20,94 lb<br \/> Otvorena veli\u010dina: 1800 mm \/ 70,87&#8243; x 990 mm \/ 38,98&#8243;   <br \/>Sklopiva veli\u010dina: 511 mm \/ 20,12&#8243; x 990 mm \/ 38,98&#8243; <\/p>\n","protected":false},"excerpt":{"rendered":"<p>Sklopiva prostirka za motocikl<\/p>\n","protected":false},"featured_media":19578,"comment_status":"open","ping_status":"open","template":"","meta":{"_acf_changed":false},"brand":[],"gender":[],"product_brand":[],"product_cat":[2729,2886],"product_tag":[],"class_list":{"0":"post-155256","1":"product","2":"type-product","3":"status-publish","4":"has-post-thumbnail","6":"product_cat-pribor","7":"product_cat-stalak-za-motocikle","9":"first","10":"onbackorder","11":"sale","12":"taxable","13":"shipping-taxable","14":"purchasable","15":"product-type-simple"},"acf":[],"_links":{"self":[{"href":"https:\/\/moto-oprema.com\/hr\/wp-json\/wp\/v2\/product\/155256","targetHints":{"allow":["GET"]}}],"collection":[{"href":"https:\/\/moto-oprema.com\/hr\/wp-json\/wp\/v2\/product"}],"about":[{"href":"https:\/\/moto-oprema.com\/hr\/wp-json\/wp\/v2\/types\/product"}],"replies":[{"embeddable":true,"href":"https:\/\/moto-oprema.com\/hr\/wp-json\/wp\/v2\/comments?post=155256"}],"wp:featuredmedia":[{"embeddable":true,"href":"https:\/\/moto-oprema.com\/hr\/wp-json\/wp\/v2\/media\/19578"}],"wp:attachment":[{"href":"https:\/\/moto-oprema.com\/hr\/wp-json\/wp\/v2\/media?parent=155256"}],"wp:term":[{"taxonomy":"brand","embeddable":true,"href":"https:\/\/moto-oprema.com\/hr\/wp-json\/wp\/v2\/brand?post=155256"},{"taxonomy":"gender","embeddable":true,"href":"https:\/\/moto-oprema.com\/hr\/wp-json\/wp\/v2\/gender?post=155256"},{"taxonomy":"product_brand","embeddable":true,"href":"https:\/\/moto-oprema.com\/hr\/wp-json\/wp\/v2\/product_brand?post=155256"},{"taxonomy":"product_cat","embeddable":true,"href":"https:\/\/moto-oprema.com\/hr\/wp-json\/wp\/v2\/product_cat?post=155256"},{"taxonomy":"product_tag","embeddable":true,"href":"https:\/\/moto-oprema.com\/hr\/wp-json\/wp\/v2\/product_tag?post=155256"}],"curies":[{"name":"wp","href":"https:\/\/api.w.org\/{rel}","templated":true}]}}