{"id":155176,"date":"2022-10-10T11:54:01","date_gmt":"2022-10-10T11:54:01","guid":{"rendered":"https:\/\/moto-oprema.com\/Artikel\/shoei-x-spr-pro-escalate-tc-10\/"},"modified":"2022-10-10T11:54:01","modified_gmt":"2022-10-10T11:54:01","slug":"shoei-x-spr-pro-escalate-tc-10","status":"publish","type":"product","link":"https:\/\/moto-oprema.com\/hr\/Artikel\/shoei-x-spr-pro-escalate-tc-10\/","title":{"rendered":"SHOEI X-SPR PRO Escalate TC-10"},"content":{"rendered":"<p>Profesionalna trka\u0107a kaciga<\/p>\n<p>Tristo pedeset kilometara na sat.<br \/>\n Pri ovoj brzini, kojom su avioni odavno poletjeli, ciljna ravnica za pilote MotoGP-a pretvara se u usku traku.<br \/>\n Ali SHOEI X-SPR Pro je napravljena za ove ekstremne situacije. S beskompromisnim dizajnom, aerodinami\u010dnim oblikom za maksimalnu stabilnost i ventilacijskim sustavom koji radikalno usmjerava protok zraka za maksimalan unos svje\u017eeg zraka, ova kaciga vam daje odlu\u010duju\u0107u prednost na trka\u0107oj stazi. <\/p>\n<p>SIGURNOST<br \/>\n \u0160esteroslojni sastav staklenih vlakana, organskih vlakana i visokou\u010dinkovitih vlaknastih materijala \u010dini osnovu vanjske ljuske AIM+ (Advanced Integrated Matrix Plus) kacige SHOEI X-SPR Pro. Zajedno s polistirenskim sustavom jezgre koji se sastoji od nekoliko razli\u010dito upijaju\u0107ih elemenata, ova vanjska ljuska nudi optimalnu za\u0161titu od udara uz vrlo nisku ukupnu te\u017einu kacige, koja je homologirana prema novom ispitnom standardu ECE-R 22.06.<br \/>\n S FIM homologacijom, SHOEI X-SPR Pro je spreman za utrke.<br \/>\n Remen za bradu s dvostrukom D kop\u010dom lako se pode\u0161ava i sigurno dr\u017ei kacigu na mjestu.<br \/>\n EQRS (Emergency Quick Release System) olak\u0161ava uklanjanje jastu\u010di\u0107a za obraze u hitnim slu\u010dajevima, omogu\u0107uju\u0107i nje\u017eno skidanje kacige. <\/p>\n<p>udobnost no\u0161enja<br \/>\n S 4 razli\u010dite veli\u010dine vanjske ljuske (XS-S | M | L | XL-XXL), SHOEI X-SPR Pro nudi savr\u0161enu ravnote\u017eu izme\u0111u veli\u010dine i te\u017eine kacige te veli\u010dine glave korisnika u svim veli\u010dinama kaciga.<br \/>\nNjegov modularni jastu\u010di\u0107i za glavu s integriranim d\u017eepovima mogu se lako i precizno prilagoditi individualnim oblicima i potrebama glave pomo\u0107u umetljivih jastu\u010di\u0107a za savr\u0161eno precizno pristajanje, maksimalnu stabilnost i pouzdanu za\u0161titu.<br \/>\nNovodizajnirani jastu\u010di\u0107i za obraze s podstavljenom jezgrom proizvedenom u slo\u017eenom 3D procesu rezanja, s vi\u0161e nego udvostru\u010denom kontaktnom povr\u0161inom, zna\u010dajno doprinose stabilnom prianjanju X-SPR PRO \u010dak i pri brzinama iznad 350 km\/h i smanjuju uzgon za 3% u usporedbi s prethodnim modelom.<br \/>\nVarijabilni nastavak za obraze omogu\u0107uje vam promjenu kuta nagiba kacige na glavi, \u010dime se pro\u0161iruje vertikalni kut gledanja s izuzetno nagnutim, sportskim polo\u017eajem sjedenja.<br \/>\nJastu\u010di\u0107 za glavu, dizajniran za visoko u\u010dinkovitu ventilaciju, jastu\u010di\u0107i za obraze i remen za bradu s brzosu\u0161e\u0107im i ko\u017ei ugodnim materijalom za navlaku u potpunosti su uklonjivi i perivi.<\/p>\n<p>ventilacija<br \/>\n Maksimalno izlo\u017eeni ventilacijski otvori, optimalno poravnati za sna\u017eno nagnut i zavaljen polo\u017eaj sjedenja trka\u0107eg motocikla, tako\u0111er nagla\u0161avaju beskompromisni fokus X-SPR Pro-a u pogledu ventilacije. Ukupno 7 ulaza za svje\u017ei zrak i 6 ventilacijskih otvora povezani su duboko razgranatim ventilacijskim sustavom i osiguravaju jo\u0161 intenzivniju i u\u010dinkovitiju izmjenu svje\u017eeg i iskori\u0161tenog zraka u usporedbi s prethodnim modelom. Za ve\u0107u udobnost na visokim ljetnim temperaturama ili tijekom utrka na duge staze, ventilacijski kapacitet jastu\u010di\u0107a za obraze zna\u010dajno je pobolj\u0161an gotovo udvostru\u010denjem broja ventilacijskih otvora s unutarnje strane kacige.  <\/p>\n<p>sustav hidratacije<br \/>\n Podbradnik X-SPR Pro pripremljen je za ugradnju sustava za hidrataciju. Redoviti unos teku\u0107ine putem sustava za hidrataciju poma\u017ee voza\u010du da odr\u017ei koncentraciju dulje vrijeme, \u010dak i u vru\u0107im ljetnim vremenskim uvjetima ili utrkama na duge staze.<br \/>\n Pomo\u0107u adaptera, razni komercijalno dostupni sustavi za pi\u0107e mogu se spojiti na SHOEI crijevo za dovod vode. <\/p>\n<p>aerodinamika<br \/>\n X-SPR Pro je beskompromisno dizajniran za trka\u0107u upotrebu. Njegov oblik i aerodinami\u010dke zna\u010dajke omogu\u0107uju voza\u010du da se u potpunosti usredoto\u010di na stazu i trka\u0107u akciju, \u010dak i pri najve\u0107im brzinama.<br \/>\n Vanjska \u0161koljka je potpuno redizajnirana u interesu boljih aerodinami\u010dkih performansi.  Nakon mnogo sati u zra\u010dnom tunelu, napravljeno je preko 150 pobolj\u0161anja dizajna vanjske ljuske prethodnog modela, koja su ugra\u0111ena u oblik X-SPR Pro kori\u0161tenjem SHOEI-jeve vrhunske tehnologije dizajna ljuske kacige.<br \/>\n Novorazvijeni stabilizator na stra\u017enjem dijelu glave usmjerava protok zraka u tunele s lijeve i desne strane te ga usmjerava kroz stabilizator i stra\u017enji spojler. Rezultat je aerodinami\u010dki uravnote\u017eeniji oblik \u0161koljke kacige (patent u postupku).<br \/>\n Izra\u017eeni bo\u010dni rubovi na gornjem lijevom i desnom dijelu kacige djeluju kao stabilizatori i, u kombinaciji s konkavnim vrhom stabilizatora, podupiru Heck, a bo\u010dne peraje doprinose visokoj smjernoj stabilnosti kacige.<br \/>\n Ovo prepoznatljivo podru\u010dje isti\u010de se u dizajnu kacige i daje kacigi uravnote\u017een izraz stila i sigurnosti. U ovom trenutku udru\u017euju se zajedni\u010dki napori SHOEI-jevih proizvodnih, testnih i razvojnih timova.  <\/p>\n<p>vizir<br \/>\n Novi vizir CWR-F2R, s vertikalnim vidnim poljem pove\u0107anim za 5 mm, nudi obe\u0107avaju\u0107u vizualnu prednost s izuzetno nagnutim polo\u017eajem vo\u017enje na trka\u0107em motociklu. U nagnutim polo\u017eajima, gdje \u010dak i lakat dodiruje asfalt, ovo pove\u0107ano vidno polje doprinosi sigurnosti voza\u010da.<br \/>\n Standardni prozirni CWR-F2R vizir omogu\u0107uje kidanje za upotrebu na stazi.<br \/>\n Dvostruki mehanizam zaklju\u010davanja sprje\u010dava slu\u010dajno otvaranje vizira u slu\u010daju pada.  Mehanizam za otpu\u0161tanje vizira tako\u0111er se mo\u017ee blokirati polugom.<br \/>\n PINLOCK\u00aeEVO le\u0107a protiv zamagljivanja uklju\u010dena je u kacigu i pri\u010dvr\u0161\u0107ena je na klinove u viziru koji se nalaze izvan horizontalnog vidnog polja. Ovo pove\u0107anje upotrebljivog vidnog polja pru\u017ea dodatnu aktivnu sigurnost u utrkama i na cesti. <\/p>\n<p>opseg isporuke<br \/>\n Isporuka SHOEI X-SPR Pro uklju\u010duje PINLOCK\u00aeEVO le\u0107u za kori\u0161tenje u tvorni\u010dki ugra\u0111enom viziru CWR-F2R i odgovaraju\u0107e zamjenske igle. Tako\u0111er su uklju\u010deni \u0161titnik za dah, zavjesa za bradu, pri\u010dvrstivi spojler za bradu za smanjenje propuha i turbulencije, naljepnice s logotipom SHOEI, originalna torba za kacigu SHOEI za za\u0161titu kacige i silikonsko ulje za njegu brtve i mehanizma vizira.<br \/>\n Upute za uporabu kacige i bro\u0161ura &#8220;Pravilna uporaba kacige&#8221; sadr\u017ee vrijedne informacije o kori\u0161tenju, odr\u017eavanju i njezi SHOEI X-SPR Pro. <\/p>\n<p>Pribor<br \/>\n Za SHOEI X-SPR Pro dostupna je sljede\u0107a dodatna oprema:<\/p>\n<p>CWR-F2R viziri u raznim nijansama*<br \/>\n Skidanje vizira CWR-F2R za upotrebu na stazi<br \/>\n Viziri tipa CWR-F2 u razli\u010ditim nijansama* i ogledalima*<br \/>\n Vizir tipa CWR-F2 s fotokromatskim zatamnjenjem*<br \/>\n PINLOCK\u00aeEVO le\u0107e protiv zamagljivanja za pojedina\u010dne tipove vizira<br \/>\n Jastu\u010di\u0107i za obraze razli\u010dite \u010dvrsto\u0107e<br \/>\n Setovi ili moduli za jastu\u010di\u0107e za glavu u razli\u010ditim veli\u010dinama i debljinama za zamjenu originalnih jastu\u010di\u0107a ili za prilagodbu kacige<br \/>\n Jastu\u010di\u0107i za obraze<br \/>\n Podstavci razli\u010ditih stupnjeva \u010dvrsto\u0107e za umetanje u d\u017eepove X-SPR Pro modula jastuka<br \/>\n Jastu\u010di\u0107 za remen za bradu<br \/>\n Za\u0161tita za dah<br \/>\n Zavjesa za bradu<br \/>\n Pri\u010dvrstivi spojler za bradu<\/p>\n","protected":false},"excerpt":{"rendered":"<p>X-SPR Pro &#8211; Najbolja trka\u0107a kaciga<\/p>\n","protected":false},"featured_media":19802,"comment_status":"open","ping_status":"open","template":"","meta":{"_acf_changed":false},"brand":[2765],"gender":[2172],"product_brand":[],"product_cat":[1358,1356,1359],"product_tag":[],"class_list":{"0":"post-155176","1":"product","2":"type-product","3":"status-publish","4":"has-post-thumbnail","6":"brand-shoei-hr","7":"gender-unisex-hr","8":"product_cat-kacige","9":"product_cat-motociklisticka-oprema","10":"product_cat-sastavni","11":"pa_size-l-hr","12":"pa_size-m-hr","13":"pa_size-s-hr","14":"pa_size-xl-hr","15":"pa_size-xs-hr","16":"pa_size-xxl-hr","18":"first","19":"onbackorder","20":"taxable","21":"shipping-taxable","22":"purchasable","23":"product-type-variable"},"acf":[],"_links":{"self":[{"href":"https:\/\/moto-oprema.com\/hr\/wp-json\/wp\/v2\/product\/155176","targetHints":{"allow":["GET"]}}],"collection":[{"href":"https:\/\/moto-oprema.com\/hr\/wp-json\/wp\/v2\/product"}],"about":[{"href":"https:\/\/moto-oprema.com\/hr\/wp-json\/wp\/v2\/types\/product"}],"replies":[{"embeddable":true,"href":"https:\/\/moto-oprema.com\/hr\/wp-json\/wp\/v2\/comments?post=155176"}],"wp:featuredmedia":[{"embeddable":true,"href":"https:\/\/moto-oprema.com\/hr\/wp-json\/wp\/v2\/media\/19802"}],"wp:attachment":[{"href":"https:\/\/moto-oprema.com\/hr\/wp-json\/wp\/v2\/media?parent=155176"}],"wp:term":[{"taxonomy":"brand","embeddable":true,"href":"https:\/\/moto-oprema.com\/hr\/wp-json\/wp\/v2\/brand?post=155176"},{"taxonomy":"gender","embeddable":true,"href":"https:\/\/moto-oprema.com\/hr\/wp-json\/wp\/v2\/gender?post=155176"},{"taxonomy":"product_brand","embeddable":true,"href":"https:\/\/moto-oprema.com\/hr\/wp-json\/wp\/v2\/product_brand?post=155176"},{"taxonomy":"product_cat","embeddable":true,"href":"https:\/\/moto-oprema.com\/hr\/wp-json\/wp\/v2\/product_cat?post=155176"},{"taxonomy":"product_tag","embeddable":true,"href":"https:\/\/moto-oprema.com\/hr\/wp-json\/wp\/v2\/product_tag?post=155176"}],"curies":[{"name":"wp","href":"https:\/\/api.w.org\/{rel}","templated":true}]}}