{"id":155099,"date":"2022-10-05T10:05:26","date_gmt":"2022-10-05T10:05:26","guid":{"rendered":"https:\/\/moto-oprema.com\/Artikel\/dainese-springbok-3l-absoluteshell-hlace-sivo-crne\/"},"modified":"2022-10-05T10:05:26","modified_gmt":"2022-10-05T10:05:26","slug":"dainese-springbok-3l-absoluteshell-hlace-sivo-crne","status":"publish","type":"product","link":"https:\/\/moto-oprema.com\/hr\/Artikel\/dainese-springbok-3l-absoluteshell-hlace-sivo-crne\/","title":{"rendered":"DAINESE SPRINGBOK 3L ABSOLUTESHELL\u2122 HLA\u010cE SIVO\/CRNE"},"content":{"rendered":"<p>DAINESE SPRINGBOK 3L ABSOLUTESHELL\u2122 HLA\u010cE su troslojne vodootporne hla\u010de dizajnirane za duga putovanja na cesti i izvan nje. Tri sloja od kojih su izra\u0111ene &#8211; vanjski sloj, uklonjiva vodootporna Absoluteshell\u2122 podstava i podstavljeni termo sloj &#8211; te veliki zatvaraju\u0107i ventilacijski paneli osiguravaju iznimnu funkcionalnost i svestranost, \u010dine\u0107i Springbok 3L hla\u010de savr\u0161enima za kori\u0161tenje tijekom cijele godine. Motociklisti\u010dke hla\u010de SPRINGBOK 3L ABSOLUTESHELL\u2122 imaju oja\u010dane umetke na koljenima izra\u0111ene od mekog bru\u0161ene ko\u017ee. Ovaj funkcionalan i elegantan detalj s vremenom poprima jedinstvene nijanse, prate\u0107i pri\u010du i avanture hla\u010da i njihovog nositelja. Rastezljiva Mugello tkanina osigurava maksimalnu udobnost tijekom vo\u017enje i kretanja, dok podesivi Pro Armor Level 2 \u0161titnici na koljenima pru\u017eaju visoku razinu sigurnosti i za\u0161tite. Hla\u010de su kompatibilne sa Pro-Shape 2.0 \u0161titnicima, koji se mogu umetnuti sa strane. Hla\u010de mo\u017eete opremiti posebnim setom tregera.      <\/p>\n<p>ZNA\u010cAJKE<\/p>\n<p>  2 vanjska d\u017eepa<br \/> Kompatibilno s Dainese setom naramenica za hla\u010de<br \/> Reflektiraju\u0107i umetci<\/p>\n<p>ERGONOMIJA<\/p>\n<p>  Pode\u0161avanje obima teleta pomo\u0107u remena<br \/> Sustav za pri\u010dvr\u0161\u0107ivanje jakne i hla\u010da<\/p>\n<p>GLAVNI MATERIJALI<\/p>\n<p>  ABS\u00d8LUTESHELL\u2122 uklonjiva membrana<br \/> Umetci od kravljeg bru\u0161ene ko\u017ee<br \/> Duratex\u2122 tkanina<br \/> Tkanina Mugello<\/p>\n<p>SIGURNOST<\/p>\n<p> Podesivi Pro-Armor \u0161titnici certificirani prema EN 1621.1 Razina 2 Tip B na koljenima<br \/> Pro-Shape 2.0: mekani \u0161titnici certificirani prema EN 1621.1 normi na bokovima<\/p>\n<p> TEMPERATURA<\/p>\n<p> Otvori za zrak na bedrima<br \/> Zra\u010dna mre\u017easta podstava<br \/> Uklonjiva termalna podloga<br \/> Sredina sezone<br \/> ljeto<br \/> zimski<\/p>\n<p><\/p>\n","protected":false},"excerpt":{"rendered":"<p>Troslojne vodootporne hla\u010de za avanturisti\u010dke touring. Optimizirane za kori\u0161tenje tijekom svih godi\u0161njih doba. Mekani Pro Armor&#8230;<\/p>\n","protected":false},"featured_media":155117,"comment_status":"open","ping_status":"closed","template":"","meta":{"_acf_changed":false},"brand":[2800],"gender":[],"product_brand":[],"product_cat":[2832,1356,2857],"product_tag":[],"class_list":{"0":"post-155099","1":"product","2":"type-product","3":"status-publish","4":"has-post-thumbnail","6":"brand-dainese-hr","7":"product_cat-hlace-hr","8":"product_cat-motociklisticka-oprema","9":"product_cat-tekstilne-hlace-hr","10":"pa_size-48-hr","11":"pa_size-50-hr","12":"pa_size-52-hr","13":"pa_size-54-hr","14":"pa_size-56-hr","15":"pa_size-58-hr","16":"pa_size-60-hr","17":"pa_size-62-hr","19":"first","20":"onbackorder","21":"sale","22":"taxable","23":"shipping-taxable","24":"purchasable","25":"product-type-variable"},"acf":[],"_links":{"self":[{"href":"https:\/\/moto-oprema.com\/hr\/wp-json\/wp\/v2\/product\/155099","targetHints":{"allow":["GET"]}}],"collection":[{"href":"https:\/\/moto-oprema.com\/hr\/wp-json\/wp\/v2\/product"}],"about":[{"href":"https:\/\/moto-oprema.com\/hr\/wp-json\/wp\/v2\/types\/product"}],"replies":[{"embeddable":true,"href":"https:\/\/moto-oprema.com\/hr\/wp-json\/wp\/v2\/comments?post=155099"}],"wp:featuredmedia":[{"embeddable":true,"href":"https:\/\/moto-oprema.com\/hr\/wp-json\/wp\/v2\/media\/155117"}],"wp:attachment":[{"href":"https:\/\/moto-oprema.com\/hr\/wp-json\/wp\/v2\/media?parent=155099"}],"wp:term":[{"taxonomy":"brand","embeddable":true,"href":"https:\/\/moto-oprema.com\/hr\/wp-json\/wp\/v2\/brand?post=155099"},{"taxonomy":"gender","embeddable":true,"href":"https:\/\/moto-oprema.com\/hr\/wp-json\/wp\/v2\/gender?post=155099"},{"taxonomy":"product_brand","embeddable":true,"href":"https:\/\/moto-oprema.com\/hr\/wp-json\/wp\/v2\/product_brand?post=155099"},{"taxonomy":"product_cat","embeddable":true,"href":"https:\/\/moto-oprema.com\/hr\/wp-json\/wp\/v2\/product_cat?post=155099"},{"taxonomy":"product_tag","embeddable":true,"href":"https:\/\/moto-oprema.com\/hr\/wp-json\/wp\/v2\/product_tag?post=155099"}],"curies":[{"name":"wp","href":"https:\/\/api.w.org\/{rel}","templated":true}]}}