{"id":155097,"date":"2022-09-30T11:03:01","date_gmt":"2022-09-30T11:03:01","guid":{"rendered":"https:\/\/moto-oprema.com\/Artikel\/dainese-super-speed-4-performanska-kozna-jakna-crna-bijela-fluo-crvena\/"},"modified":"2022-09-30T11:03:01","modified_gmt":"2022-09-30T11:03:01","slug":"dainese-super-speed-4-performanska-kozna-jakna-crna-bijela-fluo-crvena","status":"publish","type":"product","link":"https:\/\/moto-oprema.com\/hr\/Artikel\/dainese-super-speed-4-performanska-kozna-jakna-crna-bijela-fluo-crvena\/","title":{"rendered":"DAINESE SUPER SPEED 4 PERFORMANSKA KO\u017dNA JAKNA CRNA\/BIJELA\/FLUO CRVENA"},"content":{"rendered":"<p>  Dainese motociklisti\u010dka jakna izra\u0111ena od perforirane kravlje ko\u017ee s rastezljivim umetcima i Pro-Armor \u0161titnicima te metalnim kliza\u010dima na ramenima.<\/p>\n<p>Ko\u017ena jakna Super Speed \u200b\u200b4 je sportska motociklisti\u010dka jakna izra\u0111ena od perforirane D-Skin kravlje ko\u017ee s umetcima od Microelastic 2.0 i S1 bielasti\u010dne tkanine, dizajnirana da se prilagodi tijelu i prati ga u svim pokretima. Jakna Super Speed \u200b\u200b4 kombinira visoku razinu sigurnosti i udobnosti s certificiranim kompozitnim \u0161titnicima na laktovima, plasti\u010dnim RSS (Replaceable Safety System) laktovima, certificiranim Pro-Armor \u0161titnicima na ramenima i dvostrukim za\u0161titnim d\u017eepom na prsima. Ramena karakteriziraju integrirane metalne plo\u010de koje olak\u0161avaju klizanje pri kontaktu s asfaltom i sprje\u010davaju rizik od opasnog kotrljanja. Udobna je i ima visoku razinu habanja zahvaljuju\u0107i rastezljivoj konstrukciji na trbuhu i trupu.   <\/p>\n<p>ZNA\u010cAJKE<\/p>\n<p>  Reflektiraju\u0107i umetci<br \/> Zamjenjivi sustav kliza\u010da 2.0: kliza\u010d s brzim otpu\u0161tanjem na laktu<\/p>\n<p>ERGONOMIJA<\/p>\n<p>  Aerodinami\u010dni spojler<br \/> Elasti\u010dni umeci na ramenima<br \/> Elasti\u010dna, visokou\u010dinkovita konstrukcija ru\u010dnog zgloba<br \/> Visokou\u010dinkovita konstrukcija dna<br \/> Sustav za pri\u010dvr\u0161\u0107ivanje jakne i hla\u010da<br \/> Produ\u017eena le\u0111a<br \/> Mikroelasti\u010dno 2.0<br \/> Udobna konstrukcija vrata<br \/> Pode\u0161avanje remena<\/p>\n<p>GLAVNI MATERIJALI<\/p>\n<p>  D-Skin kravlja ko\u017ea<br \/> S1 bielasti\u010dna tkanina<\/p>\n<p>SIGURNOST<\/p>\n<p>  Kompozitni \u0161titnici za laktove certificirani prema EN 1621.1<br \/> D\u017eep za dvostruku za\u0161titu prsa<br \/> D\u017eep za stra\u017enji za\u0161titnik G1 i G2<br \/> Pro-Armor: mekani \u0161titnici certificirani prema EN 1621.1 normi na ramenima<br \/> Zamjenjiva aluminijska naramenica (1876165 set sportskih aluminijskih naramenica)<br \/> Be\u0161avne aluminijske plo\u010de na koljenima<br \/> Termoformirana osnovna ramena<\/p>\n<p>TEMPERATURA<\/p>\n<p>  Umetci od 3D mjehuri\u0107aste tkanine<br \/> Zra\u010dna mre\u017easta podstava<br \/> Lokalizirana perforacija<br \/> ljeto<\/p>\n<p>JAKNE<\/p>\n<p>  KO\u017dA<\/p>\n<p><\/p>\n","protected":false},"excerpt":{"rendered":"<p>Dainese motociklisti\u010dka jakna izra\u0111ena od perforirane kravlje ko\u017ee s rastezljivim umetcima i Pro-Armor \u0161titnicima te metalnim&#8230;<\/p>\n","protected":false},"featured_media":19638,"comment_status":"open","ping_status":"open","template":"","meta":{"_acf_changed":false},"brand":[2800],"gender":[],"product_brand":[],"product_cat":[2759,2915,1356],"product_tag":[],"class_list":{"0":"post-155097","1":"product","2":"type-product","3":"status-publish","4":"has-post-thumbnail","6":"brand-dainese-hr","7":"product_cat-jakne-hr","8":"product_cat-kozne-jakne","9":"product_cat-motociklisticka-oprema","10":"pa_size-48-hr","11":"pa_size-50-hr","12":"pa_size-52-hr","13":"pa_size-54-hr","14":"pa_size-56-hr","15":"pa_size-58-hr","16":"pa_size-60-hr","18":"first","19":"onbackorder","20":"sale","21":"taxable","22":"shipping-taxable","23":"purchasable","24":"product-type-variable"},"acf":[],"_links":{"self":[{"href":"https:\/\/moto-oprema.com\/hr\/wp-json\/wp\/v2\/product\/155097","targetHints":{"allow":["GET"]}}],"collection":[{"href":"https:\/\/moto-oprema.com\/hr\/wp-json\/wp\/v2\/product"}],"about":[{"href":"https:\/\/moto-oprema.com\/hr\/wp-json\/wp\/v2\/types\/product"}],"replies":[{"embeddable":true,"href":"https:\/\/moto-oprema.com\/hr\/wp-json\/wp\/v2\/comments?post=155097"}],"wp:featuredmedia":[{"embeddable":true,"href":"https:\/\/moto-oprema.com\/hr\/wp-json\/wp\/v2\/media\/19638"}],"wp:attachment":[{"href":"https:\/\/moto-oprema.com\/hr\/wp-json\/wp\/v2\/media?parent=155097"}],"wp:term":[{"taxonomy":"brand","embeddable":true,"href":"https:\/\/moto-oprema.com\/hr\/wp-json\/wp\/v2\/brand?post=155097"},{"taxonomy":"gender","embeddable":true,"href":"https:\/\/moto-oprema.com\/hr\/wp-json\/wp\/v2\/gender?post=155097"},{"taxonomy":"product_brand","embeddable":true,"href":"https:\/\/moto-oprema.com\/hr\/wp-json\/wp\/v2\/product_brand?post=155097"},{"taxonomy":"product_cat","embeddable":true,"href":"https:\/\/moto-oprema.com\/hr\/wp-json\/wp\/v2\/product_cat?post=155097"},{"taxonomy":"product_tag","embeddable":true,"href":"https:\/\/moto-oprema.com\/hr\/wp-json\/wp\/v2\/product_tag?post=155097"}],"curies":[{"name":"wp","href":"https:\/\/api.w.org\/{rel}","templated":true}]}}