{"id":155090,"date":"2022-09-30T10:21:47","date_gmt":"2022-09-30T10:21:47","guid":{"rendered":"https:\/\/moto-oprema.com\/Artikel\/dainese-pro-armor-chest-2-2-0-stitnik-za-prsa\/"},"modified":"2022-09-30T10:21:47","modified_gmt":"2022-09-30T10:21:47","slug":"dainese-pro-armor-chest-2-2-0-stitnik-za-prsa","status":"publish","type":"product","link":"https:\/\/moto-oprema.com\/hr\/Artikel\/dainese-pro-armor-chest-2-2-0-stitnik-za-prsa\/","title":{"rendered":"DAINESE PRO-ARMOR CHEST 2 2.0 \u0160TITNIK ZA PRSA"},"content":{"rendered":"<p>Za\u0161titni, lagani i prozra\u010dni \u2013 dvodijelni \u0161titnik za prsa s Pro-Armor 2.0 tehnologijom.<\/p>\n<p>Uzdu\u017ena i lateralna fleksija, anatomski oblik i dinami\u010dka debljina osnova su za Pro-Armor Chest 2PCS 2.0, Daineseov \u0161titnik za prsa, certificiran na razini 1 prema EN 1621.3. Pro-Armor 2.0 izuzetno je lagan zahvaljuju\u0107i novom Xeliona materijalu 2.0. Razina sigurnosti izravno je proporcionalna udobnosti u ovom izuzetno laganom, nosivom i prozra\u010dnom dvodijelnom \u0161titniku, koji pru\u017ea najvi\u0161u razinu toplinske udobnosti, mobilnosti i ergonomije me\u0111u Dainese \u0161titnicima.  <\/p>\n<p>ERGONOMIJA<\/p>\n<p>  Anatomski oblik<br \/> Dinami\u010dka debljina<br \/> Uzdu\u017eno savijanje<\/p>\n<p>GLAVNI MATERIJALI<\/p>\n<p>  Ekspandirana nitrilna guma<\/p>\n<p>MO\u0106AN \u0160OK<\/p>\n<p>  Za\u0161titnik za prsa s CE certifikatom &#8211; kat. 2 &#8211; EN 1621.3 razina 1<br \/> Funkcionalni uzorak<\/p>\n<p>TEMPERATURA<\/p>\n<p>  Perforirana struktura<\/p>\n","protected":false},"excerpt":{"rendered":"<p>Za\u0161titni, lagani i prozra\u010dni \u2013 dvodijelni \u0161titnik za prsa s Pro-Armor 2.0 tehnologijom. Uzdu\u017ena i lateralna&#8230;<\/p>\n","protected":false},"featured_media":19606,"comment_status":"open","ping_status":"open","template":"","meta":{"_acf_changed":false},"brand":[2800],"gender":[],"product_brand":[],"product_cat":[1356,2856,2855],"product_tag":[],"class_list":{"0":"post-155090","1":"product","2":"type-product","3":"status-publish","4":"has-post-thumbnail","6":"brand-dainese-hr","7":"product_cat-motociklisticka-oprema","8":"product_cat-zastitnici","9":"product_cat-zastitnici-i-zracni-jastuci","11":"first","12":"outofstock","13":"taxable","14":"shipping-taxable","15":"purchasable","16":"product-type-simple"},"acf":[],"_links":{"self":[{"href":"https:\/\/moto-oprema.com\/hr\/wp-json\/wp\/v2\/product\/155090","targetHints":{"allow":["GET"]}}],"collection":[{"href":"https:\/\/moto-oprema.com\/hr\/wp-json\/wp\/v2\/product"}],"about":[{"href":"https:\/\/moto-oprema.com\/hr\/wp-json\/wp\/v2\/types\/product"}],"replies":[{"embeddable":true,"href":"https:\/\/moto-oprema.com\/hr\/wp-json\/wp\/v2\/comments?post=155090"}],"wp:featuredmedia":[{"embeddable":true,"href":"https:\/\/moto-oprema.com\/hr\/wp-json\/wp\/v2\/media\/19606"}],"wp:attachment":[{"href":"https:\/\/moto-oprema.com\/hr\/wp-json\/wp\/v2\/media?parent=155090"}],"wp:term":[{"taxonomy":"brand","embeddable":true,"href":"https:\/\/moto-oprema.com\/hr\/wp-json\/wp\/v2\/brand?post=155090"},{"taxonomy":"gender","embeddable":true,"href":"https:\/\/moto-oprema.com\/hr\/wp-json\/wp\/v2\/gender?post=155090"},{"taxonomy":"product_brand","embeddable":true,"href":"https:\/\/moto-oprema.com\/hr\/wp-json\/wp\/v2\/product_brand?post=155090"},{"taxonomy":"product_cat","embeddable":true,"href":"https:\/\/moto-oprema.com\/hr\/wp-json\/wp\/v2\/product_cat?post=155090"},{"taxonomy":"product_tag","embeddable":true,"href":"https:\/\/moto-oprema.com\/hr\/wp-json\/wp\/v2\/product_tag?post=155090"}],"curies":[{"name":"wp","href":"https:\/\/api.w.org\/{rel}","templated":true}]}}