{"id":155075,"date":"2022-09-30T10:02:51","date_gmt":"2022-09-30T10:02:51","guid":{"rendered":"https:\/\/moto-oprema.com\/Artikel\/dainese-pro-armor-2-0-dugi-stitnik-za-kraljeznicu\/"},"modified":"2022-09-30T10:02:51","modified_gmt":"2022-09-30T10:02:51","slug":"dainese-pro-armor-2-0-dugi-stitnik-za-kraljeznicu","status":"publish","type":"product","link":"https:\/\/moto-oprema.com\/hr\/Artikel\/dainese-pro-armor-2-0-dugi-stitnik-za-kraljeznicu\/","title":{"rendered":"DAINESE PRO-ARMOR 2.0 dugi \u0161titnik za kralje\u017enicu"},"content":{"rendered":"<p class=\"tw-data-text tw-text-large tw-ta\" id=\"tw-target-text\" style=\"text-align:left;\" dir=\"ltr\"><span xml_lang=\"sl\" lang=\"sl\">Svestran i koristan \u0161titnik za kralje\u017enicu koji se savija i \u0161iri uzdu\u017eno i bo\u010dno. Pri\u010dvr\u0161\u0107uje se za tijelo uklonjivim naramenicama i odvojivim podesivim pojasom za struk.   <\/span><\/p>\n<p class=\"tw-data-text tw-text-large tw-ta\" style=\"text-align:left;\" dir=\"ltr\"><span xml_lang=\"sl\" lang=\"sl\"><strong>Ergonomija:<\/strong>   <br \/><\/span><\/p>\n<p class=\"tw-data-text tw-text-large tw-ta\" style=\"text-align:left;\" dir=\"ltr\"><span xml_lang=\"sl\" lang=\"sl\">Uklonjivi i podesivi remen za struk  <\/span><\/p>\n<p class=\"tw-data-text tw-text-large tw-ta\" style=\"text-align:left;\" dir=\"ltr\"><span xml_lang=\"sl\" lang=\"sl\">Uklonjive naramenice  <\/span><\/p>\n<p class=\"tw-data-text tw-text-large tw-ta\" style=\"text-align:left;\" dir=\"ltr\"><span xml_lang=\"sl\" lang=\"sl\">4. le\u017eajevi, s 5. stupnjevima smjera kretanja   <\/span><\/p>\n<p class=\"tw-data-text tw-text-large tw-ta\" style=\"text-align:left;\" dir=\"ltr\"><span xml_lang=\"sl\" lang=\"sl\">Bo\u010dno savijanje  <br \/><\/span><\/p>\n<p class=\"tw-data-text tw-text-large tw-ta\" style=\"text-align:left;\" dir=\"ltr\"><span xml_lang=\"sl\" lang=\"sl\">Anatomski oblik  <br \/><\/span><\/p>\n<p class=\"tw-data-text tw-text-large tw-ta\" style=\"text-align:left;\" dir=\"ltr\"><span xml_lang=\"sl\" lang=\"sl\"><strong>Glavni materijali:  <\/strong>  <br \/><\/span><\/p>\n<p class=\"tw-data-text tw-text-large tw-ta\" style=\"text-align:left;\" dir=\"ltr\"><span xml_lang=\"sl\" lang=\"sl\">Napredna nitrilna guma  <\/span><\/p>\n<p class=\"tw-data-text tw-text-large tw-ta\" style=\"text-align:left;\" dir=\"ltr\"><span xml_lang=\"sl\" lang=\"sl\">Termoplasti\u010dni le\u017eajevi  <\/span><\/p>\n<p class=\"tw-data-text tw-text-large tw-ta\" style=\"text-align:left;\" dir=\"ltr\"><span xml_lang=\"sl\" lang=\"sl\">Za\u0161titnik za le\u0111a certificiran prema CE &#8211; Kat. II &#8211; EN 1621.2 \/ 2014, Razina 2   <\/span><\/p>\n<p class=\"tw-data-text tw-text-large tw-ta\" style=\"text-align:left;\" dir=\"ltr\">\n","protected":false},"excerpt":{"rendered":"<p>Svestran i koristan \u0161titnik za kralje\u017enicu koji se savija i \u0161iri uzdu\u017eno i bo\u010dno. Pri\u010dvr\u0161\u0107uje se&#8230;<\/p>\n","protected":false},"featured_media":19596,"comment_status":"open","ping_status":"open","template":"","meta":{"_acf_changed":false},"brand":[2800],"gender":[],"product_brand":[],"product_cat":[1356,2856,2855],"product_tag":[],"class_list":{"0":"post-155075","1":"product","2":"type-product","3":"status-publish","4":"has-post-thumbnail","6":"brand-dainese-hr","7":"product_cat-motociklisticka-oprema","8":"product_cat-zastitnici","9":"product_cat-zastitnici-i-zracni-jastuci","10":"pa_size-l-xxl-hr","11":"pa_size-xs-m-hr","13":"first","14":"outofstock","15":"taxable","16":"shipping-taxable","17":"purchasable","18":"product-type-variable"},"acf":[],"_links":{"self":[{"href":"https:\/\/moto-oprema.com\/hr\/wp-json\/wp\/v2\/product\/155075","targetHints":{"allow":["GET"]}}],"collection":[{"href":"https:\/\/moto-oprema.com\/hr\/wp-json\/wp\/v2\/product"}],"about":[{"href":"https:\/\/moto-oprema.com\/hr\/wp-json\/wp\/v2\/types\/product"}],"replies":[{"embeddable":true,"href":"https:\/\/moto-oprema.com\/hr\/wp-json\/wp\/v2\/comments?post=155075"}],"wp:featuredmedia":[{"embeddable":true,"href":"https:\/\/moto-oprema.com\/hr\/wp-json\/wp\/v2\/media\/19596"}],"wp:attachment":[{"href":"https:\/\/moto-oprema.com\/hr\/wp-json\/wp\/v2\/media?parent=155075"}],"wp:term":[{"taxonomy":"brand","embeddable":true,"href":"https:\/\/moto-oprema.com\/hr\/wp-json\/wp\/v2\/brand?post=155075"},{"taxonomy":"gender","embeddable":true,"href":"https:\/\/moto-oprema.com\/hr\/wp-json\/wp\/v2\/gender?post=155075"},{"taxonomy":"product_brand","embeddable":true,"href":"https:\/\/moto-oprema.com\/hr\/wp-json\/wp\/v2\/product_brand?post=155075"},{"taxonomy":"product_cat","embeddable":true,"href":"https:\/\/moto-oprema.com\/hr\/wp-json\/wp\/v2\/product_cat?post=155075"},{"taxonomy":"product_tag","embeddable":true,"href":"https:\/\/moto-oprema.com\/hr\/wp-json\/wp\/v2\/product_tag?post=155075"}],"curies":[{"name":"wp","href":"https:\/\/api.w.org\/{rel}","templated":true}]}}