{"id":155051,"date":"2022-10-10T12:25:21","date_gmt":"2022-10-10T12:25:21","guid":{"rendered":"https:\/\/moto-oprema.com\/Artikel\/shoei-glamster-06-crna\/"},"modified":"2022-10-10T12:25:21","modified_gmt":"2022-10-10T12:25:21","slug":"shoei-glamster-06-crna","status":"publish","type":"product","link":"https:\/\/moto-oprema.com\/hr\/Artikel\/shoei-glamster-06-crna\/","title":{"rendered":"SHOEI GLAMSTER 06 CRNA"},"content":{"rendered":"<p>Neo-retro kaciga za ulicu<\/p>\n<p>SHOEI GLAMSTER06 je elegantna kaciga za motocikliste koji tra\u017ee klasi\u010dan retro izgled, ali ipak \u017eele zadr\u017eati moderne zna\u010dajke.<br \/> Njegova kompaktna AIM \u0161koljka kacige od stakloplastike izra\u0111ena od razli\u010ditih vlaknastih materijala, klasi\u010dno oblikovan vizir, inovativni mehanizam vizira i elegantni otvori za ventilaciju daju ovoj kacigi autenti\u010dan izgled.<br \/> Kao i kod svih trenutnih SHOEI kaciga, unutarnja podstava je potpuno uklonjiva i periva.<br \/> Zbog svoje minimalne te\u017eine, podjednako je popularan kod mu\u0161karaca i \u017eena.<\/p>\n<p>sigurnost<br \/> Njegova vanjska \u0161koljka izra\u0111ena od AIM-a (Advanced Integrated Matrix) u kombinaciji s polistirenskom jezgrom koja se sastoji od nekoliko elemenata s razli\u010ditim sposobnostima apsorpcije nudi optimalnu za\u0161titu od udara.<br \/> Prozirni vizir s velikim vidnim poljem osigurava jasan pogled u gotovo svim uvjetima.<br \/> Elegantni remen za bradu u obliku dvostrukog D lako se pode\u0161ava i sigurno dr\u017ei kacigu na mjestu.<br \/> U hitnim slu\u010dajevima, jastu\u010di\u0107i za obraze mogu se lako ukloniti zahvaljuju\u0107i EQRS-u (Emergency Quick Release System) za nje\u017eno skidanje kacige.<br \/> SHOEI GLAMSTER06 ispunjava zahtjeve novog standarda za ispitivanje motociklisti\u010dkih kaciga ECE-R 22.06.<\/p>\n<p>udobnost no\u0161enja<br \/> 3 razli\u010dite veli\u010dine vanjske \u0161koljke (XS-M | L | XL-XXL) omogu\u0107uju optimalan omjer izme\u0111u veli\u010dine voza\u010da i kacige te pru\u017eaju moderan izgled.<br \/> Jastu\u010di\u0107i za glavu, obraze i bradu su potpuno uklonjivi i perivi.<br \/> Za pode\u0161avanje pristajanja kacige dostupni su jastu\u010di\u0107i za glavu i obraze razli\u010dite \u010dvrsto\u0107e.<\/p>\n<p>Pribor<br \/> Jastu\u010di\u0107i za glavu i obraze dostupni su u razli\u010ditim veli\u010dinama i debljinama za zamjenu istro\u0161enih jastu\u010di\u0107a ili za pode\u0161avanje kacige. Tako\u0111er, dostupni su i jastu\u010di\u0107i za remen za bradu i zavjesa za bradu.<br \/> Umjesto prozirnog vizira, mo\u017ee se ugraditi zasebno dostupan, zatamnjeni vizir u skladu s homologacijskim propisima. <\/p>\n<p>opseg isporuke<br \/> Isporuka SHOEI GLAMSTER06 uklju\u010duje torbu za kacigu za pa\u017eljivo spremanje, PINLOCK\u00aeEVO le\u0107u protiv zamagljivanja s odgovaraju\u0107im zamjenskim klinovima, zavjesu za bradu, naljepnicu s logotipom GLAMSTER i silikonsko ulje za njegu brtve i mehanizma vizira.<br \/> Upute za uporabu kacige i bro\u0161ura &#8220;Pravilna uporaba kacige&#8221; sadr\u017ee vrijedne informacije o kori\u0161tenju, odr\u017eavanju i njezi kacige SHOEI GLAMSTER06.<\/p>\n","protected":false},"excerpt":{"rendered":"","protected":false},"featured_media":19842,"comment_status":"open","ping_status":"open","template":"","meta":{"_acf_changed":false},"brand":[2765],"gender":[2172],"product_brand":[],"product_cat":[1358,1356,1359],"product_tag":[],"class_list":{"0":"post-155051","1":"product","2":"type-product","3":"status-publish","4":"has-post-thumbnail","6":"brand-shoei-hr","7":"gender-unisex-hr","8":"product_cat-kacige","9":"product_cat-motociklisticka-oprema","10":"product_cat-sastavni","11":"pa_size-l-hr","12":"pa_size-m-hr","13":"pa_size-s-hr","14":"pa_size-xl-hr","15":"pa_size-xs-hr","16":"pa_size-xxl-hr","18":"first","19":"onbackorder","20":"taxable","21":"shipping-taxable","22":"purchasable","23":"product-type-variable"},"acf":[],"_links":{"self":[{"href":"https:\/\/moto-oprema.com\/hr\/wp-json\/wp\/v2\/product\/155051","targetHints":{"allow":["GET"]}}],"collection":[{"href":"https:\/\/moto-oprema.com\/hr\/wp-json\/wp\/v2\/product"}],"about":[{"href":"https:\/\/moto-oprema.com\/hr\/wp-json\/wp\/v2\/types\/product"}],"replies":[{"embeddable":true,"href":"https:\/\/moto-oprema.com\/hr\/wp-json\/wp\/v2\/comments?post=155051"}],"wp:featuredmedia":[{"embeddable":true,"href":"https:\/\/moto-oprema.com\/hr\/wp-json\/wp\/v2\/media\/19842"}],"wp:attachment":[{"href":"https:\/\/moto-oprema.com\/hr\/wp-json\/wp\/v2\/media?parent=155051"}],"wp:term":[{"taxonomy":"brand","embeddable":true,"href":"https:\/\/moto-oprema.com\/hr\/wp-json\/wp\/v2\/brand?post=155051"},{"taxonomy":"gender","embeddable":true,"href":"https:\/\/moto-oprema.com\/hr\/wp-json\/wp\/v2\/gender?post=155051"},{"taxonomy":"product_brand","embeddable":true,"href":"https:\/\/moto-oprema.com\/hr\/wp-json\/wp\/v2\/product_brand?post=155051"},{"taxonomy":"product_cat","embeddable":true,"href":"https:\/\/moto-oprema.com\/hr\/wp-json\/wp\/v2\/product_cat?post=155051"},{"taxonomy":"product_tag","embeddable":true,"href":"https:\/\/moto-oprema.com\/hr\/wp-json\/wp\/v2\/product_tag?post=155051"}],"curies":[{"name":"wp","href":"https:\/\/api.w.org\/{rel}","templated":true}]}}