{"id":154708,"date":"2022-11-18T16:49:02","date_gmt":"2022-11-18T16:49:02","guid":{"rendered":"https:\/\/moto-oprema.com\/Artikel\/dainese-lumbal-low\/"},"modified":"2022-11-18T16:49:02","modified_gmt":"2022-11-18T16:49:02","slug":"dainese-lumbal-low","status":"publish","type":"product","link":"https:\/\/moto-oprema.com\/hr\/Artikel\/dainese-lumbal-low\/","title":{"rendered":"DAINESE LUMBAL LOW"},"content":{"rendered":"<p><strong>Dainese lumbalni pojas visoki crni.<\/strong><\/p>\n<p>Visoki polukruti pojas za lumbalnu potporu, idealan za duga putovanja. Dizajniran je kako bi jam\u010dio potporu i visoku razinu udobnosti tijekom vo\u017enje, \u010dak i tijekom dugih putovanja. Udobnost, lako\u0107a i prozra\u010dnost, kao i mogu\u0107nost finog pode\u0161avanja remena \u010di\u010dkom, osiguravaju maksimalnu udobnost vo\u017enje i kretanja.  <\/p>\n<p><strong>Ergonomija<\/strong><\/p>\n<ul>\n<li>Podesivi lumbalni remen<\/li>\n<li>Lumbalni pojas<\/li>\n<\/ul>\n","protected":false},"excerpt":{"rendered":"<p>Dainese Lumbar High lumbalni pojas. Udobno, lagano, prozra\u010dno.<\/p>\n","protected":false},"featured_media":20244,"comment_status":"open","ping_status":"closed","template":"","meta":{"_acf_changed":false},"brand":[2800],"gender":[],"product_brand":[],"product_cat":[1356,2856,2855],"product_tag":[],"class_list":{"0":"post-154708","1":"product","2":"type-product","3":"status-publish","4":"has-post-thumbnail","6":"brand-dainese-hr","7":"product_cat-motociklisticka-oprema","8":"product_cat-zastitnici","9":"product_cat-zastitnici-i-zracni-jastuci","10":"pa_velikost-st-l-hr","11":"pa_velikost-st-m-hr","12":"pa_velikost-st-s-hr","13":"pa_velikost-st-xl-hr","15":"first","16":"onbackorder","17":"sale","18":"taxable","19":"shipping-taxable","20":"purchasable","21":"product-type-variable"},"acf":[],"_links":{"self":[{"href":"https:\/\/moto-oprema.com\/hr\/wp-json\/wp\/v2\/product\/154708","targetHints":{"allow":["GET"]}}],"collection":[{"href":"https:\/\/moto-oprema.com\/hr\/wp-json\/wp\/v2\/product"}],"about":[{"href":"https:\/\/moto-oprema.com\/hr\/wp-json\/wp\/v2\/types\/product"}],"replies":[{"embeddable":true,"href":"https:\/\/moto-oprema.com\/hr\/wp-json\/wp\/v2\/comments?post=154708"}],"wp:featuredmedia":[{"embeddable":true,"href":"https:\/\/moto-oprema.com\/hr\/wp-json\/wp\/v2\/media\/20244"}],"wp:attachment":[{"href":"https:\/\/moto-oprema.com\/hr\/wp-json\/wp\/v2\/media?parent=154708"}],"wp:term":[{"taxonomy":"brand","embeddable":true,"href":"https:\/\/moto-oprema.com\/hr\/wp-json\/wp\/v2\/brand?post=154708"},{"taxonomy":"gender","embeddable":true,"href":"https:\/\/moto-oprema.com\/hr\/wp-json\/wp\/v2\/gender?post=154708"},{"taxonomy":"product_brand","embeddable":true,"href":"https:\/\/moto-oprema.com\/hr\/wp-json\/wp\/v2\/product_brand?post=154708"},{"taxonomy":"product_cat","embeddable":true,"href":"https:\/\/moto-oprema.com\/hr\/wp-json\/wp\/v2\/product_cat?post=154708"},{"taxonomy":"product_tag","embeddable":true,"href":"https:\/\/moto-oprema.com\/hr\/wp-json\/wp\/v2\/product_tag?post=154708"}],"curies":[{"name":"wp","href":"https:\/\/api.w.org\/{rel}","templated":true}]}}