{"id":154672,"date":"2022-12-12T12:11:31","date_gmt":"2022-12-12T12:11:31","guid":{"rendered":"https:\/\/moto-oprema.com\/Artikel\/alpinestars-mtb-stitnik-za-koljena-paragon-lite\/"},"modified":"2022-12-12T12:11:31","modified_gmt":"2022-12-12T12:11:31","slug":"alpinestars-mtb-stitnik-za-koljena-paragon-lite","status":"publish","type":"product","link":"https:\/\/moto-oprema.com\/hr\/Artikel\/alpinestars-mtb-stitnik-za-koljena-paragon-lite\/","title":{"rendered":"ALPINESTARS MTB \u0160TITNIK ZA KOLJENA PARAGON LITE"},"content":{"rendered":"<div class=\"rte\">\n<div id=\"collapse1One\" class=\"accordion-body collapse in\">\n<div class=\"field field-name-body field-type-text-with-summary field-label-hidden\">\n<div class=\"field-items\">\n<div class=\"field-item even\">\u0160titnik za koljena: EN 1621-1:2012 razina 1 Iznimno lagan, izdr\u017eljiv i fleksibilan \u0161titnik izra\u0111en od prozra\u010dne rastezljive mre\u017ee, prednja plo\u010da izra\u0111ena od tkanine otporne na habanje. Dizajn \u0161titnika s elasti\u010dnim man\u017eetama i silikonskim printom <\/div>\n<\/div>\n<\/div>\n<\/div>\n<\/div>\n","protected":false},"excerpt":{"rendered":"<p>\u0160titnik za koljena: EN 1621-1:2012 razina 1 Iznimno lagan, izdr\u017eljiv i fleksibilan \u0161titnik izra\u0111en od prozra\u010dne&#8230;<\/p>\n","protected":false},"featured_media":20258,"comment_status":"open","ping_status":"closed","template":"","meta":{"_acf_changed":false},"brand":[2748],"gender":[],"product_brand":[],"product_cat":[2740,2741,2891],"product_tag":[],"class_list":{"0":"post-154672","1":"product","2":"type-product","3":"status-publish","4":"has-post-thumbnail","6":"brand-alpinestars-hr","7":"product_cat-mtb-biciklisticka-oprema","8":"product_cat-mtb-stitnici","9":"product_cat-stitnici-za-koljena-za-mtb","10":"pa_size-l-hr","11":"pa_size-m-hr","12":"pa_size-s-hr","13":"pa_size-xl-hr","14":"pa_size-xs-hr","16":"first","17":"outofstock","18":"taxable","19":"shipping-taxable","20":"purchasable","21":"product-type-variable"},"acf":[],"_links":{"self":[{"href":"https:\/\/moto-oprema.com\/hr\/wp-json\/wp\/v2\/product\/154672","targetHints":{"allow":["GET"]}}],"collection":[{"href":"https:\/\/moto-oprema.com\/hr\/wp-json\/wp\/v2\/product"}],"about":[{"href":"https:\/\/moto-oprema.com\/hr\/wp-json\/wp\/v2\/types\/product"}],"replies":[{"embeddable":true,"href":"https:\/\/moto-oprema.com\/hr\/wp-json\/wp\/v2\/comments?post=154672"}],"wp:featuredmedia":[{"embeddable":true,"href":"https:\/\/moto-oprema.com\/hr\/wp-json\/wp\/v2\/media\/20258"}],"wp:attachment":[{"href":"https:\/\/moto-oprema.com\/hr\/wp-json\/wp\/v2\/media?parent=154672"}],"wp:term":[{"taxonomy":"brand","embeddable":true,"href":"https:\/\/moto-oprema.com\/hr\/wp-json\/wp\/v2\/brand?post=154672"},{"taxonomy":"gender","embeddable":true,"href":"https:\/\/moto-oprema.com\/hr\/wp-json\/wp\/v2\/gender?post=154672"},{"taxonomy":"product_brand","embeddable":true,"href":"https:\/\/moto-oprema.com\/hr\/wp-json\/wp\/v2\/product_brand?post=154672"},{"taxonomy":"product_cat","embeddable":true,"href":"https:\/\/moto-oprema.com\/hr\/wp-json\/wp\/v2\/product_cat?post=154672"},{"taxonomy":"product_tag","embeddable":true,"href":"https:\/\/moto-oprema.com\/hr\/wp-json\/wp\/v2\/product_tag?post=154672"}],"curies":[{"name":"wp","href":"https:\/\/api.w.org\/{rel}","templated":true}]}}