{"id":154643,"date":"2023-12-13T11:50:26","date_gmt":"2023-12-13T11:50:26","guid":{"rendered":"https:\/\/moto-oprema.com\/Artikel\/dainese-racing-service-zenska-majica-navy-peour\/"},"modified":"2023-12-13T11:50:26","modified_gmt":"2023-12-13T11:50:26","slug":"dainese-racing-service-zenska-majica-navy-peour","status":"publish","type":"product","link":"https:\/\/moto-oprema.com\/hr\/Artikel\/dainese-racing-service-zenska-majica-navy-peour\/","title":{"rendered":"Dainese Racing Service \u017denska majica Navy Peour"},"content":{"rendered":"<p>\u017denska majica s okruglim izrezom izra\u0111ena od 95% pamuka i 5% elastana, s printom na le\u0111ima i logotipom na prednjoj strani.<\/p>\n<p>&nbsp;<\/p>\n","protected":false},"excerpt":{"rendered":"<p>\u017denska majica s okruglim izrezom izra\u0111ena od 95% pamuka i 5% elastana, s printom na le\u0111ima&#8230;<\/p>\n","protected":false},"featured_media":154648,"comment_status":"open","ping_status":"open","template":"","meta":{"_acf_changed":false},"brand":[2800],"gender":[1314],"product_brand":[],"product_cat":[2829,2830],"product_tag":[2907,3185,2862],"class_list":{"0":"post-154643","1":"product","2":"type-product","3":"status-publish","4":"has-post-thumbnail","6":"brand-dainese-hr","7":"gender-zenska","8":"product_cat-lezerna-odjeca","9":"product_cat-majice-kratkih-rukava","10":"product_tag-lezerno","11":"product_tag-majice-kratkih-rukava","12":"product_tag-odjeca","13":"pa_barva-plava","14":"pa_product-code-da18900012-40l-hr","15":"pa_product-id-38275-hr","16":"pa_velikost-st-l-hr","17":"pa_velikost-st-m-hr","18":"pa_velikost-st-s-hr","19":"pa_velikost-st-xs-hr","21":"first","22":"instock","23":"taxable","24":"shipping-taxable","25":"purchasable","26":"product-type-variable"},"acf":[],"_links":{"self":[{"href":"https:\/\/moto-oprema.com\/hr\/wp-json\/wp\/v2\/product\/154643","targetHints":{"allow":["GET"]}}],"collection":[{"href":"https:\/\/moto-oprema.com\/hr\/wp-json\/wp\/v2\/product"}],"about":[{"href":"https:\/\/moto-oprema.com\/hr\/wp-json\/wp\/v2\/types\/product"}],"replies":[{"embeddable":true,"href":"https:\/\/moto-oprema.com\/hr\/wp-json\/wp\/v2\/comments?post=154643"}],"wp:featuredmedia":[{"embeddable":true,"href":"https:\/\/moto-oprema.com\/hr\/wp-json\/wp\/v2\/media\/154648"}],"wp:attachment":[{"href":"https:\/\/moto-oprema.com\/hr\/wp-json\/wp\/v2\/media?parent=154643"}],"wp:term":[{"taxonomy":"brand","embeddable":true,"href":"https:\/\/moto-oprema.com\/hr\/wp-json\/wp\/v2\/brand?post=154643"},{"taxonomy":"gender","embeddable":true,"href":"https:\/\/moto-oprema.com\/hr\/wp-json\/wp\/v2\/gender?post=154643"},{"taxonomy":"product_brand","embeddable":true,"href":"https:\/\/moto-oprema.com\/hr\/wp-json\/wp\/v2\/product_brand?post=154643"},{"taxonomy":"product_cat","embeddable":true,"href":"https:\/\/moto-oprema.com\/hr\/wp-json\/wp\/v2\/product_cat?post=154643"},{"taxonomy":"product_tag","embeddable":true,"href":"https:\/\/moto-oprema.com\/hr\/wp-json\/wp\/v2\/product_tag?post=154643"}],"curies":[{"name":"wp","href":"https:\/\/api.w.org\/{rel}","templated":true}]}}