{"id":154626,"date":"2022-10-13T12:02:11","date_gmt":"2022-10-13T12:02:11","guid":{"rendered":"https:\/\/moto-oprema.com\/Artikel\/tld-mx-dres-se-pro-fracture-tamno-crveni\/"},"modified":"2022-10-13T12:02:11","modified_gmt":"2022-10-13T12:02:11","slug":"tld-mx-dres-se-pro-fracture-tamno-crveni","status":"publish","type":"product","link":"https:\/\/moto-oprema.com\/hr\/Artikel\/tld-mx-dres-se-pro-fracture-tamno-crveni\/","title":{"rendered":"TLD MX DRES SE PRO FRACTURE TAMNO CRVENI"},"content":{"rendered":"<p>Dres za motokros Troy Lee Designs SE Pro je pravi sportski dres i pru\u017ea vam najbolju mogu\u0107u podr\u0161ku u borbi za pole position.<\/p>\n<p>TLD Dura Mesh tkanina rastezljiva u 4 smjera i trka\u0107i kroj omogu\u0107uju vam neograni\u010denu slobodu kretanja. Tkanina odvodi vlagu s tijela i posebno se brzo su\u0161i. \u0160avovi na dekolteu su zavareni za jo\u0161 ve\u0107u udobnost. Natpis &#8220;Troy Lee Designs&#8221; u gel printu na donjem dijelu le\u0111a dr\u017ei dres na mjestu.   <\/p>\n<p>Materijal: 92% poliester, 8% elastan. Bluesign\u00ae certifikat <\/p>\n","protected":false},"excerpt":{"rendered":"<p>Dres za motokros Troy Lee Designs SE Pro je pravi sportski dres i pru\u017ea vam najbolju&#8230;<\/p>\n","protected":false},"featured_media":19975,"comment_status":"open","ping_status":"open","template":"","meta":{"_acf_changed":false},"brand":[3005],"gender":[],"product_brand":[],"product_cat":[2746,2733],"product_tag":[],"class_list":{"0":"post-154626","1":"product","2":"type-product","3":"status-publish","4":"has-post-thumbnail","6":"brand-najvisa-razina","7":"product_cat-mx-dresovi","8":"product_cat-oprema-za-motokros","9":"pa_size-l-hr","10":"pa_size-m-hr","11":"pa_size-s-hr","12":"pa_size-xl-hr","14":"first","15":"onbackorder","16":"taxable","17":"shipping-taxable","18":"purchasable","19":"product-type-variable"},"acf":[],"_links":{"self":[{"href":"https:\/\/moto-oprema.com\/hr\/wp-json\/wp\/v2\/product\/154626","targetHints":{"allow":["GET"]}}],"collection":[{"href":"https:\/\/moto-oprema.com\/hr\/wp-json\/wp\/v2\/product"}],"about":[{"href":"https:\/\/moto-oprema.com\/hr\/wp-json\/wp\/v2\/types\/product"}],"replies":[{"embeddable":true,"href":"https:\/\/moto-oprema.com\/hr\/wp-json\/wp\/v2\/comments?post=154626"}],"wp:featuredmedia":[{"embeddable":true,"href":"https:\/\/moto-oprema.com\/hr\/wp-json\/wp\/v2\/media\/19975"}],"wp:attachment":[{"href":"https:\/\/moto-oprema.com\/hr\/wp-json\/wp\/v2\/media?parent=154626"}],"wp:term":[{"taxonomy":"brand","embeddable":true,"href":"https:\/\/moto-oprema.com\/hr\/wp-json\/wp\/v2\/brand?post=154626"},{"taxonomy":"gender","embeddable":true,"href":"https:\/\/moto-oprema.com\/hr\/wp-json\/wp\/v2\/gender?post=154626"},{"taxonomy":"product_brand","embeddable":true,"href":"https:\/\/moto-oprema.com\/hr\/wp-json\/wp\/v2\/product_brand?post=154626"},{"taxonomy":"product_cat","embeddable":true,"href":"https:\/\/moto-oprema.com\/hr\/wp-json\/wp\/v2\/product_cat?post=154626"},{"taxonomy":"product_tag","embeddable":true,"href":"https:\/\/moto-oprema.com\/hr\/wp-json\/wp\/v2\/product_tag?post=154626"}],"curies":[{"name":"wp","href":"https:\/\/api.w.org\/{rel}","templated":true}]}}