{"id":154552,"date":"2024-01-22T11:08:02","date_gmt":"2024-01-22T11:08:02","guid":{"rendered":"https:\/\/moto-oprema.com\/Artikel\/sluzbena-linija-tima-red-bull-ktm-majica\/"},"modified":"2024-01-22T11:08:02","modified_gmt":"2024-01-22T11:08:02","slug":"sluzbena-linija-tima-red-bull-ktm-majica","status":"publish","type":"product","link":"https:\/\/moto-oprema.com\/hr\/Artikel\/sluzbena-linija-tima-red-bull-ktm-majica\/","title":{"rendered":"SLU\u017dBENA LINIJA TIMA RED BULL KTM MAJICA"},"content":{"rendered":"<p>Mu\u0161ka majica kratkih rukava Red Bull &#8211; KTM<\/p>\n<p>Ova klasi\u010dna mornarsko plava i naran\u010dasta majica kratkih rukava ima originalne logotipe timova i partnera kako biste se istaknuli na stazi. Naravno, ova majica \u0107e vas dobro odjenuti i izvan staze. <\/p>\n<p>Sastav sirovine: 100% reciklirani poliester<\/p>\n","protected":false},"excerpt":{"rendered":"<p>Mu\u0161ka majica kratkih rukava Red Bull &#8211; KTM Ova klasi\u010dna mornarsko plava i naran\u010dasta majica kratkih&#8230;<\/p>\n","protected":false},"featured_media":26145,"comment_status":"open","ping_status":"open","template":"","meta":{"_acf_changed":false},"brand":[2936],"gender":[],"product_brand":[],"product_cat":[2829,2830,1356],"product_tag":[],"class_list":{"0":"post-154552","1":"product","2":"type-product","3":"status-publish","4":"has-post-thumbnail","6":"brand-red-bull-hr","7":"product_cat-lezerna-odjeca","8":"product_cat-majice-kratkih-rukava","9":"product_cat-motociklisticka-oprema","10":"pa_size-l-hr","11":"pa_size-m-hr","12":"pa_size-s-hr","13":"pa_size-xl-hr","14":"pa_size-xs-hr","15":"pa_size-xxl-hr","16":"pa_size-xxxl-hr","18":"first","19":"instock","20":"taxable","21":"shipping-taxable","22":"purchasable","23":"product-type-variable"},"acf":[],"_links":{"self":[{"href":"https:\/\/moto-oprema.com\/hr\/wp-json\/wp\/v2\/product\/154552","targetHints":{"allow":["GET"]}}],"collection":[{"href":"https:\/\/moto-oprema.com\/hr\/wp-json\/wp\/v2\/product"}],"about":[{"href":"https:\/\/moto-oprema.com\/hr\/wp-json\/wp\/v2\/types\/product"}],"replies":[{"embeddable":true,"href":"https:\/\/moto-oprema.com\/hr\/wp-json\/wp\/v2\/comments?post=154552"}],"wp:featuredmedia":[{"embeddable":true,"href":"https:\/\/moto-oprema.com\/hr\/wp-json\/wp\/v2\/media\/26145"}],"wp:attachment":[{"href":"https:\/\/moto-oprema.com\/hr\/wp-json\/wp\/v2\/media?parent=154552"}],"wp:term":[{"taxonomy":"brand","embeddable":true,"href":"https:\/\/moto-oprema.com\/hr\/wp-json\/wp\/v2\/brand?post=154552"},{"taxonomy":"gender","embeddable":true,"href":"https:\/\/moto-oprema.com\/hr\/wp-json\/wp\/v2\/gender?post=154552"},{"taxonomy":"product_brand","embeddable":true,"href":"https:\/\/moto-oprema.com\/hr\/wp-json\/wp\/v2\/product_brand?post=154552"},{"taxonomy":"product_cat","embeddable":true,"href":"https:\/\/moto-oprema.com\/hr\/wp-json\/wp\/v2\/product_cat?post=154552"},{"taxonomy":"product_tag","embeddable":true,"href":"https:\/\/moto-oprema.com\/hr\/wp-json\/wp\/v2\/product_tag?post=154552"}],"curies":[{"name":"wp","href":"https:\/\/api.w.org\/{rel}","templated":true}]}}