{"id":154516,"date":"2024-01-22T11:26:03","date_gmt":"2024-01-22T11:26:03","guid":{"rendered":"https:\/\/moto-oprema.com\/Artikel\/red-bull-ktm-zip-hoodie-sluzbena-linija-tima\/"},"modified":"2024-01-22T11:26:03","modified_gmt":"2024-01-22T11:26:03","slug":"red-bull-ktm-zip-hoodie-sluzbena-linija-tima","status":"publish","type":"product","link":"https:\/\/moto-oprema.com\/hr\/Artikel\/red-bull-ktm-zip-hoodie-sluzbena-linija-tima\/","title":{"rendered":"RED BULL KTM ZIP HOODIE SLU\u017dBENA LINIJA TIMA"},"content":{"rendered":"<p>Podr\u017eite trka\u0107i tim RED BULL KTM sa stilom uz slu\u017ebenu Teamline jaknu na patentni zatvara\u010d.<\/p>\n<p>Ova jakna klasi\u010dnog kroja s patentnim zatvara\u010dem u mornarsko plavoj i naran\u010dastoj boji ima otisnute logotipe tima i partnera te impresionira kvalitetnom izradom. Zatvara\u010d po cijeloj duljini i dva prakti\u010dna d\u017eepa za ruke upotpunjuju udoban i sportski dizajn. <\/p>\n<p>Materijal: 65% pamuk, 35% poliester<\/p>\n","protected":false},"excerpt":{"rendered":"<p>Podr\u017eite trka\u0107i tim RED BULL KTM sa stilom uz slu\u017ebenu Teamline jaknu na patentni zatvara\u010d. Ova&#8230;<\/p>\n","protected":false},"featured_media":26162,"comment_status":"open","ping_status":"open","template":"","meta":{"_acf_changed":false},"brand":[2936],"gender":[],"product_brand":[],"product_cat":[2905,2829,1356],"product_tag":[],"class_list":{"0":"post-154516","1":"product","2":"type-product","3":"status-publish","4":"has-post-thumbnail","6":"brand-red-bull-hr","7":"product_cat-dzemperi-i-kardigani","8":"product_cat-lezerna-odjeca","9":"product_cat-motociklisticka-oprema","10":"pa_size-l-hr","11":"pa_size-m-hr","12":"pa_size-s-hr","13":"pa_size-xl-hr","14":"pa_size-xs-hr","15":"pa_size-xxl-hr","16":"pa_size-xxxl-hr","18":"first","19":"instock","20":"taxable","21":"shipping-taxable","22":"purchasable","23":"product-type-variable"},"acf":[],"_links":{"self":[{"href":"https:\/\/moto-oprema.com\/hr\/wp-json\/wp\/v2\/product\/154516","targetHints":{"allow":["GET"]}}],"collection":[{"href":"https:\/\/moto-oprema.com\/hr\/wp-json\/wp\/v2\/product"}],"about":[{"href":"https:\/\/moto-oprema.com\/hr\/wp-json\/wp\/v2\/types\/product"}],"replies":[{"embeddable":true,"href":"https:\/\/moto-oprema.com\/hr\/wp-json\/wp\/v2\/comments?post=154516"}],"wp:featuredmedia":[{"embeddable":true,"href":"https:\/\/moto-oprema.com\/hr\/wp-json\/wp\/v2\/media\/26162"}],"wp:attachment":[{"href":"https:\/\/moto-oprema.com\/hr\/wp-json\/wp\/v2\/media?parent=154516"}],"wp:term":[{"taxonomy":"brand","embeddable":true,"href":"https:\/\/moto-oprema.com\/hr\/wp-json\/wp\/v2\/brand?post=154516"},{"taxonomy":"gender","embeddable":true,"href":"https:\/\/moto-oprema.com\/hr\/wp-json\/wp\/v2\/gender?post=154516"},{"taxonomy":"product_brand","embeddable":true,"href":"https:\/\/moto-oprema.com\/hr\/wp-json\/wp\/v2\/product_brand?post=154516"},{"taxonomy":"product_cat","embeddable":true,"href":"https:\/\/moto-oprema.com\/hr\/wp-json\/wp\/v2\/product_cat?post=154516"},{"taxonomy":"product_tag","embeddable":true,"href":"https:\/\/moto-oprema.com\/hr\/wp-json\/wp\/v2\/product_tag?post=154516"}],"curies":[{"name":"wp","href":"https:\/\/api.w.org\/{rel}","templated":true}]}}