{"id":154500,"date":"2024-01-23T09:06:50","date_gmt":"2024-01-23T09:06:50","guid":{"rendered":"https:\/\/moto-oprema.com\/Artikel\/sluzbeni-timski-lin-red-bull-ktm-a\/"},"modified":"2024-01-23T09:06:50","modified_gmt":"2024-01-23T09:06:50","slug":"sluzbeni-timski-lin-red-bull-ktm-a","status":"publish","type":"product","link":"https:\/\/moto-oprema.com\/hr\/Artikel\/sluzbeni-timski-lin-red-bull-ktm-a\/","title":{"rendered":"SLU\u017dBENI TIMSKI LIN RED BULL KTM-A"},"content":{"rendered":"<p>Sve \u0161to vam je potrebno za prijevoz na trka\u0107oj stazi, u slobodno vrijeme ili na putu do posla &#8211; ima puno prostora u RED BULL KTM Official Teamline Layover torbi.<\/p>\n<p>Brojni odvojeni pretinci za pohranu osiguravaju da su vam va\u0161e osnovne stvari, elektroni\u010dki ure\u0111aji ili sun\u010dane nao\u010dale uvijek pri ruci. S originalnim logotipima tima i partnera, ova OGIO torba s robusnim kota\u010dima i teleskopskom ru\u010dkom pravi je privla\u010dan detalj. <\/p>\n<p>Materijal: 100% poliester<\/p>\n","protected":false},"excerpt":{"rendered":"<p>Sve \u0161to vam je potrebno za prijevoz na trka\u0107oj stazi, u slobodno vrijeme ili na putu&#8230;<\/p>\n","protected":false},"featured_media":26216,"comment_status":"open","ping_status":"closed","template":"","meta":{"_acf_changed":false},"brand":[2936],"gender":[],"product_brand":[],"product_cat":[2730,2729],"product_tag":[],"class_list":{"0":"post-154500","1":"product","2":"type-product","3":"status-publish","4":"has-post-thumbnail","6":"brand-red-bull-hr","7":"product_cat-koferi-i-torbe","8":"product_cat-pribor","10":"first","11":"instock","12":"taxable","13":"shipping-taxable","14":"purchasable","15":"product-type-simple"},"acf":[],"_links":{"self":[{"href":"https:\/\/moto-oprema.com\/hr\/wp-json\/wp\/v2\/product\/154500","targetHints":{"allow":["GET"]}}],"collection":[{"href":"https:\/\/moto-oprema.com\/hr\/wp-json\/wp\/v2\/product"}],"about":[{"href":"https:\/\/moto-oprema.com\/hr\/wp-json\/wp\/v2\/types\/product"}],"replies":[{"embeddable":true,"href":"https:\/\/moto-oprema.com\/hr\/wp-json\/wp\/v2\/comments?post=154500"}],"wp:featuredmedia":[{"embeddable":true,"href":"https:\/\/moto-oprema.com\/hr\/wp-json\/wp\/v2\/media\/26216"}],"wp:attachment":[{"href":"https:\/\/moto-oprema.com\/hr\/wp-json\/wp\/v2\/media?parent=154500"}],"wp:term":[{"taxonomy":"brand","embeddable":true,"href":"https:\/\/moto-oprema.com\/hr\/wp-json\/wp\/v2\/brand?post=154500"},{"taxonomy":"gender","embeddable":true,"href":"https:\/\/moto-oprema.com\/hr\/wp-json\/wp\/v2\/gender?post=154500"},{"taxonomy":"product_brand","embeddable":true,"href":"https:\/\/moto-oprema.com\/hr\/wp-json\/wp\/v2\/product_brand?post=154500"},{"taxonomy":"product_cat","embeddable":true,"href":"https:\/\/moto-oprema.com\/hr\/wp-json\/wp\/v2\/product_cat?post=154500"},{"taxonomy":"product_tag","embeddable":true,"href":"https:\/\/moto-oprema.com\/hr\/wp-json\/wp\/v2\/product_tag?post=154500"}],"curies":[{"name":"wp","href":"https:\/\/api.w.org\/{rel}","templated":true}]}}