{"id":154460,"date":"2024-01-25T08:43:17","date_gmt":"2024-01-25T08:43:17","guid":{"rendered":"https:\/\/moto-oprema.com\/Artikel\/hjc-kaciga-f71-polumat-crna\/"},"modified":"2024-01-25T08:43:17","modified_gmt":"2024-01-25T08:43:17","slug":"hjc-kaciga-f71-polumat-crna","status":"publish","type":"product","link":"https:\/\/moto-oprema.com\/hr\/Artikel\/hjc-kaciga-f71-polumat-crna\/","title":{"rendered":"HJC KACIGA F71 POLUMAT CRNA"},"content":{"rendered":"<p>F71 je HJC-ova nova sportska kaciga, dizajnirana za cjelodnevnu udobnost pri velikim brzinama. Napredna \u0161koljka od stakloplastike izuzetno je lagana i pru\u017ea iznimnu udobnost i savr\u0161eno pristajanje. F71 je tako\u0111er prikladna za korisnike nao\u010dala i spremna je za HJC 11B, 21B i 50B Bluetooth Smart komunikacijske sustave.  <\/p>\n<p>Zna\u010dajke:<\/p>\n<p>Izvrsno pristajanje i udobnost<br \/>\n napredna \u0161koljka od kompozitnih stakloplastike<br \/>\n pobolj\u0161ani vizir s dvostrukim sustavom zaklju\u010davanja za bolje brtvljenje<br \/>\n aerodinami\u010dna \u0161koljka za iznimne performanse pri velikim brzinama<br \/>\n &#8220;ACS&#8221; napredni ventilacijski sustav s kanalima za potpunu ventilaciju<br \/>\n dinami\u010dni vi\u0161estupanjski \u0161titnik za sunce za optimalno pozicioniranje<br \/>\n Pove\u0107ano vidno polje za bolji pregled<br \/>\n Komplet za hitne slu\u010dajeve (jastu\u010di\u0107i za obraze) za sigurno i brzo reagiranje u hitnim slu\u010dajevima<br \/>\n Pogodno za nositelje nao\u010dala<br \/>\n Brzosu\u0161e\u0107e blazinice koje upijaju vlagu<br \/>\n Jastu\u010di\u0107i za glavu i obraze su odvojivi i perivi<br \/>\n Standardno opremljeno Pinlockom, deflektorom vjetra i prozra\u010dno\u0161\u0107u<br \/>\n Spremno za HJC 11B, 21B i 50B Bluetooth pametne ure\u0111aje (nisu uklju\u010deni)<\/p>\n<p>Tehni\u010dki podaci:<\/p>\n<p>Materijal: stakloplastika<br \/>\n Standard: 22.06<br \/>\n Zatvaranje: Dvostruko D<br \/>\n Vrsta vizira: HJ-38, premaz otporan na ogrebotine, spreman za Pinlock<br \/>\n \u0160titnik za sunce: HJ-V12, premaz otporan na ogrebotine<\/p>\n<p>Veli\u010dine:<\/p>\n<p>Veli\u010dina kacige \/ jastu\u010di\u0107i za obraze \/ \u0161titnik za glavu:<br \/>\n (54-55 cm) \/ 40 mm \/ 21 mm<br \/>\n S (55-56 cm) \/ 40 mm \/ 18 mm<br \/>\n M (57-58 cm) \/ 35 mm \/ 15 mm<br \/>\n D (58-59 cm) \/ 30 mm \/ 12 mm<br \/>\n XL (60-61 cm) \/ 35 mm \/ 9 mm<br \/>\n 2XL (62-63 cm) \/ 30 mm \/ 7 mm<\/p>\n","protected":false},"excerpt":{"rendered":"<p>F71 je HJC-ova nova sportska kaciga, dizajnirana za cjelodnevnu udobnost pri velikim brzinama. Napredna \u0161koljka od&#8230;<\/p>\n","protected":false},"featured_media":26248,"comment_status":"open","ping_status":"open","template":"","meta":{"_acf_changed":false},"brand":[2130],"gender":[],"product_brand":[],"product_cat":[1358,1356,1359],"product_tag":[],"class_list":{"0":"post-154460","1":"product","2":"type-product","3":"status-publish","4":"has-post-thumbnail","6":"brand-hjc-hr","7":"product_cat-kacige","8":"product_cat-motociklisticka-oprema","9":"product_cat-sastavni","10":"pa_size-l-hr","11":"pa_size-m-hr","12":"pa_size-s-hr","13":"pa_size-xl-hr","14":"pa_size-xs-hr","15":"pa_size-xxl-hr","17":"first","18":"instock","19":"sale","20":"taxable","21":"shipping-taxable","22":"purchasable","23":"product-type-variable"},"acf":[],"_links":{"self":[{"href":"https:\/\/moto-oprema.com\/hr\/wp-json\/wp\/v2\/product\/154460","targetHints":{"allow":["GET"]}}],"collection":[{"href":"https:\/\/moto-oprema.com\/hr\/wp-json\/wp\/v2\/product"}],"about":[{"href":"https:\/\/moto-oprema.com\/hr\/wp-json\/wp\/v2\/types\/product"}],"replies":[{"embeddable":true,"href":"https:\/\/moto-oprema.com\/hr\/wp-json\/wp\/v2\/comments?post=154460"}],"wp:featuredmedia":[{"embeddable":true,"href":"https:\/\/moto-oprema.com\/hr\/wp-json\/wp\/v2\/media\/26248"}],"wp:attachment":[{"href":"https:\/\/moto-oprema.com\/hr\/wp-json\/wp\/v2\/media?parent=154460"}],"wp:term":[{"taxonomy":"brand","embeddable":true,"href":"https:\/\/moto-oprema.com\/hr\/wp-json\/wp\/v2\/brand?post=154460"},{"taxonomy":"gender","embeddable":true,"href":"https:\/\/moto-oprema.com\/hr\/wp-json\/wp\/v2\/gender?post=154460"},{"taxonomy":"product_brand","embeddable":true,"href":"https:\/\/moto-oprema.com\/hr\/wp-json\/wp\/v2\/product_brand?post=154460"},{"taxonomy":"product_cat","embeddable":true,"href":"https:\/\/moto-oprema.com\/hr\/wp-json\/wp\/v2\/product_cat?post=154460"},{"taxonomy":"product_tag","embeddable":true,"href":"https:\/\/moto-oprema.com\/hr\/wp-json\/wp\/v2\/product_tag?post=154460"}],"curies":[{"name":"wp","href":"https:\/\/api.w.org\/{rel}","templated":true}]}}