{"id":154450,"date":"2024-01-23T10:41:12","date_gmt":"2024-01-23T10:41:12","guid":{"rendered":"https:\/\/moto-oprema.com\/Artikel\/red-bull-ktm-putna-torba-carve\/"},"modified":"2024-01-23T10:41:12","modified_gmt":"2024-01-23T10:41:12","slug":"red-bull-ktm-putna-torba-carve","status":"publish","type":"product","link":"https:\/\/moto-oprema.com\/hr\/Artikel\/red-bull-ktm-putna-torba-carve\/","title":{"rendered":"RED BULL KTM PUTNA TORBA CARVE"},"content":{"rendered":"<p>Ako \u017eeli\u0161 pokazati svoju strast prema RED BULL KTM-u dok si na cesti, ponesi putnu torbu RED BULL KTM Carve. Ima puno prostora za tvoju odje\u0107u i sve ostalo \u0161to ti je potrebno za avanture. Glavni pretinac s patentnim zatvara\u010dem i odvojenim pretincem za cipele. Prednji d\u017eep s patentnim zatvara\u010dem i mre\u017easti d\u017eep unutra. Ru\u010dke i podesivi remen. Logo trka\u0107eg tima Red Bull KTM.     <\/p>\n<p>&nbsp;<\/p>\n","protected":false},"excerpt":{"rendered":"<p>Veli\u010dina: 70 x 31 x 33 cm<\/p>\n","protected":false},"featured_media":26244,"comment_status":"open","ping_status":"open","template":"","meta":{"_acf_changed":false},"brand":[2936],"gender":[],"product_brand":[],"product_cat":[2730,1356,2729],"product_tag":[],"class_list":{"0":"post-154450","1":"product","2":"type-product","3":"status-publish","4":"has-post-thumbnail","6":"brand-red-bull-hr","7":"product_cat-koferi-i-torbe","8":"product_cat-motociklisticka-oprema","9":"product_cat-pribor","11":"first","12":"instock","13":"taxable","14":"shipping-taxable","15":"purchasable","16":"product-type-simple"},"acf":[],"_links":{"self":[{"href":"https:\/\/moto-oprema.com\/hr\/wp-json\/wp\/v2\/product\/154450","targetHints":{"allow":["GET"]}}],"collection":[{"href":"https:\/\/moto-oprema.com\/hr\/wp-json\/wp\/v2\/product"}],"about":[{"href":"https:\/\/moto-oprema.com\/hr\/wp-json\/wp\/v2\/types\/product"}],"replies":[{"embeddable":true,"href":"https:\/\/moto-oprema.com\/hr\/wp-json\/wp\/v2\/comments?post=154450"}],"wp:featuredmedia":[{"embeddable":true,"href":"https:\/\/moto-oprema.com\/hr\/wp-json\/wp\/v2\/media\/26244"}],"wp:attachment":[{"href":"https:\/\/moto-oprema.com\/hr\/wp-json\/wp\/v2\/media?parent=154450"}],"wp:term":[{"taxonomy":"brand","embeddable":true,"href":"https:\/\/moto-oprema.com\/hr\/wp-json\/wp\/v2\/brand?post=154450"},{"taxonomy":"gender","embeddable":true,"href":"https:\/\/moto-oprema.com\/hr\/wp-json\/wp\/v2\/gender?post=154450"},{"taxonomy":"product_brand","embeddable":true,"href":"https:\/\/moto-oprema.com\/hr\/wp-json\/wp\/v2\/product_brand?post=154450"},{"taxonomy":"product_cat","embeddable":true,"href":"https:\/\/moto-oprema.com\/hr\/wp-json\/wp\/v2\/product_cat?post=154450"},{"taxonomy":"product_tag","embeddable":true,"href":"https:\/\/moto-oprema.com\/hr\/wp-json\/wp\/v2\/product_tag?post=154450"}],"curies":[{"name":"wp","href":"https:\/\/api.w.org\/{rel}","templated":true}]}}