{"id":154445,"date":"2024-01-22T11:19:29","date_gmt":"2024-01-22T11:19:29","guid":{"rendered":"https:\/\/moto-oprema.com\/Artikel\/red-bull-ktm-majica-zenska-sluzbena-linija-tima\/"},"modified":"2024-01-22T11:19:29","modified_gmt":"2024-01-22T11:19:29","slug":"red-bull-ktm-majica-zenska-sluzbena-linija-tima","status":"publish","type":"product","link":"https:\/\/moto-oprema.com\/hr\/Artikel\/red-bull-ktm-majica-zenska-sluzbena-linija-tima\/","title":{"rendered":"RED BULL KTM MAJICA \u017dENSKA SLU\u017dBENA LINIJA TIMA"},"content":{"rendered":"<p>Red Bull &#8211; KTM \u017eenska majica kratkih rukava<\/p>\n<p>Ova klasi\u010dna mornarsko plava i naran\u010dasta majica kratkih rukava ima originalne logotipe timova i partnera kako biste se istaknuli na stazi. Naravno, ova majica \u0107e vas dobro odjenuti i izvan staze. <\/p>\n<p>Sastav sirovine: 100% reciklirani poliester<\/p>\n","protected":false},"excerpt":{"rendered":"<p>Red Bull &#8211; KTM \u017eenska majica kratkih rukava Ova klasi\u010dna mornarsko plava i naran\u010dasta majica kratkih&#8230;<\/p>\n","protected":false},"featured_media":26154,"comment_status":"open","ping_status":"open","template":"","meta":{"_acf_changed":false},"brand":[2936],"gender":[1314],"product_brand":[],"product_cat":[2829,2830,1356],"product_tag":[],"class_list":{"0":"post-154445","1":"product","2":"type-product","3":"status-publish","4":"has-post-thumbnail","6":"brand-red-bull-hr","7":"gender-zenska","8":"product_cat-lezerna-odjeca","9":"product_cat-majice-kratkih-rukava","10":"product_cat-motociklisticka-oprema","11":"pa_size-l-hr","12":"pa_size-m-hr","13":"pa_size-s-hr","14":"pa_size-xl-hr","15":"pa_size-xs-hr","16":"pa_size-xxl-hr","17":"pa_size-xxxl-hr","19":"first","20":"instock","21":"taxable","22":"shipping-taxable","23":"purchasable","24":"product-type-variable"},"acf":[],"_links":{"self":[{"href":"https:\/\/moto-oprema.com\/hr\/wp-json\/wp\/v2\/product\/154445","targetHints":{"allow":["GET"]}}],"collection":[{"href":"https:\/\/moto-oprema.com\/hr\/wp-json\/wp\/v2\/product"}],"about":[{"href":"https:\/\/moto-oprema.com\/hr\/wp-json\/wp\/v2\/types\/product"}],"replies":[{"embeddable":true,"href":"https:\/\/moto-oprema.com\/hr\/wp-json\/wp\/v2\/comments?post=154445"}],"wp:featuredmedia":[{"embeddable":true,"href":"https:\/\/moto-oprema.com\/hr\/wp-json\/wp\/v2\/media\/26154"}],"wp:attachment":[{"href":"https:\/\/moto-oprema.com\/hr\/wp-json\/wp\/v2\/media?parent=154445"}],"wp:term":[{"taxonomy":"brand","embeddable":true,"href":"https:\/\/moto-oprema.com\/hr\/wp-json\/wp\/v2\/brand?post=154445"},{"taxonomy":"gender","embeddable":true,"href":"https:\/\/moto-oprema.com\/hr\/wp-json\/wp\/v2\/gender?post=154445"},{"taxonomy":"product_brand","embeddable":true,"href":"https:\/\/moto-oprema.com\/hr\/wp-json\/wp\/v2\/product_brand?post=154445"},{"taxonomy":"product_cat","embeddable":true,"href":"https:\/\/moto-oprema.com\/hr\/wp-json\/wp\/v2\/product_cat?post=154445"},{"taxonomy":"product_tag","embeddable":true,"href":"https:\/\/moto-oprema.com\/hr\/wp-json\/wp\/v2\/product_tag?post=154445"}],"curies":[{"name":"wp","href":"https:\/\/api.w.org\/{rel}","templated":true}]}}