{"id":154419,"date":"2024-01-22T09:53:05","date_gmt":"2024-01-22T09:53:05","guid":{"rendered":"https:\/\/moto-oprema.com\/Artikel\/hjc-kaciga-rpha-1-lovis-mc2\/"},"modified":"2024-01-22T09:53:05","modified_gmt":"2024-01-22T09:53:05","slug":"hjc-kaciga-rpha-1-lovis-mc2","status":"publish","type":"product","link":"https:\/\/moto-oprema.com\/hr\/Artikel\/hjc-kaciga-rpha-1-lovis-mc2\/","title":{"rendered":"HJC KACIGA RPHA 1 LOVIS MC2"},"content":{"rendered":"<p>RPHA 1 je dizajniran i razvijen nakon nekoliko godina usmjerenog truda i klju\u010dnih povratnih informacija od vrhunskih sporta\u0161a u MotoGP-u.<\/p>\n<p>Vrhunski HJC-ovi in\u017eenjeri dali su sve od sebe kako bi stvorili kacigu spremnu za utrke koja je zaista dostojna najboljih trka\u0107ih staza diljem svijeta. RPHA 1 je isti model koji koriste HJC-ovi sporta\u0161i svjetske klase u MotoGP-u i WorldSBK-u, a HJC je spreman kona\u010dno je lansirati u proizvodnju s FIM homologacijom (FRHPhe-01) &#8211; sigurnosnim certifikatom. <\/p>\n<p>Zna\u010dajke:<\/p>\n<p>Premium Integrated Matrix \/ PIM Plus: karbonska oja\u010danja i hibridne tkanine od ugljika i stakla pru\u017eaju pobolj\u0161anu otpornost na udarce, ve\u0107u udobnost i lak\u0161u kacigu<br \/>\nAerodinami\u010dni dizajn \u0161koljke za performanse na utrkama<br \/>\nNapredni ventilacijski sustav \u201eACS\u201c: 5 ulaza i 4 izlaza; potpuni protok zraka od naprijed prema natrag pomi\u010de toplinu i vlagu prema gore i van<br \/>\nPobolj\u0161ani sustav ventilacije smanjuje zamagljivanje vizira i pove\u0107ava protok zraka<br \/>\nStandardno je opremljen prozirnim vizirom (ugra\u0111ene su igle za otkidanje) i bravom.<br \/>\nPobolj\u0161ani sustav dvostrukog zaklju\u010davanja vizira, sigurno zaklju\u010davanje vizira \u010dak i u natjecateljskim uvjetima<br \/>\nPotpuno novi EASY sustav monta\u017ee omogu\u0107uje jednostavnu i sigurnu promjenu vizira bez alata<br \/>\nSilver Cool\u2122: omogu\u0107uje pobolj\u0161anu izmjenu vlage i brzo su\u0161enje, pru\u017ea hladnu udobnost i rashla\u0111uju\u0107i u\u010dinak za izvrsna svojstva no\u0161enja<br \/>\nJastu\u010di\u0107i za glavu i obraze: uklonjivi i perivi<br \/>\nJastu\u010di\u0107i za obraze: zamjenjivi za sve veli\u010dine<br \/>\nKomplet za hitne slu\u010dajeve (jastu\u010di\u0107i za obraze) za sigurnu i brzu pomo\u0107 u hitnim slu\u010dajevima<br \/>\nNao\u010dale i sun\u010dane nao\u010dale s vatrootpornim EPS dizajnom<br \/>\nD\u017eepovi za zvu\u010dnike: za Bluetooth komunikaciju<\/p>\n<p>Tehni\u010dki podaci:<\/p>\n<p>Materijal: hibridna tkanina od karbonskih vlakana<br \/>\n Norma: 22,06<br \/>\n Zatvaranje: Dvostruko D<br \/>\n Vrsta vizira: HJ-35, 99% UV za\u0161tita, premaz protiv ogrebotina, dvostruki sustav zaklju\u010davanja<\/p>\n<p>Veli\u010dine:<\/p>\n<p>Veli\u010dina kacige\/\u0161titnika za obraze\/\u0161titnika za glavu:<br \/>\n 2XS (52-53 cm)\/45 mm\/12 mm<br \/>\n XS (54-55 cm)\/40 mm\/9 mm<br \/>\n S (55-56 cm) \/ 40 mm \/ 12 mm<br \/>\n M (57-58 cm) \/ 35 mm \/ 9 mm<br \/>\n D (58-59 cm) \/ 40 mm \/ 9 mm<br \/>\n XL (60-61 cm)\/40 mm\/9 mm<br \/>\n XXL (62-63 cm)\/35 mm\/7 mm<\/p>\n<p>Uklju\u010deno:<\/p>\n<p>1x HJC RPHA 1 kaciga<br \/>\n 1x prozirni aero spojler<br \/>\n 1x Pinlock<br \/>\n 1x suzna folija<br \/>\n 1x torba za kacigu<\/p>\n","protected":false},"excerpt":{"rendered":"<p>HJC RPHA 1 kaciga Boja: Plava &#8211; MC2 Prije narud\u017ebe provjerite zalihe!<\/p>\n","protected":false},"featured_media":154418,"comment_status":"open","ping_status":"closed","template":"","meta":{"_acf_changed":false},"brand":[2130],"gender":[2172],"product_brand":[],"product_cat":[1358,1356,1359],"product_tag":[],"class_list":{"0":"post-154419","1":"product","2":"type-product","3":"status-publish","4":"has-post-thumbnail","6":"brand-hjc-hr","7":"gender-unisex-hr","8":"product_cat-kacige","9":"product_cat-motociklisticka-oprema","10":"product_cat-sastavni","11":"pa_size-l-hr","12":"pa_size-m-hr","13":"pa_size-s-hr","14":"pa_size-xl-hr","15":"pa_size-xs-hr","16":"pa_size-xxl-hr","18":"first","19":"onbackorder","20":"sale","21":"taxable","22":"shipping-taxable","23":"purchasable","24":"product-type-variable"},"acf":[],"_links":{"self":[{"href":"https:\/\/moto-oprema.com\/hr\/wp-json\/wp\/v2\/product\/154419","targetHints":{"allow":["GET"]}}],"collection":[{"href":"https:\/\/moto-oprema.com\/hr\/wp-json\/wp\/v2\/product"}],"about":[{"href":"https:\/\/moto-oprema.com\/hr\/wp-json\/wp\/v2\/types\/product"}],"replies":[{"embeddable":true,"href":"https:\/\/moto-oprema.com\/hr\/wp-json\/wp\/v2\/comments?post=154419"}],"wp:featuredmedia":[{"embeddable":true,"href":"https:\/\/moto-oprema.com\/hr\/wp-json\/wp\/v2\/media\/154418"}],"wp:attachment":[{"href":"https:\/\/moto-oprema.com\/hr\/wp-json\/wp\/v2\/media?parent=154419"}],"wp:term":[{"taxonomy":"brand","embeddable":true,"href":"https:\/\/moto-oprema.com\/hr\/wp-json\/wp\/v2\/brand?post=154419"},{"taxonomy":"gender","embeddable":true,"href":"https:\/\/moto-oprema.com\/hr\/wp-json\/wp\/v2\/gender?post=154419"},{"taxonomy":"product_brand","embeddable":true,"href":"https:\/\/moto-oprema.com\/hr\/wp-json\/wp\/v2\/product_brand?post=154419"},{"taxonomy":"product_cat","embeddable":true,"href":"https:\/\/moto-oprema.com\/hr\/wp-json\/wp\/v2\/product_cat?post=154419"},{"taxonomy":"product_tag","embeddable":true,"href":"https:\/\/moto-oprema.com\/hr\/wp-json\/wp\/v2\/product_tag?post=154419"}],"curies":[{"name":"wp","href":"https:\/\/api.w.org\/{rel}","templated":true}]}}