{"id":154381,"date":"2024-01-19T10:08:48","date_gmt":"2024-01-19T10:08:48","guid":{"rendered":"https:\/\/moto-oprema.com\/Artikel\/alpinestars-mx-dres-fluid-grafit-crna-srebrna\/"},"modified":"2024-01-19T10:08:48","modified_gmt":"2024-01-19T10:08:48","slug":"alpinestars-mx-dres-fluid-grafit-crna-srebrna","status":"publish","type":"product","link":"https:\/\/moto-oprema.com\/hr\/Artikel\/alpinestars-mx-dres-fluid-grafit-crna-srebrna\/","title":{"rendered":"ALPINESTARS MX DRES FLUID GRAFIT CRNA SREBRNA"},"content":{"rendered":"<p>Dres ima novi dizajn koji dodatno pobolj\u0161ava pristajanje i udobnost voza\u010da. Izra\u0111en je od lagane tkanine koja odvodi vlagu s tijela voza\u010da. Produ\u017een je na stra\u017enjoj strani.  <\/p>\n<p>Zna\u010dajke:<\/p>\n<ul>\n<li>Izra\u0111ena od 180g poli-tkanine koja je lagana i upija vlagu<\/li>\n<li>Pro\u0161ireno straga<\/li>\n<li>Rastezljiva ovratnica za ve\u0107u udobnost<\/li>\n<\/ul>\n<p>Sastav sirovine: 100% poliester<\/p>\n","protected":false},"excerpt":{"rendered":"<p>Dres ima novi dizajn koji dodatno pobolj\u0161ava pristajanje i udobnost voza\u010da. Izra\u0111en je od lagane tkanine&#8230;<\/p>\n","protected":false},"featured_media":26077,"comment_status":"open","ping_status":"closed","template":"","meta":{"_acf_changed":false},"brand":[2748],"gender":[1313],"product_brand":[],"product_cat":[2746,2733],"product_tag":[],"class_list":{"0":"post-154381","1":"product","2":"type-product","3":"status-publish","4":"has-post-thumbnail","6":"brand-alpinestars-hr","7":"gender-moski","8":"product_cat-mx-dresovi","9":"product_cat-oprema-za-motokros","10":"pa_velikost-st-3xl-hr","11":"pa_velikost-st-l-hr","12":"pa_velikost-st-m-hr","13":"pa_velikost-st-s-hr","14":"pa_velikost-st-xl-hr","15":"pa_velikost-st-xxl-hr","17":"first","18":"instock","19":"sale","20":"taxable","21":"shipping-taxable","22":"purchasable","23":"product-type-variable"},"acf":[],"_links":{"self":[{"href":"https:\/\/moto-oprema.com\/hr\/wp-json\/wp\/v2\/product\/154381","targetHints":{"allow":["GET"]}}],"collection":[{"href":"https:\/\/moto-oprema.com\/hr\/wp-json\/wp\/v2\/product"}],"about":[{"href":"https:\/\/moto-oprema.com\/hr\/wp-json\/wp\/v2\/types\/product"}],"replies":[{"embeddable":true,"href":"https:\/\/moto-oprema.com\/hr\/wp-json\/wp\/v2\/comments?post=154381"}],"wp:featuredmedia":[{"embeddable":true,"href":"https:\/\/moto-oprema.com\/hr\/wp-json\/wp\/v2\/media\/26077"}],"wp:attachment":[{"href":"https:\/\/moto-oprema.com\/hr\/wp-json\/wp\/v2\/media?parent=154381"}],"wp:term":[{"taxonomy":"brand","embeddable":true,"href":"https:\/\/moto-oprema.com\/hr\/wp-json\/wp\/v2\/brand?post=154381"},{"taxonomy":"gender","embeddable":true,"href":"https:\/\/moto-oprema.com\/hr\/wp-json\/wp\/v2\/gender?post=154381"},{"taxonomy":"product_brand","embeddable":true,"href":"https:\/\/moto-oprema.com\/hr\/wp-json\/wp\/v2\/product_brand?post=154381"},{"taxonomy":"product_cat","embeddable":true,"href":"https:\/\/moto-oprema.com\/hr\/wp-json\/wp\/v2\/product_cat?post=154381"},{"taxonomy":"product_tag","embeddable":true,"href":"https:\/\/moto-oprema.com\/hr\/wp-json\/wp\/v2\/product_tag?post=154381"}],"curies":[{"name":"wp","href":"https:\/\/api.w.org\/{rel}","templated":true}]}}