{"id":154301,"date":"2024-01-18T09:51:59","date_gmt":"2024-01-18T09:51:59","guid":{"rendered":"https:\/\/moto-oprema.com\/Artikel\/alpinestars-mx-hlace-fluid-lurv-crne-fl-zute\/"},"modified":"2024-01-18T09:51:59","modified_gmt":"2024-01-18T09:51:59","slug":"alpinestars-mx-hlace-fluid-lurv-crne-fl-zute","status":"publish","type":"product","link":"https:\/\/moto-oprema.com\/hr\/Artikel\/alpinestars-mx-hlace-fluid-lurv-crne-fl-zute\/","title":{"rendered":"ALPINESTARS MX HLA\u010cE FLUID LURV CRNE FL. \u017dUTE"},"content":{"rendered":"<p>Lagane i izdr\u017eljive hla\u010de posebno dizajnirane s rastezljivim panelima i prethodno oblikovanim nogavicama. Izra\u0111ene od izdr\u017eljive 600D poli-tkanine, koja je PU premazana za dodatnu izdr\u017eljivost. Oja\u010dane na klju\u010dnim podru\u010djima.  <\/p>\n<p>Sastav sirovine: 100% poliester<\/p>\n<div id=\"tab-product-description-original\" class=\"ui-tabs-panel ui-widget-content ui-corner-bottom\">\n<div class=\"description\">\n<p><strong>Zna\u010dajke:<\/strong><\/p>\n<ul>\n<li>Glavna konstrukcija \u0161asije od 600D poliesterske tkanine s PU premazom za \u010dvrsto\u0107u i tehni\u010dku izdr\u017eljivost.<\/li>\n<li>Rastezljivi paneli od tkanine na me\u0111uno\u017eju, koljenima i stra\u017enjem struku za pobolj\u0161anu udobnost voza\u010da.<\/li>\n<li>3D konstrukcija uzorka za dodatnu udobnost voza\u010da i neusporedivu slobodu kretanja.<\/li>\n<li>Visokokvalitetna sinteti\u010dka ko\u017ea na koljenima za otpornost na toplinu, prianjanje i udobnost.<\/li>\n<li>Zatvaranje s \u010degrtaljkom za sigurno i personalizirano pristajanje.<\/li>\n<li>Udobna mre\u017easta podstava za vrhunsku prozra\u010dnost.<\/li>\n<\/ul>\n<\/div>\n<\/div>\n","protected":false},"excerpt":{"rendered":"<p>Alpinestars Fluid hla\u010de.<\/p>\n","protected":false},"featured_media":25943,"comment_status":"open","ping_status":"open","template":"","meta":{"_acf_changed":false},"brand":[2748],"gender":[],"product_brand":[],"product_cat":[2737,2733],"product_tag":[],"class_list":{"0":"post-154301","1":"product","2":"type-product","3":"status-publish","4":"has-post-thumbnail","6":"brand-alpinestars-hr","7":"product_cat-mx-hlace-hr","8":"product_cat-oprema-za-motokros","9":"pa_size-28-hr","10":"pa_size-30-hr","11":"pa_size-32-hr","12":"pa_size-34-hr","13":"pa_size-36-hr","14":"pa_size-38-hr","15":"pa_size-40-hr","17":"first","18":"instock","19":"sale","20":"taxable","21":"shipping-taxable","22":"purchasable","23":"product-type-variable"},"acf":[],"_links":{"self":[{"href":"https:\/\/moto-oprema.com\/hr\/wp-json\/wp\/v2\/product\/154301","targetHints":{"allow":["GET"]}}],"collection":[{"href":"https:\/\/moto-oprema.com\/hr\/wp-json\/wp\/v2\/product"}],"about":[{"href":"https:\/\/moto-oprema.com\/hr\/wp-json\/wp\/v2\/types\/product"}],"replies":[{"embeddable":true,"href":"https:\/\/moto-oprema.com\/hr\/wp-json\/wp\/v2\/comments?post=154301"}],"wp:featuredmedia":[{"embeddable":true,"href":"https:\/\/moto-oprema.com\/hr\/wp-json\/wp\/v2\/media\/25943"}],"wp:attachment":[{"href":"https:\/\/moto-oprema.com\/hr\/wp-json\/wp\/v2\/media?parent=154301"}],"wp:term":[{"taxonomy":"brand","embeddable":true,"href":"https:\/\/moto-oprema.com\/hr\/wp-json\/wp\/v2\/brand?post=154301"},{"taxonomy":"gender","embeddable":true,"href":"https:\/\/moto-oprema.com\/hr\/wp-json\/wp\/v2\/gender?post=154301"},{"taxonomy":"product_brand","embeddable":true,"href":"https:\/\/moto-oprema.com\/hr\/wp-json\/wp\/v2\/product_brand?post=154301"},{"taxonomy":"product_cat","embeddable":true,"href":"https:\/\/moto-oprema.com\/hr\/wp-json\/wp\/v2\/product_cat?post=154301"},{"taxonomy":"product_tag","embeddable":true,"href":"https:\/\/moto-oprema.com\/hr\/wp-json\/wp\/v2\/product_tag?post=154301"}],"curies":[{"name":"wp","href":"https:\/\/api.w.org\/{rel}","templated":true}]}}