{"id":154286,"date":"2024-01-03T09:27:08","date_gmt":"2024-01-03T09:27:08","guid":{"rendered":"https:\/\/moto-oprema.com\/Artikel\/fox-instinct-mx-cizme-a1-50th-le-crne\/"},"modified":"2024-01-03T09:27:08","modified_gmt":"2024-01-03T09:27:08","slug":"fox-instinct-mx-cizme-a1-50th-le-crne","status":"publish","type":"product","link":"https:\/\/moto-oprema.com\/hr\/Artikel\/fox-instinct-mx-cizme-a1-50th-le-crne\/","title":{"rendered":"FOX INSTINCT MX \u010cIZME A1 50TH LE CRNE"},"content":{"rendered":"<p>Potpuno redizajnirane premium motokros \u010dizme s profesionalnim zna\u010dajkama. Potpuno redizajnirane Instinct \u010dizme pru\u017eaju iznimne performanse od prvog no\u0161enja. Za ove Pro-Level motokros \u010dizme razvijen je novi, patentirani sustav zatvaranja kop\u010dom, koji osigurava sigurno prianjanje i savr\u0161eno pristajanje te trenutnu udobnost u cijeloj \u010dizmi. Osim toga, patentirani sustav zaklju\u010davanja ovih \u010dizama usporava opasne pokrete prije nego \u0161to do\u0111e do prekomjernog istezanja. S uskim dizajnom ovih visokokvalitetnih \u010dizama, mo\u017eete osjetiti kontakt sa strojem. Gornji\u0161te od sinteti\u010dke mikrovlakana ko\u017ee nudi vrhunsku udobnost i vrhunsko pristajanje, fleksibilnost i izdr\u017eljivost. Na\u0161a ekskluzivna gumena smjesa FOX Ultratac\u2122 daje potplatu i za\u0161titi od opeklina donjeg\/srednjeg\/gornjeg dijela izvrsnu izdr\u017eljivost i nenadma\u0161no prianjanje.      <\/p>\n<p>Niskoprofilni trka\u0107i dizajn spu\u0161ta stopalo malo ni\u017ee i bli\u017ee osloncu za stopala za bolji osje\u0107aj pri ko\u010denju i mijenjanju brzina, dok su za\u0161tita potkoljenice i metatarzalne kosti, kao i kapice za prste i petu, izra\u0111ene od TPU-a za pouzdanu za\u0161titu. Man\u017eetna za gle\u017eanj od kompozita od stakloplastike i najlona tako\u0111er pru\u017ea dodatnu za\u0161titu. Dok ulo\u017eak, me\u0111upotplat koji apsorbira udarce i oslonac za petu pru\u017eaju za\u0161titu od udaraca, stabilnost i potporu na osloncu za stopala. Unutarnja podstava od zra\u010dne mre\u017ee s Microban antimikrobnim premazom nudi visoku udobnost no\u0161enja i niz u\u010dinkovitih zna\u010dajki upravljanja mirisima, tako da \u010dizme ostaju svje\u017ee \u010dak i nakon mnogo vo\u017enji. Sve to zaokru\u017euje uska kapica za lak\u0161e mijenjanje brzina i elegantniji ukupni profil.    <\/p>\n<p>Zna\u010dajke:<\/p>\n<p>Instinct \u010dizme s optimiziranim pristajanjem pru\u017eaju trenutnu udobnost<br \/>\nGornji dio od mikrovlakana sinteti\u010dke ko\u017ee za vrhunsku udobnost i pristajanje, fleksibilnost i izdr\u017eljivost<br \/>\nUska osovina za bolji kontakt sa strojem<br \/>\nUltratac\u2122 za\u0161tita od opeklina za prodoran hvat<br \/>\nUski poklopac za lak\u0161e mijenjanje brzina i elegantniji ukupni profil<br \/>\nUdobna unutarnja podstava od zra\u010dne mre\u017easte tkanine s Microban antimikrobnim premazom i u\u010dinkovitim zna\u010dajkama za kontrolu neugodnih mirisa<br \/>\nMan\u017eeta od kompozita od stakloplastike i najlona za pouzdanu potporu gle\u017enju<br \/>\nPatentirani sustav zaklju\u010davanja za za\u0161titu od prekomjernog istezanja<br \/>\nNovi, patentirani sustav zatvaranja kop\u010dom za sigurno prianjanje i potpunu udobnost u cijeloj cipeli<br \/>\nEkskluzivni Fox Ultratac\u2122 gumeni kompozitni materijal za izvrsnu izdr\u017eljivost i nenadma\u0161no prianjanje potplata, plus za\u0161titu od opeklina na donjem\/srednjem\/gornjem dijelu<br \/>\nNiski natjecateljski profil za bli\u017ei polo\u017eaj oslonca za noge i bolji osje\u0107aj pri ko\u010denju i mijenjanju brzina<br \/>\nPatentirani kompozitni ulo\u017eak od najlona\/stakloplastike s me\u0111upotplatom koji apsorbira udarce i potporom za petu za otpornost na udarce, stabilnost i potporu na osloncu za stopala<br \/>\nZamjenjivi gumeni potplat i ulo\u017eak (prodaju se zasebno)<\/p>\n<p>Tehni\u010dki podaci:<\/p>\n<p>Za\u0161tita potkoljenice i metatarzalne kosti, kao i TPU navlake za prste i petu za pouzdanu za\u0161titu<br \/>\n Za\u0161titna oprema za motocikle u skladu s Uredbom (EU) 2016\/425<br \/>\n Osobna za\u0161titna oprema &#8211; Za\u0161titne cipele za motocikle (EN 13634:2010)<\/p>\n","protected":false},"excerpt":{"rendered":"<p>Limitirano izdanje FOX A1 50TH LE MX \u010dizama<\/p>\n","protected":false},"featured_media":25532,"comment_status":"open","ping_status":"closed","template":"","meta":{"_acf_changed":false},"brand":[2738],"gender":[],"product_brand":[],"product_cat":[2900,2733],"product_tag":[],"class_list":{"0":"post-154286","1":"product","2":"type-product","3":"status-publish","4":"has-post-thumbnail","6":"brand-fox-hr","7":"product_cat-motokros-cizme","8":"product_cat-oprema-za-motokros","9":"pa_size-2963","10":"pa_size-1044-hr","11":"pa_size-2965","12":"pa_size-1145-hr","13":"pa_size-2962","14":"pa_size-1348-hr","15":"pa_size-841-hr","16":"pa_size-2968","18":"first","19":"instock","20":"taxable","21":"shipping-taxable","22":"purchasable","23":"product-type-variable"},"acf":[],"_links":{"self":[{"href":"https:\/\/moto-oprema.com\/hr\/wp-json\/wp\/v2\/product\/154286","targetHints":{"allow":["GET"]}}],"collection":[{"href":"https:\/\/moto-oprema.com\/hr\/wp-json\/wp\/v2\/product"}],"about":[{"href":"https:\/\/moto-oprema.com\/hr\/wp-json\/wp\/v2\/types\/product"}],"replies":[{"embeddable":true,"href":"https:\/\/moto-oprema.com\/hr\/wp-json\/wp\/v2\/comments?post=154286"}],"wp:featuredmedia":[{"embeddable":true,"href":"https:\/\/moto-oprema.com\/hr\/wp-json\/wp\/v2\/media\/25532"}],"wp:attachment":[{"href":"https:\/\/moto-oprema.com\/hr\/wp-json\/wp\/v2\/media?parent=154286"}],"wp:term":[{"taxonomy":"brand","embeddable":true,"href":"https:\/\/moto-oprema.com\/hr\/wp-json\/wp\/v2\/brand?post=154286"},{"taxonomy":"gender","embeddable":true,"href":"https:\/\/moto-oprema.com\/hr\/wp-json\/wp\/v2\/gender?post=154286"},{"taxonomy":"product_brand","embeddable":true,"href":"https:\/\/moto-oprema.com\/hr\/wp-json\/wp\/v2\/product_brand?post=154286"},{"taxonomy":"product_cat","embeddable":true,"href":"https:\/\/moto-oprema.com\/hr\/wp-json\/wp\/v2\/product_cat?post=154286"},{"taxonomy":"product_tag","embeddable":true,"href":"https:\/\/moto-oprema.com\/hr\/wp-json\/wp\/v2\/product_tag?post=154286"}],"curies":[{"name":"wp","href":"https:\/\/api.w.org\/{rel}","templated":true}]}}