{"id":154228,"date":"2024-01-23T09:37:54","date_gmt":"2024-01-23T09:37:54","guid":{"rendered":"https:\/\/moto-oprema.com\/Artikel\/red-bull-ktm-snapback-kapa-new-era-official-teamlin-ravna\/"},"modified":"2024-01-23T09:37:54","modified_gmt":"2024-01-23T09:37:54","slug":"red-bull-ktm-snapback-kapa-new-era-official-teamlin-ravna","status":"publish","type":"product","link":"https:\/\/moto-oprema.com\/hr\/Artikel\/red-bull-ktm-snapback-kapa-new-era-official-teamlin-ravna\/","title":{"rendered":"RED BULL KTM SNAPBACK KAPA NEW ERA OFFICIAL TEAMLIN RAVNA"},"content":{"rendered":"<p>S ovom New Era Red Bull KTM Racing Team kapom mo\u017eete pokazati svog obo\u017eavatelja motosporta na stazi i rashladiti glavu tijekom vru\u0107ih dana. Kapa ima logotip Red Bull KTM Racing Teama na prednjoj strani, upotpunjen ravnim naran\u010dastim vizirom. Mre\u017easti umeci na stra\u017enjoj strani i sa strane osiguravaju ventilaciju, a funkcionalno zatvaranje patentnim zatvara\u010dem osigurava savr\u0161eno pristajanje.  <\/p>\n<p>Materijal: 100% poliester<\/p>\n","protected":false},"excerpt":{"rendered":"<p>S ovom New Era Red Bull KTM Racing Team kapom mo\u017eete pokazati svog obo\u017eavatelja motosporta na&#8230;<\/p>\n","protected":false},"featured_media":26231,"comment_status":"open","ping_status":"open","template":"","meta":{"_acf_changed":false},"brand":[2936],"gender":[],"product_brand":[],"product_cat":[2829,3370],"product_tag":[],"class_list":{"0":"post-154228","1":"product","2":"type-product","3":"status-publish","4":"has-post-thumbnail","6":"brand-red-bull-hr","7":"product_cat-lezerna-odjeca","8":"product_cat-sesiri","10":"first","11":"instock","12":"taxable","13":"shipping-taxable","14":"purchasable","15":"product-type-simple"},"acf":[],"_links":{"self":[{"href":"https:\/\/moto-oprema.com\/hr\/wp-json\/wp\/v2\/product\/154228","targetHints":{"allow":["GET"]}}],"collection":[{"href":"https:\/\/moto-oprema.com\/hr\/wp-json\/wp\/v2\/product"}],"about":[{"href":"https:\/\/moto-oprema.com\/hr\/wp-json\/wp\/v2\/types\/product"}],"replies":[{"embeddable":true,"href":"https:\/\/moto-oprema.com\/hr\/wp-json\/wp\/v2\/comments?post=154228"}],"wp:featuredmedia":[{"embeddable":true,"href":"https:\/\/moto-oprema.com\/hr\/wp-json\/wp\/v2\/media\/26231"}],"wp:attachment":[{"href":"https:\/\/moto-oprema.com\/hr\/wp-json\/wp\/v2\/media?parent=154228"}],"wp:term":[{"taxonomy":"brand","embeddable":true,"href":"https:\/\/moto-oprema.com\/hr\/wp-json\/wp\/v2\/brand?post=154228"},{"taxonomy":"gender","embeddable":true,"href":"https:\/\/moto-oprema.com\/hr\/wp-json\/wp\/v2\/gender?post=154228"},{"taxonomy":"product_brand","embeddable":true,"href":"https:\/\/moto-oprema.com\/hr\/wp-json\/wp\/v2\/product_brand?post=154228"},{"taxonomy":"product_cat","embeddable":true,"href":"https:\/\/moto-oprema.com\/hr\/wp-json\/wp\/v2\/product_cat?post=154228"},{"taxonomy":"product_tag","embeddable":true,"href":"https:\/\/moto-oprema.com\/hr\/wp-json\/wp\/v2\/product_tag?post=154228"}],"curies":[{"name":"wp","href":"https:\/\/api.w.org\/{rel}","templated":true}]}}