{"id":154197,"date":"2024-01-19T10:32:14","date_gmt":"2024-01-19T10:32:14","guid":{"rendered":"https:\/\/moto-oprema.com\/Artikel\/hjc-kaciga-rpha71-cozad-mc1sf\/"},"modified":"2024-01-19T10:32:14","modified_gmt":"2024-01-19T10:32:14","slug":"hjc-kaciga-rpha71-cozad-mc1sf","status":"publish","type":"product","link":"https:\/\/moto-oprema.com\/hr\/Artikel\/hjc-kaciga-rpha71-cozad-mc1sf\/","title":{"rendered":"HJC kaciga RPHA71 COZAD MC1SF"},"content":{"rendered":"<p>HJC RPHA 71 je HJC-ova druga generacija vrhunskih sportsko-turisti\u010dkih kaciga i prikladna je za sve, od gradske vo\u017enje do putovanja izvan travnate povr\u0161ine. Nudi vrhunske performanse u kompaktnom, laganom dizajnu, nude\u0107i pobolj\u0161anu otpornost na udarce i maksimalnu za\u0161titu zahvaljuju\u0107i Premium Integrated Matrix Evo (PIM) \u0161koljci i EPS-u vi\u0161e gusto\u0107e. RPHA 71 je dizajnirana uz opse\u017ena testiranja u zra\u010dnom tunelu za glatku, aerodinami\u010dnu vo\u017enju i ima ugra\u0111eni \u0161titnik za sunce. Zadr\u017eava sve zna\u010dajke svog popularnog prethodnika i pobolj\u0161ava cjelokupno iskustvo vo\u017enje. RPHA 71 je tako\u0111er opremljena drugom generacijom SMART HJC Bluetooth komunikacijskog sustava, \u0161to voza\u010du omogu\u0107uje da ostane povezan i usredoto\u010den na cestu.    <\/p>\n<p>Zna\u010dajke:<\/p>\n<p>Novi materijal \u0161koljke s uglji\u010dno-aramidnim vlaknima, uglji\u010dnim vlaknima, staklenim vlaknima, organskim netkanim materijalima i prirodnim lanenim vlaknima za pobolj\u0161anu otpornost na udarce te udobniju i lak\u0161u kacigu<br \/>\n Integrirani \u0161titnik za sunce: premaz protiv zamagljivanja sa zatamnjenim \u0161titnikom se brzo i jednostavno postavlja pomo\u0107u novog operativnog sustava. Novi mehanizam omogu\u0107uje pode\u0161avanje dubine u 3 razli\u010dita polo\u017eaja prema va\u0161oj morfologiji i preferencijama za optimalno pristajanje.<br \/>\n Sustav &#8220;push &amp; release&#8221;: Nova brava vizira je sigurnija i istovremeno lak\u0161a za otpu\u0161tanje<br \/>\n Visoko razvijena unutarnja podstava osigurava bolji prijenos vlage i brzo su\u0161enje<br \/>\n Pogodno za osobe koje nose nao\u010dale<br \/>\n 3D oblikovani jastu\u010di\u0107i za obraze<br \/>\n Reflektiraju\u0107i materijal za sigurnost<br \/>\n Izmjenjivi jastu\u010di\u0107i za obraze svih veli\u010dina za individualno pode\u0161avanje<br \/>\n Periva udobna podloga i jastu\u010di\u0107i za obraze <\/p>\n<p>Tehni\u010dki podaci:<\/p>\n<ul>\n<li>  Materijal: PIM Evo Composite: ugljik, aramidna vlakna, staklena vlakna i netkane tkanine<\/li>\n<li>  Norma: 22,06<\/li>\n<li>  Zatvaranje: Dvostruko D<\/li>\n<li>  Vrsta vizira: HJ-40, premaz protiv zamagljivanja<\/li>\n<li>  \u0160titnik za sunce: HJ-V12<\/li>\n<\/ul>\n<p>Veli\u010dine:<\/p>\n<p>Veli\u010dina kacige\/\u0161titnika za obraze\/\u0161titnika za glavu:<br \/>\n XS (54-55 cm)\/40 mm\/9 mm<br \/>\n S (55-56 cm) \/ 35 mm \/ 12 mm<br \/>\n M (57-58 cm) \/ 35 mm \/ 9 mm<br \/>\n D (58-59 cm) \/ 35 mm \/ 12 mm<br \/>\n XL (60-61 cm)\/35 mm\/12 mm<br \/>\n XXL (62-63 cm)\/25 mm\/7 mm<\/p>\n","protected":false},"excerpt":{"rendered":"<p>HJC RPHA 71 je HJC-ova druga generacija vrhunskih sportsko-turisti\u010dkih kaciga i prikladna je za sve, od&#8230;<\/p>\n","protected":false},"featured_media":26086,"comment_status":"open","ping_status":"closed","template":"","meta":{"_acf_changed":false},"brand":[2130],"gender":[2172],"product_brand":[],"product_cat":[1358,1356,1359],"product_tag":[],"class_list":{"0":"post-154197","1":"product","2":"type-product","3":"status-publish","4":"has-post-thumbnail","6":"brand-hjc-hr","7":"gender-unisex-hr","8":"product_cat-kacige","9":"product_cat-motociklisticka-oprema","10":"product_cat-sastavni","11":"pa_velikost-st-l-hr","12":"pa_velikost-st-m-hr","13":"pa_velikost-st-s-hr","14":"pa_velikost-st-xl-hr","15":"pa_velikost-st-xs-hr","16":"pa_velikost-st-xxl-hr","18":"first","19":"onbackorder","20":"sale","21":"taxable","22":"shipping-taxable","23":"purchasable","24":"product-type-variable"},"acf":[],"_links":{"self":[{"href":"https:\/\/moto-oprema.com\/hr\/wp-json\/wp\/v2\/product\/154197","targetHints":{"allow":["GET"]}}],"collection":[{"href":"https:\/\/moto-oprema.com\/hr\/wp-json\/wp\/v2\/product"}],"about":[{"href":"https:\/\/moto-oprema.com\/hr\/wp-json\/wp\/v2\/types\/product"}],"replies":[{"embeddable":true,"href":"https:\/\/moto-oprema.com\/hr\/wp-json\/wp\/v2\/comments?post=154197"}],"wp:featuredmedia":[{"embeddable":true,"href":"https:\/\/moto-oprema.com\/hr\/wp-json\/wp\/v2\/media\/26086"}],"wp:attachment":[{"href":"https:\/\/moto-oprema.com\/hr\/wp-json\/wp\/v2\/media?parent=154197"}],"wp:term":[{"taxonomy":"brand","embeddable":true,"href":"https:\/\/moto-oprema.com\/hr\/wp-json\/wp\/v2\/brand?post=154197"},{"taxonomy":"gender","embeddable":true,"href":"https:\/\/moto-oprema.com\/hr\/wp-json\/wp\/v2\/gender?post=154197"},{"taxonomy":"product_brand","embeddable":true,"href":"https:\/\/moto-oprema.com\/hr\/wp-json\/wp\/v2\/product_brand?post=154197"},{"taxonomy":"product_cat","embeddable":true,"href":"https:\/\/moto-oprema.com\/hr\/wp-json\/wp\/v2\/product_cat?post=154197"},{"taxonomy":"product_tag","embeddable":true,"href":"https:\/\/moto-oprema.com\/hr\/wp-json\/wp\/v2\/product_tag?post=154197"}],"curies":[{"name":"wp","href":"https:\/\/api.w.org\/{rel}","templated":true}]}}