{"id":154191,"date":"2024-01-17T10:47:59","date_gmt":"2024-01-17T10:47:59","guid":{"rendered":"https:\/\/moto-oprema.com\/Artikel\/alpinestars-tech-7s-crno-bijelo-sivo-narancasto-fluo\/"},"modified":"2024-01-17T10:47:59","modified_gmt":"2024-01-17T10:47:59","slug":"alpinestars-tech-7s-crno-bijelo-sivo-narancasto-fluo","status":"publish","type":"product","link":"https:\/\/moto-oprema.com\/hr\/Artikel\/alpinestars-tech-7s-crno-bijelo-sivo-narancasto-fluo\/","title":{"rendered":"ALPINESTARS TECH 7S CRNO BIJELO SIVO NARAN\u010cAsto FLUO"},"content":{"rendered":"<p>Alpinestars Tech 7s \u010dizme imaju vrlo \u010dvrstu konstrukciju potplata. Nude vam izdr\u017eljivost i za\u0161titu. Tech 7s \u010dizme su posebno razvijene za mla\u0111e voza\u010de. Tako\u0111er su prikladne za manje voza\u010de. Zna\u010dajke koje osiguravaju va\u0161u za\u0161titu su me\u0111u najboljima u klasi. Alpinestars Tech 7s \u010dizme su izra\u0111ene za najte\u017ei teren.     <\/p>\n<p>Zna\u010dajke:<\/p>\n<ul>\n<li>Tech 7S je posebno dizajniran i dimenzioniran za juniore i\/ili voza\u010de s manjim okvirom.<\/li>\n<li>Gornji dio od mikrovlakana oja\u010danih PU-om za fleksibilnost, otpornost na habanje, vodootpornost i u\u0161tedu te\u017eine. Materijal osigurava dosljedno pristajanje te je jednostavan za odr\u017eavanje i \u010di\u0161\u0107enje. <\/li>\n<li>Konturirana plo\u010da za potkoljenicu ubrizgana je od visokomodularnog TPU-a za izvrsnu otpornost na udarce i abraziju.<\/li>\n<li>Medijalna strana uklju\u010duje TPU plo\u010du sa posebno dizajniranim profilom za maksimalno prianjanje i kontakt s biciklom te pobolj\u0161anu otpornost na toplinu i habanje.<\/li>\n<li>Jednodijelna injektirana dvostruka spojna \u0161koljka stopala s koinjektiranim tvrdim \u0161titnikom za prste i integriranim \u010deli\u010dnim dr\u0161kom. \u0160koljka je vrlo otporna na abraziju i udarce, pove\u0107ava ukupnu izdr\u017eljivost \u010dizme i pobolj\u0161ava aerodinami\u010dnost \u010dizme. <\/li>\n<li>Izvrsna fleksija koju osigurava niskoprofilni medijalni i lateralni sustav okretanja za pru\u017eanje kretanja i potpore.<\/li>\n<li>Zone fleksibilnosti u svodu i Ahilovoj tetivi konstruirane su za vrhunsku kontrolu i potporu.<\/li>\n<li>Pro\u0161irena mikrovlaknasta za\u0161tita sprje\u010dava ulazak vode i prljav\u0161tine.<\/li>\n<li>Slo\u017eeni potplat besprijekorno je integriran u osnovnu strukturu za vrhunsku izdr\u017eljivost, visokou\u010dinkovit gumeni uzorak prianjanja i osje\u0107aj. Potplat je zamjenjiv. <\/li>\n<li>Mekano poli pjenasto oja\u010danje na gle\u017enjevima i ovratniku za dugotrajnu udobnost i apsorpciju udaraca.<\/li>\n<li>Uklonjivi anatomski ulo\u017eak za udobnost i potporu osigurava ravnomjernu raspodjelu te\u017eine.<\/li>\n<li>Tekstilna mre\u017ea s pjenom otvorenih \u0107elija za pobolj\u0161anu cirkulaciju zraka i udobnost.<\/li>\n<li>Sustav zatvaranja kop\u010dom uklju\u010duje ru\u010dke kop\u010de od polimera i stakloplastike te mostne zatvara\u010de od aluminija visoke otpornosti na udarce za izdr\u017eljivost i manju te\u017einu.<\/li>\n<li>u\u0161teda. Sustav kop\u010danja ima memoriju i sustav brzog otpu\u0161tanja\/zaklju\u010davanja s dizajnom koji se sam poravnava za jednostavno i precizno zatvaranje i pobolj\u0161ano <\/li>\n<li>performanse vo\u017enje i sigurnost. Sve kop\u010de se lako mogu zamijeniti. <\/li>\n<li>\u010cizma Tech 7s certificirana je prema normi EN 13634:2010.<\/li>\n<\/ul>\n<p>Sastav sirovine: <span style=\"font-family: arial, helvetica, sans-serif;font-size: small\"><br \/>\n&#8211; Gornji\u0161te: ko\u017ea i drugi materijal<br \/>\n &#8211; Podstava i ulo\u017eak: tekstilni materijal<br \/>\n &#8211; Potplat: guma<\/span><\/p>\n","protected":false},"excerpt":{"rendered":"<p>\u010cizme Tech 7s posebno su razvijene za mla\u0111e voza\u010de. Prikladne su i za manje voza\u010de.<\/p>\n","protected":false},"featured_media":25876,"comment_status":"open","ping_status":"closed","template":"","meta":{"_acf_changed":false},"brand":[2748],"gender":[],"product_brand":[],"product_cat":[2900,2733],"product_tag":[],"class_list":{"0":"post-154191","1":"product","2":"type-product","3":"status-publish","4":"has-post-thumbnail","6":"brand-alpinestars-hr","7":"product_cat-motokros-cizme","8":"product_cat-oprema-za-motokros","9":"pa_size-3355-hr","10":"pa_size-437-hr","11":"pa_size-538-hr","12":"pa_size-639-hr","13":"pa_size-7405-hr","14":"pa_size-842-hr","15":"pa_size-234-hr","17":"first","18":"onbackorder","19":"sale","20":"taxable","21":"shipping-taxable","22":"purchasable","23":"product-type-variable"},"acf":[],"_links":{"self":[{"href":"https:\/\/moto-oprema.com\/hr\/wp-json\/wp\/v2\/product\/154191","targetHints":{"allow":["GET"]}}],"collection":[{"href":"https:\/\/moto-oprema.com\/hr\/wp-json\/wp\/v2\/product"}],"about":[{"href":"https:\/\/moto-oprema.com\/hr\/wp-json\/wp\/v2\/types\/product"}],"replies":[{"embeddable":true,"href":"https:\/\/moto-oprema.com\/hr\/wp-json\/wp\/v2\/comments?post=154191"}],"wp:featuredmedia":[{"embeddable":true,"href":"https:\/\/moto-oprema.com\/hr\/wp-json\/wp\/v2\/media\/25876"}],"wp:attachment":[{"href":"https:\/\/moto-oprema.com\/hr\/wp-json\/wp\/v2\/media?parent=154191"}],"wp:term":[{"taxonomy":"brand","embeddable":true,"href":"https:\/\/moto-oprema.com\/hr\/wp-json\/wp\/v2\/brand?post=154191"},{"taxonomy":"gender","embeddable":true,"href":"https:\/\/moto-oprema.com\/hr\/wp-json\/wp\/v2\/gender?post=154191"},{"taxonomy":"product_brand","embeddable":true,"href":"https:\/\/moto-oprema.com\/hr\/wp-json\/wp\/v2\/product_brand?post=154191"},{"taxonomy":"product_cat","embeddable":true,"href":"https:\/\/moto-oprema.com\/hr\/wp-json\/wp\/v2\/product_cat?post=154191"},{"taxonomy":"product_tag","embeddable":true,"href":"https:\/\/moto-oprema.com\/hr\/wp-json\/wp\/v2\/product_tag?post=154191"}],"curies":[{"name":"wp","href":"https:\/\/api.w.org\/{rel}","templated":true}]}}