{"id":154047,"date":"2024-01-08T10:46:06","date_gmt":"2024-01-08T10:46:06","guid":{"rendered":"https:\/\/moto-oprema.com\/Artikel\/alpinestars-sp-x-boa-cizme-crne\/"},"modified":"2024-01-08T10:46:06","modified_gmt":"2024-01-08T10:46:06","slug":"alpinestars-sp-x-boa-cizme-crne","status":"publish","type":"product","link":"https:\/\/moto-oprema.com\/hr\/Artikel\/alpinestars-sp-x-boa-cizme-crne\/","title":{"rendered":"ALPINESTARS SP-X BOA \u010cIZME CRNE"},"content":{"rendered":"<p>SP-X BOA \u010dizme su elegantne sportske \u010dizme koje se nose ispod tehni\u010dkih motociklisti\u010dkih hla\u010da i imaju izvrsna svojstva za planinarenje.<br \/>\nOptimizirane za sportske i sportsko-tour voza\u010de, SP-X BOA \u010dizme su kompaktne, srednje visoke \u010dizme s vrhunskom za\u0161titom i udobno\u0161\u0107u na biciklu i izvan njega. Gornji dio je izra\u0111en od kombinacije naprednih mikrovlakana, ultra mekog Rideknita\u00ae i pletene mre\u017ee te be\u0161avnih, termo zavarenih dijelova. Donji dio ima TPU kliza\u010d na peti i prstima te Alpinestars TPF transversal protection okvir na potplatu, koji pru\u017ea visoku razinu za\u0161tite od udaraca i bilo kakvog savijanja ili uvijanja. Osim toga, potplat ima potpuno novi dizajn s asimetri\u010dnom stra\u017enjom petom, \u0161to olak\u0161ava prirodni korak voza\u010da i poti\u010de stabilnost izvan bicikla.<br \/>\n Za za\u0161titu, SP-X BOA \u010dizme imaju ugra\u0111enu za\u0161titu od udaraca potkoljenice, diskove dvostruke gusto\u0107e za gle\u017enjeve i TPU jastu\u010di\u0107e za kretanje, kao i oja\u010dane kliza\u010de na prstima. Za udobnost, pletena podru\u010dja na prednjim i stra\u017enjim to\u010dkama savijanja pru\u017eaju veliku slobodu kretanja, dok PU me\u0111upotplat s integriranim dvostrukim jastu\u010di\u0107em u peti i uklonjivi OrthoLite\u00ae ulo\u017eak pru\u017eaju veliku udobnost pri hodanju. Sredi\u0161nji patentni zatvara\u010d u kombinaciji s BOA sustavom brzog vezanja za kompaktno i precizno zatvaranje olak\u0161ava obuvanje i izuvanje. SP-X BOA \u010dizme savr\u0161ene su za sportske voza\u010de koji \u017eele pokrivenost i za\u0161titu, ali ne \u017eele izgled potpune trka\u0107e \u010dizme i preko hla\u010da.<br \/>\nNapredna mikrovlakna i ultra mekana teletina Rideknit\u00ae.<br \/>\nTPU peta, jastu\u010di\u0107 za mjenja\u010d, kliza\u010d za prste i za\u0161tita rotora.<br \/>\nPoseban BOA bo\u010dni sustav brzog otpu\u0161tanja za optimalno zatvaranje i prilago\u0111eno pristajanje.<br \/>\nPrednji mjeh izra\u0111en od ciclisma s istovremenim ubrizgavanjem mekog TPU-a za ve\u0107u udobnost i izdr\u017eljivost.<br \/>\nDvostruko ubla\u017eavanje pete.<br \/>\nIntegrirani PU me\u0111upotplat u podru\u010dju pete.<br \/>\nTPU za\u0161titni dijelovi.<br \/>\nUklonjivi anatomski EVA ulo\u017eak s Lycra podstavom.<br \/>\nEkskluzivni novi Alpinestars gumeni potplat.<br \/>\nRazvijen profil za udobnost.<br \/>\nValoviti hod i asimetri\u010dni oblik pete za stabilnost pri hodanju.<br \/>\nOblik pete s potporom za stopalo i posebnim prianjanjem.<br \/>\nUnutarnja za\u0161tita malleolusa od udara dvostruke gusto\u0107e.<br \/>\nUgra\u0111ena za\u0161tita za potkoljenicu.<br \/>\nU skladu s europskim zakonodavstvom, oznaka CE uvjet je za uskla\u0111enost prilikom stavljanja ovog proizvoda na tr\u017ei\u0161te. Primjenjuju se sljede\u0107i standardi: CE EN13634:2017. <\/p>\n<p>&nbsp;<\/p>\n","protected":false},"excerpt":{"rendered":"<p>SP-X BOA \u010dizme su elegantne sportske \u010dizme koje se nose ispod tehni\u010dkih motociklisti\u010dkih hla\u010da i imaju&#8230;<\/p>\n","protected":false},"featured_media":25651,"comment_status":"open","ping_status":"open","template":"","meta":{"_acf_changed":false},"brand":[2748],"gender":[],"product_brand":[],"product_cat":[1356],"product_tag":[],"class_list":{"0":"post-154047","1":"product","2":"type-product","3":"status-publish","4":"has-post-thumbnail","6":"brand-alpinestars-hr","7":"product_cat-motociklisticka-oprema","8":"pa_size-38-hr","9":"pa_size-39-hr","10":"pa_size-40-hr","11":"pa_size-41-hr","12":"pa_size-42-hr","13":"pa_size-43-hr","14":"pa_size-44-hr","15":"pa_size-45-hr","16":"pa_size-46-hr","17":"pa_size-47-hr","18":"pa_size-48-hr","20":"first","21":"instock","22":"sale","23":"taxable","24":"shipping-taxable","25":"purchasable","26":"product-type-variable"},"acf":[],"_links":{"self":[{"href":"https:\/\/moto-oprema.com\/hr\/wp-json\/wp\/v2\/product\/154047","targetHints":{"allow":["GET"]}}],"collection":[{"href":"https:\/\/moto-oprema.com\/hr\/wp-json\/wp\/v2\/product"}],"about":[{"href":"https:\/\/moto-oprema.com\/hr\/wp-json\/wp\/v2\/types\/product"}],"replies":[{"embeddable":true,"href":"https:\/\/moto-oprema.com\/hr\/wp-json\/wp\/v2\/comments?post=154047"}],"wp:featuredmedia":[{"embeddable":true,"href":"https:\/\/moto-oprema.com\/hr\/wp-json\/wp\/v2\/media\/25651"}],"wp:attachment":[{"href":"https:\/\/moto-oprema.com\/hr\/wp-json\/wp\/v2\/media?parent=154047"}],"wp:term":[{"taxonomy":"brand","embeddable":true,"href":"https:\/\/moto-oprema.com\/hr\/wp-json\/wp\/v2\/brand?post=154047"},{"taxonomy":"gender","embeddable":true,"href":"https:\/\/moto-oprema.com\/hr\/wp-json\/wp\/v2\/gender?post=154047"},{"taxonomy":"product_brand","embeddable":true,"href":"https:\/\/moto-oprema.com\/hr\/wp-json\/wp\/v2\/product_brand?post=154047"},{"taxonomy":"product_cat","embeddable":true,"href":"https:\/\/moto-oprema.com\/hr\/wp-json\/wp\/v2\/product_cat?post=154047"},{"taxonomy":"product_tag","embeddable":true,"href":"https:\/\/moto-oprema.com\/hr\/wp-json\/wp\/v2\/product_tag?post=154047"}],"curies":[{"name":"wp","href":"https:\/\/api.w.org\/{rel}","templated":true}]}}