{"id":154014,"date":"2024-01-16T08:52:06","date_gmt":"2024-01-16T08:52:06","guid":{"rendered":"https:\/\/moto-oprema.com\/Artikel\/alpinestars-amt-10r-ds-xf-jakna-pijesak\/"},"modified":"2024-01-16T08:52:06","modified_gmt":"2024-01-16T08:52:06","slug":"alpinestars-amt-10r-ds-xf-jakna-pijesak","status":"publish","type":"product","link":"https:\/\/moto-oprema.com\/hr\/Artikel\/alpinestars-amt-10r-ds-xf-jakna-pijesak\/","title":{"rendered":"ALPINESTARS AMT-10R DS XF JAKNA PIJESAK"},"content":{"rendered":"<p>Alpinestars AMT-10 R Drystar XF vodootporna tekstilna motociklisti\u010dka jakna<\/p>\n<p>Modularna jakna AMT-10R dizajnirana je za vrhunsku za\u0161titu i neusporedivu jednostavnost kori\u0161tenja tijekom cijele godine, prilago\u0111avaju\u0107i se ekstremnim vremenskim uvjetima. &#8220;R&#8221; verzija jakne AMT 10 nudi dodatne mogu\u0107nosti za terensku vo\u017enju s oja\u010danjima i dodatnim prostorom za pohranu &#8211; savr\u0161eno za strastvene avanturiste koji \u017eele istra\u017eivati. Inovativna jakna AMT-10R novi je pristup naprednoj motociklisti\u010dkoj odje\u0107i za sve vremenske uvjete i ima modularnu konstrukciju. Koriste\u0107i najnovije tehnologije materijala kao \u0161to su SuperFabric\u00ae, Drystar\u00aeXF, MATRYX\u00ae, Rideknit\u00ae i Aramid Flynet vezane ko\u017eom, jakna nudi prvoklasne sigurnosne performanse, upravljanje klimom, svestranost i udobnost, s vanjskim SuperFabric\u00ae oja\u010danjima za pove\u0107anu izdr\u017eljivost i optimiziranu ergonomiju. S novom Alpinestars laminiranom, vodootpornom i visoko prozra\u010dnom 2,5-slojnom DrystarXF\u00ae membranom, AMT-10R Drystar\u00aeXF All-Season jakna dizajnirana je za performanse u svim vremenskim uvjetima i vrhunsku udobnost u svim vremenskim uvjetima, mokrim ili suhim. Jakna mo\u017ee biti 100% vodootporna s podesivom direktnom ventilacijom ili se lako pretvoriti u potpuno ventiliranu jaknu uz odr\u017eavanje najvi\u0161e mogu\u0107e razine za\u0161tite.     <\/p>\n<p>Zna\u010dajke:<\/p>\n<p>Jakna AMT-10R je spremna za Tech-Air\u00ae i ima krojeni kroj koji pru\u017ea maksimalnu za\u0161titu cijelog gornjeg dijela tijela.<br \/>\n Modularna laminirana membrana Drystar\u00aeXF (Extra Flow) pru\u017ea izvrsnu prozra\u010dnost i sveobuhvatno upravljanje vlagom. Membrana jakne opremljena je vodoodbojnom tehnologijom koja osigurava potpunu vodootpornost. Jakna se mo\u017ee slo\u017eiti i brzo se su\u0161i. Najva\u017enija svojstva Drystar\u00aeXF membrane su 100% vodootpornost, visoka prozra\u010dnost u suhim i mokrim uvjetima, mala te\u017eina i visoka udobnost no\u0161enja.<br \/>\n Za toplijeg vremena, jakna se mo\u017ee brzo pretvoriti u ljetnu ili Airflow jaknu potpunim uklanjanjem laminiranog Drystar\u00aeXF ki\u0161nog panela, koji se mo\u017ee prakti\u010dno pohraniti u veliki d\u017eep od rastezljive mre\u017easte tkanine na le\u0111ima kada se ne koristi. Potpuno prera\u0111ena Airflow jakna i dalje pru\u017ea potpunu za\u0161titu zahvaljuju\u0107i laganim MATRYX\u00ae umetcima, koji se odlikuju iznimnom otporno\u0161\u0107u na habanje, kidanje i prozra\u010dno\u0161\u0107u.<br \/>\n Nano\u0161enje SuperFabric\u00ae-a na vanjsku ljusku, koja nalikuje sloju malih tvrdih oklopnih plo\u010da, pru\u017ea zna\u010dajno pove\u0107anje ukupnih performansi u smislu otpornosti na abraziju, posjekotine i rezove te izdr\u017eljivosti, dok osnovna tkanina ostaje izuzetno fleksibilna i prozra\u010dna. Dodatna prednost SuperFabric\u00ae tkanine je smanjeni rizik od padova za biciklista, jer SuperFabric\u00ae tkanina ima povr\u0161inu s niskim trenjem.<br \/>\n Model AMT-10R izra\u0111en je od nove, robusne ko\u017ee u kombinaciji s umetcima od Aramid Flynet ko\u017ee, koji pru\u017eaju pove\u0107anu otpornost na kidanje za +80% i pobolj\u0161anu otpornost na rezanje za +25%.<br \/>\n Mekana ko\u017ea oja\u010dana DuPont\u2122 Flynet tehnologijom s aramidnom mre\u017eom za visoku otpornost na habanje na izlo\u017eenim podru\u010djima.<br \/>\n Kori\u0161tenje Rideknita\u00ae u jakni AMT-10R pru\u017ea klju\u010dne zna\u010dajke performansi posebno prilago\u0111ene zahtjevima motociklizma. To uklju\u010duje vrhunsku udobnost, prozra\u010dnost, fleksibilnost, otpornost na kidanje i habanje te izdr\u017eljivost. Klju\u010dna prednost kori\u0161tenja Rideknita\u00ae je mogu\u0107nost prilago\u0111avanja strate\u0161kih podru\u010dja materijala Rideknit\u00ae u jakni potrebama voza\u010da, pru\u017eaju\u0107i fleksibilnost, rastezljivost i visoku razinu otpornosti na habanje i kidanje gdje je to potrebno.<br \/>\nVisoko podesivi Rideknit\u00ae ventilacijski umeci za udobnost i elasti\u010dne zone za optimalno pristajanje.<br \/>\nU svojoj potpuno vodootpornoj verziji, jakna AMT-10R ima izravnu ventilaciju na prsima koju voza\u010d mo\u017ee lako prilagoditi za dodatnu ventilaciju pomo\u0107u svestranih otvora za prsa.<br \/>\nPatentni zatvara\u010di na srednjem dijelu tijela omogu\u0107uju umjerenu ventilaciju i mogu se otvoriti za dodatnu cirkulaciju zraka.<br \/>\nLaminirana konstrukcija tvrde ljuske od 450D za pove\u0107anu izdr\u017eljivost.<br \/>\nIntuitivna i funkcionalna integracija magnetskih patentnih zatvara\u010da, man\u017eeta i ergonomskih oblika na spoju podstave, sustava za pri\u010dvr\u0161\u0107ivanje, zape\u0161\u0107a i ovratnika za jednostavno kori\u0161tenje.<br \/>\nErgonomski dizajnirani dvostruki vodootporni d\u017eepovi za teret za brz i jednostavan pristup i dodatne mogu\u0107nosti pohrane na dugim putovanjima.<br \/>\nMolle sustav za pri\u010dvr\u0161\u0107ivanje torbica s ljestvama (PALS) za sigurno pri\u010dvr\u0161\u0107ivanje dodatnih torbica i pribora na jaknu za prakti\u010dnu upotrebu u stvarnom svijetu avanture.<br \/>\nNucleon Flex 2 \u0161titnici za ramena i laktove za u\u010dinkovitu za\u0161titu od udara.<br \/>\nOpcionalni AMT tehni\u010dki me\u0111usloj koji dodaje dodatnu toplinu jakni i savr\u0161en je za zimsku vo\u017enju.<br \/>\nKompatibilnost s vodenim mjehurima za ve\u0107u svestranost u ekstremnim uvjetima.<br \/>\nJakna AMT-10R ima podesivi struk, patentni zatvara\u010d koji se spaja s hla\u010dama, dva unutarnja d\u017eepa za pohranu i kose d\u017eepove za za\u0161titu le\u0111a i prsa.<br \/>\nDonji rub je opremljen vezicom za optimalno pristajanje.<br \/>\nOdje\u0107a za motocikle &#8211; kategorija II EN17092 &#8211; klasa AA.<\/p>\n<p>&nbsp;<\/p>\n","protected":false},"excerpt":{"rendered":"<p>Alpinestars AMT-10 R Drystar XF vodootporna tekstilna motociklisti\u010dka jakna Modularna jakna AMT-10R dizajnirana je za vrhunsku&#8230;<\/p>\n","protected":false},"featured_media":25706,"comment_status":"open","ping_status":"open","template":"","meta":{"_acf_changed":false},"brand":[2748],"gender":[],"product_brand":[],"product_cat":[2759,1356,2761],"product_tag":[],"class_list":{"0":"post-154014","1":"product","2":"type-product","3":"status-publish","4":"has-post-thumbnail","6":"brand-alpinestars-hr","7":"product_cat-jakne-hr","8":"product_cat-motociklisticka-oprema","9":"product_cat-tekstilne-jakne-hr","10":"pa_size-l-hr","11":"pa_size-m-hr","12":"pa_size-s-hr","13":"pa_size-xl-hr","14":"pa_size-xxl-hr","15":"pa_size-xxxl-hr","17":"first","18":"instock","19":"sale","20":"taxable","21":"shipping-taxable","22":"purchasable","23":"product-type-variable"},"acf":[],"_links":{"self":[{"href":"https:\/\/moto-oprema.com\/hr\/wp-json\/wp\/v2\/product\/154014","targetHints":{"allow":["GET"]}}],"collection":[{"href":"https:\/\/moto-oprema.com\/hr\/wp-json\/wp\/v2\/product"}],"about":[{"href":"https:\/\/moto-oprema.com\/hr\/wp-json\/wp\/v2\/types\/product"}],"replies":[{"embeddable":true,"href":"https:\/\/moto-oprema.com\/hr\/wp-json\/wp\/v2\/comments?post=154014"}],"wp:featuredmedia":[{"embeddable":true,"href":"https:\/\/moto-oprema.com\/hr\/wp-json\/wp\/v2\/media\/25706"}],"wp:attachment":[{"href":"https:\/\/moto-oprema.com\/hr\/wp-json\/wp\/v2\/media?parent=154014"}],"wp:term":[{"taxonomy":"brand","embeddable":true,"href":"https:\/\/moto-oprema.com\/hr\/wp-json\/wp\/v2\/brand?post=154014"},{"taxonomy":"gender","embeddable":true,"href":"https:\/\/moto-oprema.com\/hr\/wp-json\/wp\/v2\/gender?post=154014"},{"taxonomy":"product_brand","embeddable":true,"href":"https:\/\/moto-oprema.com\/hr\/wp-json\/wp\/v2\/product_brand?post=154014"},{"taxonomy":"product_cat","embeddable":true,"href":"https:\/\/moto-oprema.com\/hr\/wp-json\/wp\/v2\/product_cat?post=154014"},{"taxonomy":"product_tag","embeddable":true,"href":"https:\/\/moto-oprema.com\/hr\/wp-json\/wp\/v2\/product_tag?post=154014"}],"curies":[{"name":"wp","href":"https:\/\/api.w.org\/{rel}","templated":true}]}}