{"id":153967,"date":"2024-01-16T09:19:15","date_gmt":"2024-01-16T09:19:15","guid":{"rendered":"https:\/\/moto-oprema.com\/Artikel\/alpinestars-amt-10r-ds-xf-hlace-crne\/"},"modified":"2024-01-16T09:19:15","modified_gmt":"2024-01-16T09:19:15","slug":"alpinestars-amt-10r-ds-xf-hlace-crne","status":"publish","type":"product","link":"https:\/\/moto-oprema.com\/hr\/Artikel\/alpinestars-amt-10r-ds-xf-hlace-crne\/","title":{"rendered":"ALPINESTARS AMT-10R DS XF HLA\u010cE CRNE"},"content":{"rendered":"<p>Alpinestars AMT-10 R Drystar\u00ae XF Vodootporne tekstilne motociklisti\u010dke hla\u010de<\/p>\n<p>Hla\u010de AMT-10R Drystar\u00aeXF dizajnirane su kako bi pru\u017eile optimalnu za\u0161titu, za\u0161titu od vremenskih uvjeta i udobnost u ekstremnim uvjetima avanture. Poznate po svojoj izdr\u017eljivosti, hla\u010de AMT-10R najbolji su izbor za one koji u\u017eivaju u zahtjevnim avanturama i istra\u017eivanju terena, posebno zahvaljuju\u0107i novoj robusnoj ko\u017ei s aramidnom Flynet mre\u017eom i visoko\u010dvrstim, ventiliranim Matryx\u00ae strukturnim panelima. Ove hla\u010de predstavljaju novi pristup naprednoj motociklisti\u010dkoj odje\u0107i za sve vremenske uvjete, koriste\u0107i modularnu konstrukciju i najnovije tehnologije materijala. Hla\u010de imaju Alpinestarsovu laminiranu, vodootpornu i vrlo prozra\u010dnu 2L Drystar\u00aeXF membranu, koja pru\u017ea u\u010dinkovite i potpuno vodootporne performanse u svim vremenskim uvjetima. Hla\u010de se prilago\u0111avaju svim vrstama vo\u017enje i vremenskim uvjetima, od kratkih do dugih udaljenosti i od toplih do vla\u017enih vremenskih uvjeta. Hla\u010de AMT-10R imaju velike, podesive, direktno otvaraju\u0107e ventilacijske panele na bedrima koji se mogu smotati i postaviti na stra\u017enju stranu koljena, omogu\u0107uju\u0107i djelomi\u010dnu cirkulaciju zraka unutar hla\u010da. Zahvaljuju\u0107i laganom MATRYX\u00ae materijalu, koji se odlikuje iznimnom otporno\u0161\u0107u na habanje, kidanje i prozra\u010dnost, hla\u010de s ventilacijom i dalje pru\u017eaju maksimalnu za\u0161titu. Hla\u010de AMT-10R izra\u0111ene su od moderne mje\u0161avine materijala za maksimalne performanse i pru\u017eaju svestranost, omogu\u0107uju\u0107i biciklistima da nose cipele i unutar i izvan hla\u010da.       <\/p>\n<p>Zna\u010dajke:<\/p>\n<p>MATYRX\u00ae plo\u010da za bolju cirkulaciju zraka i mehani\u010dke performanse.<br \/>\n Mekana ko\u017ea oja\u010dana DuPont\u2122 Flynet tehnologijom s aramidnom mre\u017eom za visoku otpornost na habanje na izlo\u017eenim podru\u010djima.<br \/>\n RIDEKNIT\u00ae zona udobnosti, strate\u0161ki postavljena iza koljena, za pobolj\u0161anu udobnost, fleksibilnost i rastezljivost te visoku razinu otpornosti na habanje.<br \/>\n Modularna laminirana Drystar\u00aeXF membrana pru\u017ea izvrsnu prozra\u010dnost. Membrana je opremljena hidrofilnom tehnologijom koja omogu\u0107uje da se vlaga koju tijelo apsorbira desorbira prema van, osiguravaju\u0107i potpunu vodootpornost. Lako se pakira i brzo se su\u0161i.<br \/>\n SuperFabric\u00ae oja\u010danja na izlo\u017eenim podru\u010djima i laminirana 450 D tvrda konstrukcija za pobolj\u0161anu izdr\u017eljivost.<br \/>\n Elasti\u010dni pojas na stra\u017enjoj strani s ugra\u0111enim opcijama pode\u0161avanja struka za optimalno pristajanje.<br \/>\n Ergonomski dizajniran, vodootporni d\u017eep i prednji d\u017eepovi s patentnim zatvara\u010dem za jednostavno rukovanje i dodatne mogu\u0107nosti pohrane na dugim vo\u017enjama.<br \/>\n Elasti\u010dni donji dio nogavica za najbolje pristajanje i optimalnu udobnost, bez obzira na vrstu obu\u0107e koju nosite.<br \/>\n Nucleon Flex Pro za\u0161tita za koljena razine 2 i Bio-Flex za\u0161tita za bokove za u\u010dinkovitu za\u0161titu od udara.<br \/>\n Prilago\u0111eni ergonomski kroj prilago\u0111ava se svim pokretima vo\u017enje.<br \/>\n Reflektiraju\u0107i ukrasi na potkoljenici.<br \/>\n Kategorija II EN17092 &#8211; Klasa AA.<br \/>\n SASTAV SIROVINE:<br \/>\n Materijal: 91% poliester, 6% kravlja ko\u017ea, 3% poliamid; podstava: 100% poliester<\/p>\n","protected":false},"excerpt":{"rendered":"<p>Alpinestars AMT-10 R Drystar\u00ae XF Vodootporne tekstilne motociklisti\u010dke hla\u010de Hla\u010de AMT-10R Drystar\u00aeXF dizajnirane su kako bi&#8230;<\/p>\n","protected":false},"featured_media":25719,"comment_status":"open","ping_status":"open","template":"","meta":{"_acf_changed":false},"brand":[2748],"gender":[],"product_brand":[],"product_cat":[2832,1356,2857],"product_tag":[],"class_list":{"0":"post-153967","1":"product","2":"type-product","3":"status-publish","4":"has-post-thumbnail","6":"brand-alpinestars-hr","7":"product_cat-hlace-hr","8":"product_cat-motociklisticka-oprema","9":"product_cat-tekstilne-hlace-hr","10":"pa_velikost-st-l-hr","11":"pa_velikost-st-m-hr","12":"pa_velikost-st-s-hr","13":"pa_velikost-st-xl-hr","14":"pa_velikost-st-xxl-hr","15":"pa_velikost-st-xxxl-hr","17":"first","18":"instock","19":"sale","20":"taxable","21":"shipping-taxable","22":"purchasable","23":"product-type-variable"},"acf":[],"_links":{"self":[{"href":"https:\/\/moto-oprema.com\/hr\/wp-json\/wp\/v2\/product\/153967","targetHints":{"allow":["GET"]}}],"collection":[{"href":"https:\/\/moto-oprema.com\/hr\/wp-json\/wp\/v2\/product"}],"about":[{"href":"https:\/\/moto-oprema.com\/hr\/wp-json\/wp\/v2\/types\/product"}],"replies":[{"embeddable":true,"href":"https:\/\/moto-oprema.com\/hr\/wp-json\/wp\/v2\/comments?post=153967"}],"wp:featuredmedia":[{"embeddable":true,"href":"https:\/\/moto-oprema.com\/hr\/wp-json\/wp\/v2\/media\/25719"}],"wp:attachment":[{"href":"https:\/\/moto-oprema.com\/hr\/wp-json\/wp\/v2\/media?parent=153967"}],"wp:term":[{"taxonomy":"brand","embeddable":true,"href":"https:\/\/moto-oprema.com\/hr\/wp-json\/wp\/v2\/brand?post=153967"},{"taxonomy":"gender","embeddable":true,"href":"https:\/\/moto-oprema.com\/hr\/wp-json\/wp\/v2\/gender?post=153967"},{"taxonomy":"product_brand","embeddable":true,"href":"https:\/\/moto-oprema.com\/hr\/wp-json\/wp\/v2\/product_brand?post=153967"},{"taxonomy":"product_cat","embeddable":true,"href":"https:\/\/moto-oprema.com\/hr\/wp-json\/wp\/v2\/product_cat?post=153967"},{"taxonomy":"product_tag","embeddable":true,"href":"https:\/\/moto-oprema.com\/hr\/wp-json\/wp\/v2\/product_tag?post=153967"}],"curies":[{"name":"wp","href":"https:\/\/api.w.org\/{rel}","templated":true}]}}