{"id":153947,"date":"2024-01-08T09:25:26","date_gmt":"2024-01-08T09:25:26","guid":{"rendered":"https:\/\/moto-oprema.com\/Artikel\/alpinestars-bogota-pro-ds-jakna-crna\/"},"modified":"2026-03-16T10:48:27","modified_gmt":"2026-03-16T10:48:27","slug":"alpinestars-bogota-pro-ds-jakna-crna","status":"publish","type":"product","link":"https:\/\/moto-oprema.com\/hr\/Artikel\/alpinestars-bogota-pro-ds-jakna-crna\/","title":{"rendered":"ALPINESTARS BOGOTA PRO DS JAKNA CRNA"},"content":{"rendered":"<p>Alpinestars Bogota Pro Drystar\u00ae vodootporna tekstilna motociklisti\u010dka jakna<\/p>\n<p>Bogota Pro Drystar\u00ae cjelogodi\u0161nja jakna razvijena je kako bi pru\u017eila optimalnu za\u0161titu, za\u0161titu od vremenskih uvjeta i udobnost. Alpinestarsova Drystar\u00ae membrana je 100% vodootporna i prozra\u010dna.  Troslojni sustav &#8220;liner to drop&#8221; omogu\u0107uje vam prilagodbu jakne vremenskim uvjetima, a istovremeno ostaje brz i jednostavan za kori\u0161tenje. Bogot\u00e1 jakna ima velike ventilacijske umetke na prsima, du\u017e cijelih le\u0111a i na rukavima za u\u010dinkovitu kontrolu klime u svim uvjetima. Ergonomski 3D oblik osigurava visoku razinu prilagodljivosti i ventilacije. Tehni\u010dka Drystar\u00ae podstava pru\u017ea izvrsnu prozra\u010dnost i iznimne performanse po mokrom vremenu. Drystar\u00ae podstava mo\u017ee se nositi preko ili ispod glavne vanjske ljuske, \u0161to je \u010dini prakti\u010dnom i svestranom. Bogot\u00e1 Pro Drystar\u00ae jakna prilago\u0111ava se svim potrebama vo\u017enje i idealan je suputnik za vo\u017enju tijekom cijele godine. Jakna ima DWR (durable water repellent) tretman za u\u010dinkovite performanse u svim vremenskim uvjetima i vrhunsku udobnost u svim vremenskim uvjetima, bez obzira jesu li mokri ili suhi &#8211; s Bogot\u00e1 jaknom uvijek \u0107ete ostati suhi.      <\/p>\n<p>Zna\u010dajke:<\/p>\n<p>Jakna je spremna za Tech-Air\u00ae i mo\u017ee se opremiti sustavom zra\u010dnih jastuka Tech-Air\u00ae 5 ili Tech-Air\u00ae 3.<br \/>\n Izra\u0111en je od 100% recikliranog najlona 6 GRS.<br \/>\n Bogot\u00e1 Pro jakna ima velike ventilacijske panele na prsima, le\u0111ima i rukavima za u\u010dinkovitu kontrolu klime u svim uvjetima.<br \/>\n Panel za izravnu ventilaciju mo\u017ee se upravljati jednom rukom za brzu i u\u010dinkovitu kontrolu klime u pokretu.<br \/>\n Nucleon Flex Plus \u0161titnici za ramena i laktove razine 2 za u\u010dinkovitu za\u0161titu od udara.<br \/>\nJakna je izra\u0111ena od laganog vanjskog sloja od 600D koji osigurava izdr\u017eljivost.<br \/>\nOja\u010dana 2-litarska konstrukcija tvrde ljuske izra\u0111ena od 450D materijala za pove\u0107anu izdr\u017eljivost i malu te\u017einu, s tkanim 600D oja\u010danjima za pove\u0107anu izdr\u017eljivost na klju\u010dnim podru\u010djima.<br \/>\nOpse\u017eni rastezljivi paneli za optimalnu slobodu kretanja i pobolj\u0161ano pristajanje.<br \/>\nUnaprijed oblikovani rukavi dizajnirani su kako bi se prilagodili obliku ruke, a istovremeno pru\u017eaju izvrsnu slobodu kretanja i \u0161irok raspon pokreta u polo\u017eaju za vo\u017enju.<br \/>\nUklonjiva termo podstava od 100 g na tijelu i 60 g na rukavima omogu\u0107uje vam promjenu jakne ovisno o klimatskim uvjetima.<br \/>\nIntuitivna i funkcionalna integracija patentnih zatvara\u010da, kop\u010di i ergonomskih oblika na mjestu spajanja unutarnje podstave, sustava za pri\u010dvr\u0161\u0107ivanje, zape\u0161\u0107a i ovratnika za lak\u0161e rukovanje.<br \/>\nInovativno zatvaranje ovratnika s podesivim, samocentriraju\u0107im zatvara\u010dem za optimalno pristajanje, s \u010di\u010dak zatvara\u010dem s unutarnje strane koji dr\u017ei ovratnik u otvorenom polo\u017eaju po toplom vremenu.<br \/>\nErgonomski oblikovane, podesive man\u017eete za lak\u0161e rukovanje s rukavicama.<br \/>\nNova unutarnja konstrukcija za za\u0161titne ulo\u0161ke, koja uklju\u010duje ulo\u0161ke za le\u0111a i prsa, a spremna je i za novi, dugi \u0161titnik za le\u0111a.<br \/>\nDva prednja d\u017eepa s patentnim zatvara\u010dem, dva d\u017eepa na prsima, jedan vodootporni unutarnji d\u017eep za dokumente i dva unutarnja d\u017eepa u podstavi za sigurno pohranjivanje dragocjenosti.<br \/>\nDonji rub je opremljen vezicom za optimalno pristajanje.<br \/>\nOdje\u0107a za motocikle &#8211; kategorija II EN17092 &#8211; klasa AA.<\/p>\n<p>SASTAV SIROVINE:<br \/>\n 65% poliamid, 35% poliester; unutarnja podstava: 100% poliester<\/p>\n<p>&nbsp;<\/p>\n","protected":false},"excerpt":{"rendered":"<p>Alpinestars Bogota Pro Drystar\u00ae vodootporna tekstilna motociklisti\u010dka jakna Bogota Pro Drystar\u00ae cjelogodi\u0161nja jakna razvijena je kako&#8230;<\/p>\n","protected":false},"featured_media":153962,"comment_status":"open","ping_status":"closed","template":"","meta":{"_acf_changed":false},"brand":[2748],"gender":[2168],"product_brand":[],"product_cat":[2759,1356,2761],"product_tag":[],"class_list":{"0":"post-153947","1":"product","2":"type-product","3":"status-publish","4":"has-post-thumbnail","6":"brand-alpinestars-hr","7":"gender-moski-de","8":"product_cat-jakne-hr","9":"product_cat-motociklisticka-oprema","10":"product_cat-tekstilne-jakne-hr","11":"pa_size-l-hr","12":"pa_size-m-hr","13":"pa_size-s-hr","14":"pa_size-xl-hr","15":"pa_size-xxl-hr","16":"pa_size-xxxl-hr","18":"first","19":"instock","20":"sale","21":"taxable","22":"shipping-taxable","23":"purchasable","24":"product-type-variable"},"acf":[],"_links":{"self":[{"href":"https:\/\/moto-oprema.com\/hr\/wp-json\/wp\/v2\/product\/153947","targetHints":{"allow":["GET"]}}],"collection":[{"href":"https:\/\/moto-oprema.com\/hr\/wp-json\/wp\/v2\/product"}],"about":[{"href":"https:\/\/moto-oprema.com\/hr\/wp-json\/wp\/v2\/types\/product"}],"replies":[{"embeddable":true,"href":"https:\/\/moto-oprema.com\/hr\/wp-json\/wp\/v2\/comments?post=153947"}],"wp:featuredmedia":[{"embeddable":true,"href":"https:\/\/moto-oprema.com\/hr\/wp-json\/wp\/v2\/media\/153962"}],"wp:attachment":[{"href":"https:\/\/moto-oprema.com\/hr\/wp-json\/wp\/v2\/media?parent=153947"}],"wp:term":[{"taxonomy":"brand","embeddable":true,"href":"https:\/\/moto-oprema.com\/hr\/wp-json\/wp\/v2\/brand?post=153947"},{"taxonomy":"gender","embeddable":true,"href":"https:\/\/moto-oprema.com\/hr\/wp-json\/wp\/v2\/gender?post=153947"},{"taxonomy":"product_brand","embeddable":true,"href":"https:\/\/moto-oprema.com\/hr\/wp-json\/wp\/v2\/product_brand?post=153947"},{"taxonomy":"product_cat","embeddable":true,"href":"https:\/\/moto-oprema.com\/hr\/wp-json\/wp\/v2\/product_cat?post=153947"},{"taxonomy":"product_tag","embeddable":true,"href":"https:\/\/moto-oprema.com\/hr\/wp-json\/wp\/v2\/product_tag?post=153947"}],"curies":[{"name":"wp","href":"https:\/\/api.w.org\/{rel}","templated":true}]}}