{"id":153905,"date":"2024-01-05T10:34:54","date_gmt":"2024-01-05T10:34:54","guid":{"rendered":"https:\/\/moto-oprema.com\/Artikel\/alpinestars-gp-force-airflow-kozna-jakna-crno-bijela\/"},"modified":"2024-01-05T10:34:54","modified_gmt":"2024-01-05T10:34:54","slug":"alpinestars-gp-force-airflow-kozna-jakna-crno-bijela","status":"publish","type":"product","link":"https:\/\/moto-oprema.com\/hr\/Artikel\/alpinestars-gp-force-airflow-kozna-jakna-crno-bijela\/","title":{"rendered":"ALPINESTARS GP FORCE AIRFLOW KO\u017dNA JAKNA CRNO-BIJELA"},"content":{"rendered":"<p>Alpinestars GP Force Airflow motociklisti\u010dka ko\u017ena jakna<\/p>\n<p>GP Force ko\u017ena Airflow jakna izra\u0111ena je od pune kravlje ko\u017ee za neusporedivu otpornost na habanje i kidanje. Potpuno optimizirana za upotrebu sa ili bez Tech-Air\u00ae 5, Alpinestarsovog vode\u0107eg elektroni\u010dkog sigurnosnog sustava zra\u010dnih jastuka u industriji, GP Force Airflow ko\u017ena jakna ima opse\u017ene perforacije za maksimalni protok zraka, strate\u0161ki postavljene otvore za ventilaciju i uklonjivu termalnu podstavu koja omogu\u0107uje voza\u010du da prilagodi jaknu vremenskim uvjetima za u\u010dinkovitu kontrolu klime. Ova jakna tako\u0111er uklju\u010duje Alpinestars Nucleon Flex Pro \u0161titnike za u\u010dinkovitu za\u0161titu od udara.  <\/p>\n<p>Zna\u010dajke:<\/p>\n<p>Ova jakna, sa posebno razvijenim krojem koji pru\u017ea najvi\u0161u razinu aktivne za\u0161tite za utrke, sadr\u017ei Tech-Air\u00ae tehnologiju i nudi prostor za Tech-<br \/>\n Air\u00ae 5, zajedno s novim algoritmom za utrke dostupnim za preuzimanje.<br \/>\nHRSF poliamidni rastezljivi umetci za optimalnu otpornost na habanje i pobolj\u0161anu slobodu kretanja.<br \/>\nOpremljena je velikim perforacijama, otvorima za ventilaciju i uklonjivom podstavom protiv vjetra, \u0161to omogu\u0107uje brzo i jednostavno prilago\u0111avanje jakne klimatskim uvjetima.<br \/>\nSpreman za Tech-Air\u00ae 5; Tech-Air\u00ae je prvi potpuno elektroni\u010dki, samostalni i potpuno neovisni sustav zra\u010dnih jastuka za gornji dio tijela motocikla na svijetu, koji ne zahtijeva konfiguraciju postavki izme\u0111u motocikla i voza\u010da.<br \/>\nStrate\u0161ki postavljeni rastezljivi umetci u obliku harmonike dizajnirani su kako bi se prilagodili Alpinestars sustavu zra\u010dnih jastuka, omogu\u0107uju\u0107i \u0161irenje kada se zra\u010dni jastuk napuhne, a istovremeno pru\u017eaju\u0107i visoku razinu anatomskih performansi i izvrsno pristajanje kada se sustav vozi bez instaliranog sustava.<br \/>\nVi\u0161eslojna konstrukcija od kravlje ko\u017ee za \u010dvrsto\u0107u, udobnost i izvrsnu otpornost na habanje.<br \/>\nPerforirani ko\u017eni umetci strate\u0161ki su postavljeni kako bi osigurali izvrsnu razinu protoka zraka i udobnosti.<br \/>\nRastezljivi paneli u struku, ispod pazuha i na rukama za optimalno pristajanje tijekom intenzivne vo\u017enje.<br \/>\nTehni\u010dki podaci:<\/p>\n<p>Za\u0161titni elementi:<\/p>\n<p>Nucleon Flex Pro \u0161titnici na laktovima i ramenima za u\u010dinkovitu za\u0161titu od udara.<br \/>\n DFS Lite za\u0161tita na ramenima za dodatnu za\u0161titu od ogrebotina na klju\u010dnim podru\u010djima.<br \/>\n Odjeljak za \u0161titnike za prsa za monta\u017eu Alpinestars Nucleon \u0161titnika za prsa (\u0161titnici za prsa nisu uklju\u010deni).<br \/>\n Kategorija II prema EN17092 standardima &#8211; klasa AA.<\/p>\n<p>SASTAV SIROVINE<br \/>\n Materijal: 58% ko\u017ea, 39% poliamid, 3% elastan; podstava: 88% poliester, 10% poliamid, 2% elastan (sadr\u017ei netekstilne dijelove \u017eivotinjskog podrijetla)<\/p>\n<p>&nbsp;<\/p>\n","protected":false},"excerpt":{"rendered":"<p>Boja: crno-bijela<\/p>\n","protected":false},"featured_media":153923,"comment_status":"open","ping_status":"open","template":"","meta":{"_acf_changed":false},"brand":[2748],"gender":[],"product_brand":[],"product_cat":[2759,1356],"product_tag":[],"class_list":{"0":"post-153905","1":"product","2":"type-product","3":"status-publish","4":"has-post-thumbnail","6":"brand-alpinestars-hr","7":"product_cat-jakne-hr","8":"product_cat-motociklisticka-oprema","9":"pa_size-48-hr","10":"pa_size-50-hr","11":"pa_size-52-hr","12":"pa_size-54-hr","13":"pa_size-56-hr","14":"pa_size-58-hr","15":"pa_size-60-hr","17":"first","18":"instock","19":"sale","20":"taxable","21":"shipping-taxable","22":"purchasable","23":"product-type-variable"},"acf":[],"_links":{"self":[{"href":"https:\/\/moto-oprema.com\/hr\/wp-json\/wp\/v2\/product\/153905","targetHints":{"allow":["GET"]}}],"collection":[{"href":"https:\/\/moto-oprema.com\/hr\/wp-json\/wp\/v2\/product"}],"about":[{"href":"https:\/\/moto-oprema.com\/hr\/wp-json\/wp\/v2\/types\/product"}],"replies":[{"embeddable":true,"href":"https:\/\/moto-oprema.com\/hr\/wp-json\/wp\/v2\/comments?post=153905"}],"wp:featuredmedia":[{"embeddable":true,"href":"https:\/\/moto-oprema.com\/hr\/wp-json\/wp\/v2\/media\/153923"}],"wp:attachment":[{"href":"https:\/\/moto-oprema.com\/hr\/wp-json\/wp\/v2\/media?parent=153905"}],"wp:term":[{"taxonomy":"brand","embeddable":true,"href":"https:\/\/moto-oprema.com\/hr\/wp-json\/wp\/v2\/brand?post=153905"},{"taxonomy":"gender","embeddable":true,"href":"https:\/\/moto-oprema.com\/hr\/wp-json\/wp\/v2\/gender?post=153905"},{"taxonomy":"product_brand","embeddable":true,"href":"https:\/\/moto-oprema.com\/hr\/wp-json\/wp\/v2\/product_brand?post=153905"},{"taxonomy":"product_cat","embeddable":true,"href":"https:\/\/moto-oprema.com\/hr\/wp-json\/wp\/v2\/product_cat?post=153905"},{"taxonomy":"product_tag","embeddable":true,"href":"https:\/\/moto-oprema.com\/hr\/wp-json\/wp\/v2\/product_tag?post=153905"}],"curies":[{"name":"wp","href":"https:\/\/api.w.org\/{rel}","templated":true}]}}