{"id":153863,"date":"2024-01-17T10:19:06","date_gmt":"2024-01-17T10:19:06","guid":{"rendered":"https:\/\/moto-oprema.com\/Artikel\/alpinestars-stella-tech-3-crno-bijele\/"},"modified":"2024-01-17T10:19:06","modified_gmt":"2024-01-17T10:19:06","slug":"alpinestars-stella-tech-3-crno-bijele","status":"publish","type":"product","link":"https:\/\/moto-oprema.com\/hr\/Artikel\/alpinestars-stella-tech-3-crno-bijele\/","title":{"rendered":"ALPINESTARS STELLA TECH 3 CRNO-BIJELE"},"content":{"rendered":"<p>Alpinestars Stella Tech 3 motokros \u010dizme dizajnirane su posebno za \u017eene voza\u010dice. Unato\u010d prilagodbama, nude istu za\u0161titu i udobnost kao i mu\u0161ki modeli. <\/p>\n<p>Zna\u010dajke:<\/p>\n<ul>\n<li>Ni\u017ea ukupna visina prilago\u0111ena \u017eenama<\/li>\n<li>Opseg lista dizajniran je tako da odgovara obliku \u017eenske potkoljenice<\/li>\n<li>Jastu\u010di\u0107i za gle\u017enjeve posebno dizajnirani da prate agresivniji oblik \u017eenskih gle\u017enjeva.<\/li>\n<li>Gornji\u0161te od izdr\u017eljive ko\u017ee punog zrna s novom podstavom od poli tkanine i pjenom otvorenih \u0107elija<\/li>\n<li>Unutarnja, medijalna strana \u010dizme posebno je dizajnirana za kontrolu i ima debeli i \u0161iroki gornji dio od utisnute bru\u0161ene ko\u017ee i donji dio od PU za\u0161titnog materijala dizajniran za izvrstan kontakt i prianjanje uz bicikl, a istovremeno \u0161titi od topline.<\/li>\n<li>Patentirani gle\u017eanj<\/li>\n<\/ul>\n","protected":false},"excerpt":{"rendered":"<p>Alpinestars Stella Tech 3 motokros \u010dizme dizajnirane su posebno za \u017eene voza\u010dice. Unato\u010d prilagodbama, nude istu&#8230;<\/p>\n","protected":false},"featured_media":25860,"comment_status":"open","ping_status":"closed","template":"","meta":{"_acf_changed":false},"brand":[2748],"gender":[],"product_brand":[],"product_cat":[2900,2733],"product_tag":[],"class_list":{"0":"post-153863","1":"product","2":"type-product","3":"status-publish","4":"has-post-thumbnail","6":"brand-alpinestars-hr","7":"product_cat-motokros-cizme","8":"product_cat-oprema-za-motokros","9":"pa_velikost-st-637-hr","10":"pa_velikost-st-738-hr","11":"pa_velikost-st-839-hr","12":"pa_velikost-st-941-hr","14":"first","15":"instock","16":"sale","17":"taxable","18":"shipping-taxable","19":"purchasable","20":"product-type-variable"},"acf":[],"_links":{"self":[{"href":"https:\/\/moto-oprema.com\/hr\/wp-json\/wp\/v2\/product\/153863","targetHints":{"allow":["GET"]}}],"collection":[{"href":"https:\/\/moto-oprema.com\/hr\/wp-json\/wp\/v2\/product"}],"about":[{"href":"https:\/\/moto-oprema.com\/hr\/wp-json\/wp\/v2\/types\/product"}],"replies":[{"embeddable":true,"href":"https:\/\/moto-oprema.com\/hr\/wp-json\/wp\/v2\/comments?post=153863"}],"wp:featuredmedia":[{"embeddable":true,"href":"https:\/\/moto-oprema.com\/hr\/wp-json\/wp\/v2\/media\/25860"}],"wp:attachment":[{"href":"https:\/\/moto-oprema.com\/hr\/wp-json\/wp\/v2\/media?parent=153863"}],"wp:term":[{"taxonomy":"brand","embeddable":true,"href":"https:\/\/moto-oprema.com\/hr\/wp-json\/wp\/v2\/brand?post=153863"},{"taxonomy":"gender","embeddable":true,"href":"https:\/\/moto-oprema.com\/hr\/wp-json\/wp\/v2\/gender?post=153863"},{"taxonomy":"product_brand","embeddable":true,"href":"https:\/\/moto-oprema.com\/hr\/wp-json\/wp\/v2\/product_brand?post=153863"},{"taxonomy":"product_cat","embeddable":true,"href":"https:\/\/moto-oprema.com\/hr\/wp-json\/wp\/v2\/product_cat?post=153863"},{"taxonomy":"product_tag","embeddable":true,"href":"https:\/\/moto-oprema.com\/hr\/wp-json\/wp\/v2\/product_tag?post=153863"}],"curies":[{"name":"wp","href":"https:\/\/api.w.org\/{rel}","templated":true}]}}