{"id":153842,"date":"2024-01-17T09:26:11","date_gmt":"2024-01-17T09:26:11","guid":{"rendered":"https:\/\/moto-oprema.com\/Artikel\/alpinestars-tech-7-enduro-cizme-crno-smede\/"},"modified":"2024-01-17T09:26:11","modified_gmt":"2024-01-17T09:26:11","slug":"alpinestars-tech-7-enduro-cizme-crno-smede","status":"publish","type":"product","link":"https:\/\/moto-oprema.com\/hr\/Artikel\/alpinestars-tech-7-enduro-cizme-crno-smede\/","title":{"rendered":"ALPINESTARS TECH 7 ENDURO \u010cIZME CRNO-SME\u0110E"},"content":{"rendered":"<div id=\"tab-product-description\" class=\"ui-tabs-panel ui-widget-content ui-corner-bottom\">\n<div class=\"description\">\n<div id=\"tw-target-text-container\" class=\"tw-ta-container tw-nfl\">\n<p id=\"tw-target-text\" class=\"tw-data-text tw-text-large tw-ta\" dir=\"ltr\" style=\"text-align: left\"><span lang=\"sl\" xml_lang=\"sl\">Apsolutni vrhunski model enduro \u010dizama.<br \/>\n<\/span><\/p>\n<p class=\"tw-data-text tw-text-large tw-ta\" dir=\"ltr\" style=\"text-align: left\"><span lang=\"sl\" xml_lang=\"sl\">Vrhunski materijali i tehnologija za potpuno novi dizajn \u010dizme. CE certificirani sustav kop\u010danja za jednostavno i besprijekorno zatvaranje. Dvokomponentna \u0161koljka, \u010deli\u010dni potkoljenica. Gornji\u0161te od mikrovlakana, s dodatnim PU oja\u010danjem. Sustav za\u0161tite gle\u017enja s biomehani\u010dkom vezom izme\u0111u srednjeg i donjeg dijela \u010dizme. Zamjenjivi potplat i stopalo.       <\/span><\/p>\n<p class=\"tw-data-text tw-text-large tw-ta\" dir=\"ltr\" style=\"text-align: left\"><span lang=\"sl\" xml_lang=\"sl\">Sportske enduro \u010dizme s optimalnom za\u0161titom!<\/span><\/p>\n<\/div>\n<div id=\"z6maec\" class=\"tw-ta-container tw-nfl\"><\/div>\n<p><span style=\"font-family: arial, helvetica, sans-serif;font-size: small\"><strong>Sastav sirovine:<\/strong><br \/>\n &#8211; Gornji\u0161te: ko\u017ea i drugi materijal<br \/>\n &#8211; Podstava i ulo\u017eak: tekstilni materijal<br \/>\n &#8211; Potplat: guma  <\/span><\/p>\n<div id=\"tab-product-description-original\" class=\"ui-tabs-panel ui-widget-content ui-corner-bottom\">\n<div class=\"description\">\n<ul>\n<li>\u0160asija \u010dizme dizajnirana s ergonomski profiliranim prednjim dijelom stopala i ni\u017eim dijelom za prste kako bi se omogu\u0107ilo lak\u0161e mijenjanje brzina i pobolj\u0161ani osje\u0107aj i kontrola stra\u017enje ko\u010dnice.<\/li>\n<li>Uklju\u010duje inovativnu jednodijelnu ubrizganu dvostruku smjesu \u0161koljke stopala s ko-ubrizganim tvrdim \u0161titnikom za prste i integriranim \u010deli\u010dnim dr\u0161kom. \u0160koljka je vrlo otporna na abraziju i udarce, pove\u0107ava ukupnu izdr\u017eljivost \u010dizme i pobolj\u0161ava aerodinami\u010dnost \u010dizme. <\/li>\n<li>Novi dvostruki slo\u017eeni potplat besprijekorno je integriran u osnovnu strukturu za vrhunsku izdr\u017eljivost, visokou\u010dinkovit gumeni uzorak prianjanja i osje\u0107aj. Potplat i ulo\u017eak za stopala su zamjenjivi. <\/li>\n<li>Gornji dio izra\u0111en od inovativnog mikrovlakana koji je fleksibilan i otporan na habanje. Gornji materijal oja\u010dan je PU-om za visoku razinu <\/li>\n<li>vodootpornost i izdr\u017eljivost te pobolj\u0161ane performanse u\u0161tede te\u017eine. Materijal osigurava dosljedno pristajanje \u010dak i pri dugotrajnoj upotrebi te se lako odr\u017eava i \u010disti. <\/li>\n<li>Konturirana plo\u010da za za\u0161titu potkoljenice ubrizgana je visokomodularnim polimerom za otpornost na udarce i uklju\u010duje Alpinestarsov razvijeni sustav savijanja lopatica za ve\u0107u preciznu kontrolu i kretanje, dodatnu za\u0161titu pete i Ahilove tetive te poma\u017ee u sprje\u010davanju hiperfleksije.<\/li>\n<li>Novi TPU sustav za\u0161tite gle\u017enja koji uklju\u010duje biomehani\u010dku vezu izme\u0111u srednjeg i donjeg dijela \u010dizme poma\u017ee u sprje\u010davanju o\u0161te\u0107enja noge pru\u017eaju\u0107i progresivno ubla\u017eavanje torzijskih sila.<\/li>\n<li>Alpinestars je razvio TPU \u0161titnik za potkoljenicu i medijalnu za\u0161titu, izra\u0111eni iz jednog dijela za ve\u0107u strukturnu cjelovitost i stabilnost. Anatomski profilirani \u0161titnik za potkoljenicu ima dvostruki sustav zatvaranja s unutarnjim preklopom od mikrovlakana pri\u010dvr\u0161\u0107enim \u010di\u010dkom Velcro\u00ae za precizno prianjanje, dok je robusni i izdr\u017eljivi \u0161titnik za potkoljenicu sigurno pri\u010dvr\u0161\u0107en precizno podesivom kop\u010dom. <\/li>\n<li>TPU sredi\u0161nja bo\u010dna plo\u010da uklju\u010duje napredni gumeni umetak u obliku sa\u0107a i dizajnirana je za izvrsno prianjanje uz bicikl, a istovremeno \u0161titi od udara.<\/li>\n<li>\u0160iroki ulazni otvor za prakti\u010dnost i omogu\u0107uje \u0161irok raspon pode\u0161avanja i potpore lista.<\/li>\n<li>Inovativni sustav zatvaranja kop\u010dom uklju\u010duje visokootporne aluminijske mostne zatvara\u010de s memorijskim postavkama i sustavom brzog otpu\u0161tanja\/zaklju\u010davanja s dizajnom koji se sam poravnava za jednostavno i precizno zatvaranje i pobolj\u0161ane performanse vo\u017enje. Sve kop\u010de su zamjenjive. <\/li>\n<li>Redizajnirane fleksibilne zone u risu i Ahilovoj tetivi za vrhunsku udobnost, kontrolu i potporu.<\/li>\n<li>Pro\u0161irena mikrovlaknasta navlaka sprje\u010dava prekomjerni ulazak vode i prljav\u0161tine.<\/li>\n<li>Unutarnja podstava uklju\u010duje protukliznu mikrofibernu antilop na peti kako bi se stopalo dr\u017ealo u pravilnom polo\u017eaju.<\/li>\n<li>Mekano pjenasto oja\u010danje na gle\u017enjevima i ovratniku za dugotrajnu udobnost i apsorpciju udaraca.<\/li>\n<li>Novi, dvostruki, uklonjivi anatomski ulo\u017eak uklju\u010duje EVA i Lycra gornji dio za udobnost i potporu, osigurava ravnomjernu raspodjelu te\u017eine i oja\u010danu petu.<\/li>\n<li>\u010cizma Tech 7 ima CE certifikat i ima jedinstvenu, visoko\u010dvrstu konstrukciju potplata koja nudi izdr\u017eljivost i za\u0161titne performanse.<\/li>\n<\/ul>\n<\/div>\n<\/div>\n<\/div>\n<\/div>\n","protected":false},"excerpt":{"rendered":"<p>Boja: crno-tamnosme\u0111a<\/p>\n","protected":false},"featured_media":153848,"comment_status":"open","ping_status":"closed","template":"","meta":{"_acf_changed":false},"brand":[2748],"gender":[],"product_brand":[],"product_cat":[1356,2900,2733],"product_tag":[],"class_list":{"0":"post-153842","1":"product","2":"type-product","3":"status-publish","4":"has-post-thumbnail","6":"brand-alpinestars-hr","7":"product_cat-motociklisticka-oprema","8":"product_cat-motokros-cizme","9":"product_cat-oprema-za-motokros","10":"pa_size-10445-hr","11":"pa_size-11455-hr","12":"pa_size-12-46-47-hr","13":"pa_size-842-hr","14":"pa_size-943-hr","16":"first","17":"onbackorder","18":"sale","19":"taxable","20":"shipping-taxable","21":"purchasable","22":"product-type-variable"},"acf":[],"_links":{"self":[{"href":"https:\/\/moto-oprema.com\/hr\/wp-json\/wp\/v2\/product\/153842","targetHints":{"allow":["GET"]}}],"collection":[{"href":"https:\/\/moto-oprema.com\/hr\/wp-json\/wp\/v2\/product"}],"about":[{"href":"https:\/\/moto-oprema.com\/hr\/wp-json\/wp\/v2\/types\/product"}],"replies":[{"embeddable":true,"href":"https:\/\/moto-oprema.com\/hr\/wp-json\/wp\/v2\/comments?post=153842"}],"wp:featuredmedia":[{"embeddable":true,"href":"https:\/\/moto-oprema.com\/hr\/wp-json\/wp\/v2\/media\/153848"}],"wp:attachment":[{"href":"https:\/\/moto-oprema.com\/hr\/wp-json\/wp\/v2\/media?parent=153842"}],"wp:term":[{"taxonomy":"brand","embeddable":true,"href":"https:\/\/moto-oprema.com\/hr\/wp-json\/wp\/v2\/brand?post=153842"},{"taxonomy":"gender","embeddable":true,"href":"https:\/\/moto-oprema.com\/hr\/wp-json\/wp\/v2\/gender?post=153842"},{"taxonomy":"product_brand","embeddable":true,"href":"https:\/\/moto-oprema.com\/hr\/wp-json\/wp\/v2\/product_brand?post=153842"},{"taxonomy":"product_cat","embeddable":true,"href":"https:\/\/moto-oprema.com\/hr\/wp-json\/wp\/v2\/product_cat?post=153842"},{"taxonomy":"product_tag","embeddable":true,"href":"https:\/\/moto-oprema.com\/hr\/wp-json\/wp\/v2\/product_tag?post=153842"}],"curies":[{"name":"wp","href":"https:\/\/api.w.org\/{rel}","templated":true}]}}