{"id":153674,"date":"2024-12-09T10:29:12","date_gmt":"2024-12-09T10:29:12","guid":{"rendered":"https:\/\/moto-oprema.com\/Artikel\/alpinestars-supertech-corp-absolute-vision-mx-naocale-crno-crvene-2\/"},"modified":"2024-12-09T10:29:12","modified_gmt":"2024-12-09T10:29:12","slug":"alpinestars-supertech-corp-absolute-vision-mx-naocale-crno-crvene-2","status":"publish","type":"product","link":"https:\/\/moto-oprema.com\/hr\/Artikel\/alpinestars-supertech-corp-absolute-vision-mx-naocale-crno-crvene-2\/","title":{"rendered":"ALPINESTARS SUPERTECH CORP ABSOLUTE VISION MX NAO\u010cALE CRNO-CRVENE"},"content":{"rendered":"<p>Razvijen, testiran i dokazan na najvi\u0161oj razini motocross i supercross utrka, dizajniran je kako bi pru\u017eio nenadma\u0161nu udobnost, preciznu \u010disto\u0107u i upravljanje vlagom.  Nove SUPERTECH nao\u010dale pru\u017eaju vrhunske performanse vida u motokrosu i off-road utrkama.<\/p>\n<p>Razvijene, testirane i dokazane na najvi\u0161oj razini motokrosa i superkrosa. Dizajnirane kako bi pru\u017eile nenadma\u0161nu udobnost, preciznost, jasno\u0107u i upravljanje vlagom. Nove SUPERTECH nao\u010dale osiguravaju vrhunske performanse vida u motokrosu i off-road vo\u017enji.  <\/p>\n<p>Entwickelt, test und provent auf hochstem Niveau bei Motocross- und Supercross-Rennen. Entwickelt, um unvergleichlichen Komfort, precise Klarheit und Feuchtigungsmanagement zu bieten.  Nove nao\u010dale SUPERTECH jam\u010de ultimativni Motocross- und Offroad-Sichtleistung.<\/p>\n<ul class=\"group\/features\">\n<li><span class=\"metafield-multi_line_text_field\">SUPERTECH Alpinestars Absolute Vision\u2122 polikarbonatne le\u0107e imaju posebno dizajniranu geometriju kako bi se svjetlost ispravno fokusirala u mre\u017enicu, \u010dime se izbjegava potreba da se oko stalno prilago\u0111ava kako bi se fokusiralo na razli\u010dite objekte dok gleda naprijed i mijenja kutove gledanja.<\/span><\/li>\n<li>To\u010dnost geometrije posti\u017ee se visokopreciznom tehnologijom kalupa i specijaliziranim dijamantnim poliranjem vrhunske, udarno otporne polikarbonatne smjese dobivene injekcijskim pre\u0161anjem. To osigurava nultu vizualnu distorziju kroz le\u0107u. <\/li>\n<li>Le\u0107a Absolute Vision\u2122 ima posebno formuliranu toplu nijansu koja smanjuje neugodno zalutalo svjetlo, pobolj\u0161avaju\u0107i udobnost i jasno\u0107u oka.<\/li>\n<li>Alpinestars Super-Lock\u00ae dr\u017ei Vision injected le\u0107u sigurnom i \u010dvrsto zatvorenom na mjestu. Ovaj sustav omogu\u0107uje voza\u010du brzu i sigurnu zamjenu le\u0107e drugom le\u0107om ili Roll-Off sustavom. <\/li>\n<li>\u0160iroko vidno polje Supertech nao\u010dala pru\u017ea izniman periferni vid, dizajniran za besprijekornu integraciju s Alpinestarsovim ULTRA-WIDE 48mm Roll-Off sustavom.<\/li>\n<li>Okvir SUPERTECH i ekskluzivni Alpinestarsov sustav Roll-Offs dizajnirani su kako bi spremnike dr\u017eali izvan vidnog polja voza\u010da, dodatno pobolj\u0161avaju\u0107i vidno polje.<\/li>\n<li>\u010cvrsti vanjski okvir stvara \u0161tit od krhotina i hr\u0111e. Vanjski okvir je dvostruko ubrizgan u mekani, prilagodljivi unutarnji okvir izra\u0111en od ekskluzivnog A-FLEX materijala za oblikovanje lica, \u0161to mu omogu\u0107uje prilagodbu razli\u010ditim oblicima lica za iznimno brtvljenje i prianjanje. <\/li>\n<li>Supertech 3D oblikovana, vi\u0161eslojna pjena za lice stvara udobno pristajanje za gotovo svaki oblik lica. Strate\u0161ki oblikovani dizajn osigurava savr\u0161eno brtvljenje, \u0161iroko otvoreno vidno polje i u\u010dinkovito upravljanje znojem koje zahtijevaju profesionalni voza\u010di. <\/li>\n<li>Inovativni kanal za vlagu nao\u010dala djeluje kao \u017elijeb koji usmjerava znoj dalje od le\u0107e nao\u010dala, sprje\u010davaju\u0107i kapanje ili prskanje. Ovaj kanal usmjerava znoj preko vrha i niz stranice okvira. <\/li>\n<li>Sustav prisilne ventilacije i dizajn okvira Supertech nao\u010dala strate\u0161ki su postavljeni kako bi omogu\u0107ili protok zraka ispod nao\u010dala i kroz otvore od 100 PPI, osiguravaju\u0107i maksimalnu ventilaciju.<\/li>\n<li>Klin za remen od 13 stupnjeva savr\u0161eno pozicionira 45 mm remen sa silikonskom podlogom na kacigu, osiguravaju\u0107i ravnomjerno zatezanje nao\u010dala za najbolje pristajanje sa svih strana.<\/li>\n<li>Ubrizgane kop\u010de od 45 mm zamjenjuju tradicionalni sustav preklapanja i \u0161ivanja, pru\u017eaju\u0107i elegantniji, niskoprofilni remen s jednostavnim pode\u0161avanjem. Tkani remen od 45 mm sa silikonskim trakcijskim slojem osigurava da sve ostane na mjestu, bilo na stazi ili na terenu. <\/li>\n<\/ul>\n<p>&nbsp;<\/p>\n<p>&nbsp;<\/p>\n<p>&nbsp;<\/p>\n","protected":false},"excerpt":{"rendered":"<p>Alpinestars Supertech Corp nao\u010dale Absolute Vision Boja: Crno Crvena Le\u0107a: Crveno ogledalo<\/p>\n","protected":false},"featured_media":32466,"comment_status":"open","ping_status":"open","template":"","meta":{"_acf_changed":false},"brand":[2748],"gender":[2172],"product_brand":[],"product_cat":[2861,2733],"product_tag":[],"class_list":{"0":"post-153674","1":"product","2":"type-product","3":"status-publish","4":"has-post-thumbnail","6":"brand-alpinestars-hr","7":"gender-unisex-hr","8":"product_cat-mx-naocale","9":"product_cat-oprema-za-motokros","11":"first","12":"instock","13":"sale","14":"taxable","15":"shipping-taxable","16":"purchasable","17":"product-type-simple"},"acf":[],"_links":{"self":[{"href":"https:\/\/moto-oprema.com\/hr\/wp-json\/wp\/v2\/product\/153674","targetHints":{"allow":["GET"]}}],"collection":[{"href":"https:\/\/moto-oprema.com\/hr\/wp-json\/wp\/v2\/product"}],"about":[{"href":"https:\/\/moto-oprema.com\/hr\/wp-json\/wp\/v2\/types\/product"}],"replies":[{"embeddable":true,"href":"https:\/\/moto-oprema.com\/hr\/wp-json\/wp\/v2\/comments?post=153674"}],"wp:featuredmedia":[{"embeddable":true,"href":"https:\/\/moto-oprema.com\/hr\/wp-json\/wp\/v2\/media\/32466"}],"wp:attachment":[{"href":"https:\/\/moto-oprema.com\/hr\/wp-json\/wp\/v2\/media?parent=153674"}],"wp:term":[{"taxonomy":"brand","embeddable":true,"href":"https:\/\/moto-oprema.com\/hr\/wp-json\/wp\/v2\/brand?post=153674"},{"taxonomy":"gender","embeddable":true,"href":"https:\/\/moto-oprema.com\/hr\/wp-json\/wp\/v2\/gender?post=153674"},{"taxonomy":"product_brand","embeddable":true,"href":"https:\/\/moto-oprema.com\/hr\/wp-json\/wp\/v2\/product_brand?post=153674"},{"taxonomy":"product_cat","embeddable":true,"href":"https:\/\/moto-oprema.com\/hr\/wp-json\/wp\/v2\/product_cat?post=153674"},{"taxonomy":"product_tag","embeddable":true,"href":"https:\/\/moto-oprema.com\/hr\/wp-json\/wp\/v2\/product_tag?post=153674"}],"curies":[{"name":"wp","href":"https:\/\/api.w.org\/{rel}","templated":true}]}}