{"id":153569,"date":"2024-12-05T09:04:53","date_gmt":"2024-12-05T09:04:53","guid":{"rendered":"https:\/\/moto-oprema.com\/Artikel\/alpinestars-vision-5-corp-mx-naocale-crne-s-roll-off\/"},"modified":"2024-12-05T09:04:53","modified_gmt":"2024-12-05T09:04:53","slug":"alpinestars-vision-5-corp-mx-naocale-crne-s-roll-off","status":"publish","type":"product","link":"https:\/\/moto-oprema.com\/hr\/Artikel\/alpinestars-vision-5-corp-mx-naocale-crne-s-roll-off\/","title":{"rendered":"ALPINESTARS VISION 5 CORP MX NAO\u010cALE CRNE S ROLL OFF"},"content":{"rendered":"<p>U\u017eivaju povjerenje profesionalnih voza\u010da, uklju\u010duju\u0107i Huntera Lawrencea, zbog svog iznimnog pristajanja i osje\u0107aja, Vision 5 su ultimativne nao\u010dale za sve razine. S laganim, ultra-fleksibilnim A-FLEX uretanskim okvirom, vi\u0161eslojnom pjenom za lice debljine 17 mm i integriranim RAM-AIR sustavom ventilacije, ovi setovi nao\u010dala pru\u017eaju neusporedive performanse. Bez obzira utrkujete li se na stadionu Anaheim, istra\u017eujete li lokalnu stazu ili vozite u svom dvori\u0161tu, Vision 5 \u0107e sigurno postati va\u0161 izbor. Vision 5 Roll-Off nao\u010dale sastoje se od le\u0107a, dvije role filma, \u0161titnika za blato i na\u0161eg \u0161irokokutnog Roll-Off sustava. Sve Roll-Off nao\u010dale imaju 100% UVA za\u0161titu i ugra\u0111ene silikonske &#8220;klizne linije&#8221; koje sprje\u010davaju vezanje ili lijepljenje filma za le\u0107u. Vision 5 Wide Vision Roll-Off set nao\u010dala predvodi u klasi po perifernom vidu i jasno\u0107i.     <\/p>\n<p>Hvaljene zbog iznimnog pristajanja i osje\u0107aja od strane profesionalnih voza\u010da, uklju\u010duju\u0107i Huntera Lawrencea, nao\u010dale Vision 5 vrhunske su u klasi za sve razine. S laganim, ultra-savitljivim uretanskim A-FLEX okvirom, vi\u0161eslojnom pjenom za lice debljine 17 mm i integriranim RAM-AIR sustavom ventilacije, ove nao\u010dale nude neusporedive performanse. Bez obzira utrkujete li se na stadionu Anaheim, istra\u017eujete li lokalne staze ili vozite u svom dvori\u0161tu, nao\u010dale Vision 5 sigurno \u0107e postati omiljene.   Vision 5 Roll-Off nao\u010dale sastoje se od le\u0107e, dvije role filma, vizira za blato i na\u0161eg Wide Vision Roll-Off sustava. Sve Roll-Off le\u0107e imaju 100% UVA za\u0161titu i ugra\u0111ene silikonske &#8220;klizne linije&#8221; kako bi se sprije\u010dilo lijepljenje filma za le\u0107u. Vision 5 Wide Vision Roll-Off komplet nao\u010dala vode\u0107i je u svojoj klasi po perifernom vidu i jasno\u0107i.  <\/p>\n<p>Die Vision 5 Goggles, die von Profi-Fahrern wie Hunter Lawrence f\u00fcr ihre extraordinarye Fitform und ihr Tragegef\u00fchl gelobt werden, sind Spitzenprodukte f\u00fcr alle K\u00f6nnerstufen. Mit ihrem leichten, ultraflexible A-FLEX-Rahmen aus Urethan, dem 17 mm deblje, mehrstufigen Gesichtsschaum und dem integrirani RAM-AIR-Bel\u00fcftungssystem biet diese Brille unvergleichliche Leistung. Ganz gleich, ob Sie ein Rennen im Anaheim Stadium beststreiten, die \u00f6rtliche Trails erkunden oder in Ihrem Hinterhof fahren, die Vision 5 Goggles werden mit Sicherheit zu Ihren Favoriten geh\u00f6ren. Die Vision 5 Roll-Off Goggles besten aus einer Linse, zwei Rollen Folie, einem Schlammvisier und unserem Wide Vision Roll-Off-System. Sve Roll-Off-Gl\u00e4ser imaju 100-procentigen UVA-Schutz und ingebegante Silikon-Gleitlinien, die verhinden dass die Folie am Glas klebt oder sich festsetzt. Das Vision 5 Wide Vision Roll-Off Goggles Kit je u seiner Klasse f\u00fchrend in Bezug auf peripherale Sicht und Klaheit.<\/p>\n","protected":false},"excerpt":{"rendered":"<p>Vision 5 Corp Roll-Off nao\u010dale Boja: Crna Le\u0107a: Prozirna + RollOff<\/p>\n","protected":false},"featured_media":32386,"comment_status":"open","ping_status":"closed","template":"","meta":{"_acf_changed":false},"brand":[2748],"gender":[2172],"product_brand":[],"product_cat":[2861,2733],"product_tag":[],"class_list":{"0":"post-153569","1":"product","2":"type-product","3":"status-publish","4":"has-post-thumbnail","6":"brand-alpinestars-hr","7":"gender-unisex-hr","8":"product_cat-mx-naocale","9":"product_cat-oprema-za-motokros","11":"first","12":"instock","13":"sale","14":"taxable","15":"shipping-taxable","16":"purchasable","17":"product-type-simple"},"acf":[],"_links":{"self":[{"href":"https:\/\/moto-oprema.com\/hr\/wp-json\/wp\/v2\/product\/153569","targetHints":{"allow":["GET"]}}],"collection":[{"href":"https:\/\/moto-oprema.com\/hr\/wp-json\/wp\/v2\/product"}],"about":[{"href":"https:\/\/moto-oprema.com\/hr\/wp-json\/wp\/v2\/types\/product"}],"replies":[{"embeddable":true,"href":"https:\/\/moto-oprema.com\/hr\/wp-json\/wp\/v2\/comments?post=153569"}],"wp:featuredmedia":[{"embeddable":true,"href":"https:\/\/moto-oprema.com\/hr\/wp-json\/wp\/v2\/media\/32386"}],"wp:attachment":[{"href":"https:\/\/moto-oprema.com\/hr\/wp-json\/wp\/v2\/media?parent=153569"}],"wp:term":[{"taxonomy":"brand","embeddable":true,"href":"https:\/\/moto-oprema.com\/hr\/wp-json\/wp\/v2\/brand?post=153569"},{"taxonomy":"gender","embeddable":true,"href":"https:\/\/moto-oprema.com\/hr\/wp-json\/wp\/v2\/gender?post=153569"},{"taxonomy":"product_brand","embeddable":true,"href":"https:\/\/moto-oprema.com\/hr\/wp-json\/wp\/v2\/product_brand?post=153569"},{"taxonomy":"product_cat","embeddable":true,"href":"https:\/\/moto-oprema.com\/hr\/wp-json\/wp\/v2\/product_cat?post=153569"},{"taxonomy":"product_tag","embeddable":true,"href":"https:\/\/moto-oprema.com\/hr\/wp-json\/wp\/v2\/product_tag?post=153569"}],"curies":[{"name":"wp","href":"https:\/\/api.w.org\/{rel}","templated":true}]}}