{"id":153551,"date":"2024-03-05T11:36:31","date_gmt":"2024-03-05T11:36:31","guid":{"rendered":"https:\/\/moto-oprema.com\/Artikel\/airoh-mx-kaciga-wraaap-cyber-red\/"},"modified":"2024-03-05T11:36:31","modified_gmt":"2024-03-05T11:36:31","slug":"airoh-mx-kaciga-wraaap-cyber-red","status":"publish","type":"product","link":"https:\/\/moto-oprema.com\/hr\/Artikel\/airoh-mx-kaciga-wraaap-cyber-red\/","title":{"rendered":"AIROH MX KACIGA WRAAAP CYBER RED"},"content":{"rendered":"<p>Agresivan izgled i privla\u010dna grafika nadopunjuju vrhunsku opremu s HRT trostrukom \u0161koljkom, ventilacijskim sustavom najnovije generacije, istra\u017eenim i optimiziranim u zra\u010dnom tunelu, a to su samo neke od zna\u010dajki ovog inovativnog proizvoda. Sve \u0161to trebate u\u010diniti je \u017eivjeti svoju strast u potpunosti. Oslobodite svoj duh i osvojite svijet.  <\/p>\n<p>Zna\u010dajke:<\/p>\n<p>Dvostruki EPS sustav<br \/>\n ASN (Airoh klizna mre\u017ea) sustav<br \/>\n Uklonjiva unutarnja podstava<br \/>\n Tehni\u010dki podaci:<\/p>\n<p>Uloge: Veli\u010dina: 1: XXS &#8211; XXL<br \/>\n Te\u017eina: 1260 g (+\/- 50 g)<br \/>\n Materijal: HRT (termoplastika visoke otpornosti)<br \/>\n Zatvaranje: Dvostruko D<br \/>\n ECE: 22.06<\/p>\n<p>&nbsp;<\/p>\n","protected":false},"excerpt":{"rendered":"<p>Agresivan izgled i privla\u010dna grafika nadopunjuju vrhunsku opremu s HRT trostrukom \u0161koljkom, ventilacijskim sustavom najnovije generacije,&#8230;<\/p>\n","protected":false},"featured_media":26932,"comment_status":"open","ping_status":"open","template":"","meta":{"_acf_changed":false},"brand":[2768],"gender":[],"product_brand":[],"product_cat":[1356,2764,2733],"product_tag":[],"class_list":{"0":"post-153551","1":"product","2":"type-product","3":"status-publish","4":"has-post-thumbnail","6":"brand-airoh-hr","7":"product_cat-motociklisticka-oprema","8":"product_cat-mx-kacige","9":"product_cat-oprema-za-motokros","10":"pa_size-l-hr","11":"pa_size-m-hr","12":"pa_size-s-hr","13":"pa_size-xl-hr","14":"pa_size-xs-hr","15":"pa_size-xxl-hr","16":"pa_size-xxs-hr","18":"first","19":"instock","20":"sale","21":"taxable","22":"shipping-taxable","23":"purchasable","24":"product-type-variable"},"acf":[],"_links":{"self":[{"href":"https:\/\/moto-oprema.com\/hr\/wp-json\/wp\/v2\/product\/153551","targetHints":{"allow":["GET"]}}],"collection":[{"href":"https:\/\/moto-oprema.com\/hr\/wp-json\/wp\/v2\/product"}],"about":[{"href":"https:\/\/moto-oprema.com\/hr\/wp-json\/wp\/v2\/types\/product"}],"replies":[{"embeddable":true,"href":"https:\/\/moto-oprema.com\/hr\/wp-json\/wp\/v2\/comments?post=153551"}],"wp:featuredmedia":[{"embeddable":true,"href":"https:\/\/moto-oprema.com\/hr\/wp-json\/wp\/v2\/media\/26932"}],"wp:attachment":[{"href":"https:\/\/moto-oprema.com\/hr\/wp-json\/wp\/v2\/media?parent=153551"}],"wp:term":[{"taxonomy":"brand","embeddable":true,"href":"https:\/\/moto-oprema.com\/hr\/wp-json\/wp\/v2\/brand?post=153551"},{"taxonomy":"gender","embeddable":true,"href":"https:\/\/moto-oprema.com\/hr\/wp-json\/wp\/v2\/gender?post=153551"},{"taxonomy":"product_brand","embeddable":true,"href":"https:\/\/moto-oprema.com\/hr\/wp-json\/wp\/v2\/product_brand?post=153551"},{"taxonomy":"product_cat","embeddable":true,"href":"https:\/\/moto-oprema.com\/hr\/wp-json\/wp\/v2\/product_cat?post=153551"},{"taxonomy":"product_tag","embeddable":true,"href":"https:\/\/moto-oprema.com\/hr\/wp-json\/wp\/v2\/product_tag?post=153551"}],"curies":[{"name":"wp","href":"https:\/\/api.w.org\/{rel}","templated":true}]}}